{"id":2362,"date":"2018-02-20T12:53:11","date_gmt":"2018-02-20T11:53:11","guid":{"rendered":"https:\/\/www.villaombrosa.it\/isola-delba\/"},"modified":"2018-05-17T14:50:01","modified_gmt":"2018-05-17T12:50:01","slug":"ile-delbe","status":"publish","type":"page","link":"https:\/\/www.villaombrosa.it\/fr\/ile-delbe\/","title":{"rendered":"\u00cele d\u2019Elbe"},"content":{"rendered":"<div class=\"wpb-content-wrapper\"><p>[vc_row css=\u00a0\u00bb.vc_custom_1521025652938{padding-bottom: 50px !important;}\u00a0\u00bb][vc_column width=\u00a0\u00bb1\/2&Prime;][vc_custom_heading text=\u00a0\u00bb\u00cele d\u2019Elbe\u00a0\u00bb font_container=\u00a0\u00bbtag:h1|text_align:center\u00a0\u00bb use_theme_fonts=\u00a0\u00bbyes\u00a0\u00bb]<div style=\"background-color:;height: 30px\" class=\"nicdark_section  \"><\/div>[vc_separator el_width=\u00a0\u00bb50&Prime;][vc_column_text]La l\u00e9gende raconte que les \u00eeles de l\u2019Archipel toscan seraient n\u00e9es des sept perles du collier qu\u2019Aphrodite \u2013 d\u00e9esse de la beaut\u00e9, de l\u2019amour et de la sensualit\u00e9 &#8211; tentait de se mettre au cou, et qui tomb\u00e8rent dans la mer. L\u2019\u00cele d\u2019Elbe est la plus grande de ces \u00eeles. L\u2019Archipel toscan est un petit archipel de la Mer Tyrrh\u00e9nienne centrale et se compose de sept \u00eeles: <strong>Gorgona<\/strong>, <strong>Capraia<\/strong>, <strong>Elba<\/strong>, <strong>Pianosa<\/strong>, <strong>Montecristo<\/strong>, <strong>Giglio<\/strong> et <strong>Giannutri<\/strong>.<\/p>\n<p>&nbsp;<\/p>\n<p>Des ferry-boats et des hydroglisseurs assurent quotidiennement la navette entre l\u2019\u00eele et le continent. Une heure de navigation suffit \u00e0 couvrir les 10 kilom\u00e8tres qui la s\u00e9parent du continent.[\/vc_column_text][\/vc_column][vc_column width=\u00a0\u00bb1\/2&Prime;][vc_single_image image=\u00a0\u00bb2136&Prime; img_size=\u00a0\u00bblarge\u00a0\u00bb alignment=\u00a0\u00bbcenter\u00a0\u00bb][\/vc_column][\/vc_row][vc_row css=\u00a0\u00bb.vc_custom_1521025659582{padding-bottom: 50px !important;}\u00a0\u00bb][vc_column width=\u00a0\u00bb1\/2&Prime;][vc_single_image image=\u00a0\u00bb1575&Prime; img_size=\u00a0\u00bblarge\u00a0\u00bb alignment=\u00a0\u00bbcenter\u00a0\u00bb][\/vc_column][vc_column width=\u00a0\u00bb1\/2&Prime;][vc_column_text]Bien que ses c\u00f4tes ne s\u2019\u00e9tendent que sur un p\u00e9rim\u00e8tre d\u2019\u00e0 peine 147 kilom\u00e8tres, l\u2019\u00eele offre un climat doux et une multitude de paysages disparates: des romantiques villages de p\u00eacheurs aux villages accroch\u00e9s aux rochers, aux vieux ch\u00e2teaux, aux vall\u00e9es verdoyantes et aux golfes d\u2019une grande beaut\u00e9, s\u2019alternant \u00e0 de splendides plages de sable et de galets.<\/p>\n<p>&nbsp;<\/p>\n<p>Plages de r\u00eave, falaises \u00e0 couper le souffle, vertes collines aux parfums embaumants, for\u00eats d\u2019arbres s\u00e9culaires, villages silencieux d\u00e9ploy\u00e9s sur le bord de mer ou accroch\u00e9s sur des lignes de fa\u00eete. C\u2019est cela et bien d\u2019autres choses encore que vous d\u00e9couvrirez en visitant l\u2019\u00cele d\u2019Elbe, et en parcourant les nombreux sentiers sillonnant l\u2019int\u00e9rieur du Parc national, sac au dos, \u00e0 cheval ou en mountain-bike, ou encore en sillonnant sa mer cristalline \u00e0 bord d\u2019un cano\u00eb ou d\u2019un voilier.<\/p>\n<p>&nbsp;<\/p>\n<p>Des falaises abruptes, sombrant dans la mer cristalline, on passe, en quelques minutes, au massif granite du Monte Capanne, situ\u00e9 \u00e0 1019 m\u00e8tres d\u2019altitude.[\/vc_column_text][\/vc_column][\/vc_row][vc_row][vc_column width=\u00a0\u00bb1\/2&Prime;][vc_column_text]La pr\u00e9sence d\u2019innombrables t\u00e9moignages historiques et culturels, conjugu\u00e9s aux extraordinaires beaut\u00e9s naturelles, contribuent \u00e0 rendre cette \u00eele magique et unique au monde.<\/p>\n<p>&nbsp;<\/p>\n<p>Il est en effet particuli\u00e8rement rare de trouver un lieu aussi peu \u00e9tendu que l\u2019\u00cele d\u2019Elbe, pouvant s\u2019enorgueillir d\u2019un patrimoine historique et culturel aussi riche<br \/>\nUne histoire qui commence avec les Argonautes, en passant par les \u00c9trusques, les Romains, les M\u00e9dicis, jusqu\u2019\u00e0 la p\u00e9riode napol\u00e9onienne, o\u00f9, en d\u00e9pit de son bref exil, l\u2019empereur fran\u00e7ais laissa sur l\u2019\u00eele l\u2019empreinte ind\u00e9l\u00e9bile de son g\u00e9nie.[\/vc_column_text][\/vc_column][vc_column width=\u00a0\u00bb1\/2&Prime;][vc_single_image image=\u00a0\u00bb1576&Prime; img_size=\u00a0\u00bblarge\u00a0\u00bb alignment=\u00a0\u00bbcenter\u00a0\u00bb][\/vc_column][\/vc_row]<\/p>\n<\/div>","protected":false},"excerpt":{"rendered":"<p>[vc_row css=\u00a0\u00bb.vc_custom_1521025652938{padding-bottom: 50px !important;}\u00a0\u00bb][vc_column width=\u00a0\u00bb1\/2&Prime;][vc_custom_heading text=\u00a0\u00bb\u00cele d\u2019Elbe\u00a0\u00bb font_container=\u00a0\u00bbtag:h1|text_align:center\u00a0\u00bb use_theme_fonts=\u00a0\u00bbyes\u00a0\u00bb][vc_separator el_width=\u00a0\u00bb50&Prime;][vc_column_text]La l\u00e9gende raconte que les \u00eeles de l\u2019Archipel toscan seraient n\u00e9es des sept perles du collier qu\u2019Aphrodite \u2013 d\u00e9esse de la beaut\u00e9, de l\u2019amour et de la sensualit\u00e9 &#8211; tentait de se mettre au cou, et qui tomb\u00e8rent dans la mer. L\u2019\u00cele d\u2019Elbe est la plus [&hellip;]<\/p>\n","protected":false},"author":1,"featured_media":0,"parent":0,"menu_order":0,"comment_status":"closed","ping_status":"closed","template":"","meta":{"footnotes":""},"class_list":["post-2362","page","type-page","status-publish","hentry"],"yoast_head":"<!-- This site is optimized with the Yoast SEO plugin v26.6 - https:\/\/yoast.com\/wordpress\/plugins\/seo\/ -->\n<title>\u00cele d\u2019Elbe - Hotel Villa Ombrosa<\/title>\n<meta name=\"robots\" content=\"index, follow, max-snippet:-1, max-image-preview:large, max-video-preview:-1\" \/>\n<link rel=\"canonical\" href=\"https:\/\/www.villaombrosa.it\/fr\/ile-delbe\/\" \/>\n<meta property=\"og:locale\" content=\"fr_FR\" \/>\n<meta property=\"og:type\" content=\"article\" \/>\n<meta property=\"og:title\" content=\"\u00cele d\u2019Elbe - Hotel Villa Ombrosa\" \/>\n<meta property=\"og:description\" content=\"[vc_row css=\u00a0\u00bb.vc_custom_1521025652938{padding-bottom: 50px !important;}\u00a0\u00bb][vc_column width=\u00a0\u00bb1\/2&Prime;][vc_custom_heading text=\u00a0\u00bb\u00cele d\u2019Elbe\u00a0\u00bb font_container=\u00a0\u00bbtag:h1|text_align:center\u00a0\u00bb use_theme_fonts=\u00a0\u00bbyes\u00a0\u00bb][vc_separator el_width=\u00a0\u00bb50&Prime;][vc_column_text]La l\u00e9gende raconte que les \u00eeles de l\u2019Archipel toscan seraient n\u00e9es des sept perles du collier qu\u2019Aphrodite \u2013 d\u00e9esse de la beaut\u00e9, de l\u2019amour et de la sensualit\u00e9 &#8211; tentait de se mettre au cou, et qui tomb\u00e8rent dans la mer. L\u2019\u00cele d\u2019Elbe est la plus [&hellip;]\" \/>\n<meta property=\"og:url\" content=\"https:\/\/www.villaombrosa.it\/fr\/ile-delbe\/\" \/>\n<meta property=\"og:site_name\" content=\"Hotel Villa Ombrosa\" \/>\n<meta property=\"article:publisher\" content=\"http:\/\/www.facebook.com\/hotelvillaombrosa\" \/>\n<meta property=\"article:modified_time\" content=\"2018-05-17T12:50:01+00:00\" \/>\n<meta name=\"twitter:card\" content=\"summary_large_image\" \/>\n<meta name=\"twitter:label1\" content=\"Dur\u00e9e de lecture estim\u00e9e\" \/>\n\t<meta name=\"twitter:data1\" content=\"3 minutes\" \/>\n<script type=\"application\/ld+json\" class=\"yoast-schema-graph\">{\"@context\":\"https:\/\/schema.org\",\"@graph\":[{\"@type\":\"WebPage\",\"@id\":\"https:\/\/www.villaombrosa.it\/fr\/ile-delbe\/\",\"url\":\"https:\/\/www.villaombrosa.it\/fr\/ile-delbe\/\",\"name\":\"\u00cele d\u2019Elbe - Hotel Villa Ombrosa\",\"isPartOf\":{\"@id\":\"https:\/\/www.villaombrosa.it\/#website\"},\"datePublished\":\"2018-02-20T11:53:11+00:00\",\"dateModified\":\"2018-05-17T12:50:01+00:00\",\"breadcrumb\":{\"@id\":\"https:\/\/www.villaombrosa.it\/fr\/ile-delbe\/#breadcrumb\"},\"inLanguage\":\"fr-FR\",\"potentialAction\":[{\"@type\":\"ReadAction\",\"target\":[\"https:\/\/www.villaombrosa.it\/fr\/ile-delbe\/\"]}]},{\"@type\":\"BreadcrumbList\",\"@id\":\"https:\/\/www.villaombrosa.it\/fr\/ile-delbe\/#breadcrumb\",\"itemListElement\":[{\"@type\":\"ListItem\",\"position\":1,\"name\":\"Home\",\"item\":\"https:\/\/www.villaombrosa.it\/fr\/\"},{\"@type\":\"ListItem\",\"position\":2,\"name\":\"\u00cele d\u2019Elbe\"}]},{\"@type\":\"WebSite\",\"@id\":\"https:\/\/www.villaombrosa.it\/#website\",\"url\":\"https:\/\/www.villaombrosa.it\/\",\"name\":\"Hotel Villa Ombrosa\",\"description\":\"Vacanze all&#039;Isola d&#039;Elba affacciati sullo splendido golfo di Le Ghiaie\",\"publisher\":{\"@id\":\"https:\/\/www.villaombrosa.it\/#organization\"},\"potentialAction\":[{\"@type\":\"SearchAction\",\"target\":{\"@type\":\"EntryPoint\",\"urlTemplate\":\"https:\/\/www.villaombrosa.it\/?s={search_term_string}\"},\"query-input\":{\"@type\":\"PropertyValueSpecification\",\"valueRequired\":true,\"valueName\":\"search_term_string\"}}],\"inLanguage\":\"fr-FR\"},{\"@type\":\"Organization\",\"@id\":\"https:\/\/www.villaombrosa.it\/#organization\",\"name\":\"Hotel Villa Ombrosa\",\"url\":\"https:\/\/www.villaombrosa.it\/\",\"logo\":{\"@type\":\"ImageObject\",\"inLanguage\":\"fr-FR\",\"@id\":\"https:\/\/www.villaombrosa.it\/#\/schema\/logo\/image\/\",\"url\":\"https:\/\/www.villaombrosa.it\/wp-content\/uploads\/2018\/02\/logo-bianco.png\",\"contentUrl\":\"https:\/\/www.villaombrosa.it\/wp-content\/uploads\/2018\/02\/logo-bianco.png\",\"width\":250,\"height\":100,\"caption\":\"Hotel Villa Ombrosa\"},\"image\":{\"@id\":\"https:\/\/www.villaombrosa.it\/#\/schema\/logo\/image\/\"},\"sameAs\":[\"http:\/\/www.facebook.com\/hotelvillaombrosa\"]}]}<\/script>\n<!-- \/ Yoast SEO plugin. -->","yoast_head_json":{"title":"\u00cele d\u2019Elbe - Hotel Villa Ombrosa","robots":{"index":"index","follow":"follow","max-snippet":"max-snippet:-1","max-image-preview":"max-image-preview:large","max-video-preview":"max-video-preview:-1"},"canonical":"https:\/\/www.villaombrosa.it\/fr\/ile-delbe\/","og_locale":"fr_FR","og_type":"article","og_title":"\u00cele d\u2019Elbe - Hotel Villa Ombrosa","og_description":"[vc_row css=\u00a0\u00bb.vc_custom_1521025652938{padding-bottom: 50px !important;}\u00a0\u00bb][vc_column width=\u00a0\u00bb1\/2&Prime;][vc_custom_heading text=\u00a0\u00bb\u00cele d\u2019Elbe\u00a0\u00bb font_container=\u00a0\u00bbtag:h1|text_align:center\u00a0\u00bb use_theme_fonts=\u00a0\u00bbyes\u00a0\u00bb][vc_separator el_width=\u00a0\u00bb50&Prime;][vc_column_text]La l\u00e9gende raconte que les \u00eeles de l\u2019Archipel toscan seraient n\u00e9es des sept perles du collier qu\u2019Aphrodite \u2013 d\u00e9esse de la beaut\u00e9, de l\u2019amour et de la sensualit\u00e9 &#8211; tentait de se mettre au cou, et qui tomb\u00e8rent dans la mer. L\u2019\u00cele d\u2019Elbe est la plus [&hellip;]","og_url":"https:\/\/www.villaombrosa.it\/fr\/ile-delbe\/","og_site_name":"Hotel Villa Ombrosa","article_publisher":"http:\/\/www.facebook.com\/hotelvillaombrosa","article_modified_time":"2018-05-17T12:50:01+00:00","twitter_card":"summary_large_image","twitter_misc":{"Dur\u00e9e de lecture estim\u00e9e":"3 minutes"},"schema":{"@context":"https:\/\/schema.org","@graph":[{"@type":"WebPage","@id":"https:\/\/www.villaombrosa.it\/fr\/ile-delbe\/","url":"https:\/\/www.villaombrosa.it\/fr\/ile-delbe\/","name":"\u00cele d\u2019Elbe - Hotel Villa Ombrosa","isPartOf":{"@id":"https:\/\/www.villaombrosa.it\/#website"},"datePublished":"2018-02-20T11:53:11+00:00","dateModified":"2018-05-17T12:50:01+00:00","breadcrumb":{"@id":"https:\/\/www.villaombrosa.it\/fr\/ile-delbe\/#breadcrumb"},"inLanguage":"fr-FR","potentialAction":[{"@type":"ReadAction","target":["https:\/\/www.villaombrosa.it\/fr\/ile-delbe\/"]}]},{"@type":"BreadcrumbList","@id":"https:\/\/www.villaombrosa.it\/fr\/ile-delbe\/#breadcrumb","itemListElement":[{"@type":"ListItem","position":1,"name":"Home","item":"https:\/\/www.villaombrosa.it\/fr\/"},{"@type":"ListItem","position":2,"name":"\u00cele d\u2019Elbe"}]},{"@type":"WebSite","@id":"https:\/\/www.villaombrosa.it\/#website","url":"https:\/\/www.villaombrosa.it\/","name":"Hotel Villa Ombrosa","description":"Vacanze all&#039;Isola d&#039;Elba affacciati sullo splendido golfo di Le Ghiaie","publisher":{"@id":"https:\/\/www.villaombrosa.it\/#organization"},"potentialAction":[{"@type":"SearchAction","target":{"@type":"EntryPoint","urlTemplate":"https:\/\/www.villaombrosa.it\/?s={search_term_string}"},"query-input":{"@type":"PropertyValueSpecification","valueRequired":true,"valueName":"search_term_string"}}],"inLanguage":"fr-FR"},{"@type":"Organization","@id":"https:\/\/www.villaombrosa.it\/#organization","name":"Hotel Villa Ombrosa","url":"https:\/\/www.villaombrosa.it\/","logo":{"@type":"ImageObject","inLanguage":"fr-FR","@id":"https:\/\/www.villaombrosa.it\/#\/schema\/logo\/image\/","url":"https:\/\/www.villaombrosa.it\/wp-content\/uploads\/2018\/02\/logo-bianco.png","contentUrl":"https:\/\/www.villaombrosa.it\/wp-content\/uploads\/2018\/02\/logo-bianco.png","width":250,"height":100,"caption":"Hotel Villa Ombrosa"},"image":{"@id":"https:\/\/www.villaombrosa.it\/#\/schema\/logo\/image\/"},"sameAs":["http:\/\/www.facebook.com\/hotelvillaombrosa"]}]}},"_links":{"self":[{"href":"https:\/\/www.villaombrosa.it\/fr\/wp-json\/wp\/v2\/pages\/2362","targetHints":{"allow":["GET"]}}],"collection":[{"href":"https:\/\/www.villaombrosa.it\/fr\/wp-json\/wp\/v2\/pages"}],"about":[{"href":"https:\/\/www.villaombrosa.it\/fr\/wp-json\/wp\/v2\/types\/page"}],"author":[{"embeddable":true,"href":"https:\/\/www.villaombrosa.it\/fr\/wp-json\/wp\/v2\/users\/1"}],"replies":[{"embeddable":true,"href":"https:\/\/www.villaombrosa.it\/fr\/wp-json\/wp\/v2\/comments?post=2362"}],"version-history":[{"count":3,"href":"https:\/\/www.villaombrosa.it\/fr\/wp-json\/wp\/v2\/pages\/2362\/revisions"}],"predecessor-version":[{"id":2365,"href":"https:\/\/www.villaombrosa.it\/fr\/wp-json\/wp\/v2\/pages\/2362\/revisions\/2365"}],"wp:attachment":[{"href":"https:\/\/www.villaombrosa.it\/fr\/wp-json\/wp\/v2\/media?parent=2362"}],"curies":[{"name":"wp","href":"https:\/\/api.w.org\/{rel}","templated":true}]}}