{"id":2347,"date":"2018-02-21T09:28:58","date_gmt":"2018-02-21T08:28:58","guid":{"rendered":"https:\/\/www.villaombrosa.it\/hotel\/"},"modified":"2025-12-17T16:01:39","modified_gmt":"2025-12-17T15:01:39","slug":"hotel","status":"publish","type":"page","link":"https:\/\/www.villaombrosa.it\/fr\/hotel\/","title":{"rendered":"Hotel"},"content":{"rendered":"<div class=\"wpb-content-wrapper\"><p>[vc_row css=\u00a0\u00bb.vc_custom_1521024768364{padding-bottom: 50px !important;}\u00a0\u00bb][vc_column width=\u00a0\u00bb1\/2&Prime;][vc_custom_heading text=\u00a0\u00bbH\u00f4tel sur la mer \u00e0 l&rsquo;\u00eele d&rsquo;Elbe\u00a0\u00bb font_container=\u00a0\u00bbtag:h1|text_align:center\u00a0\u00bb use_theme_fonts=\u00a0\u00bbyes\u00a0\u00bb]<div style=\"background-color:;height: 30px\" class=\"nicdark_section  \"><\/div>[vc_separator el_width=\u00a0\u00bb50&Prime;][vc_column_text]L\u2019H\u00f4tel Villa Ombrosa s\u2019int\u00e8gre dans la splendide plage \u00ab\u00a0Le Ghiaie\u00a0\u00bb, face aux eaux limpides du golfe, \u00e0 proximit\u00e9 du centre de Portoferraio, mais absolument loin de la foule.[\/vc_column_text][vc_column_text]R\u00e9cemment restructur\u00e9, l\u2019h\u00f4tel poss\u00e8de un style architectural tr\u00e8s particulier et empreint d\u2019une grande \u00e9l\u00e9gance. Rien n\u2019a \u00e9t\u00e9 laiss\u00e9 au hasard: de la finition des chambres \u00e0 l\u2019entretien des jardins, chaque d\u00e9tail a \u00e9t\u00e9 savamment \u00e9tudi\u00e9 pour cr\u00e9er une atmosph\u00e8re v\u00e9ritablement exclusive.[\/vc_column_text][\/vc_column][vc_column width=\u00a0\u00bb1\/2&Prime;][vc_single_image image=\u00a0\u00bb2631&Prime; img_size=\u00a0\u00bblarge\u00a0\u00bb alignment=\u00a0\u00bbcenter\u00a0\u00bb][\/vc_column][\/vc_row][vc_row css=\u00a0\u00bb.vc_custom_1521024774742{padding-bottom: 50px !important;}\u00a0\u00bb][vc_column width=\u00a0\u00bb1\/2&Prime;][vc_single_image image=\u00a0\u00bb2575&Prime; img_size=\u00a0\u00bblarge\u00a0\u00bb][\/vc_column][vc_column width=\u00a0\u00bb1\/2&Prime;][vc_custom_heading text=\u00a0\u00bbRelax\u00a0\u00bb font_container=\u00a0\u00bbtag:h2|text_align:center\u00a0\u00bb use_theme_fonts=\u00a0\u00bbyes\u00a0\u00bb]<div style=\"background-color:;height: 30px\" class=\"nicdark_section  \"><\/div>[vc_separator el_width=\u00a0\u00bb50&Prime;][vc_column_text]Situ\u00e9 dans une situation panoramique, il est dot\u00e9 d\u2019espaces ext\u00e9rieurs, d\u2019une plage priv\u00e9e, de terrasses et d\u2019un parc de ch\u00eanes s\u00e9culaires, o\u00f9 il fait bon se relaxer.[\/vc_column_text][vc_column_text]Les chambres sont toutes dot\u00e9es de salle de bains priv\u00e9e, TV satellitaire, connexion \u00e0 internet Wi-Fi (free), t\u00e9l\u00e9phone, climatiseur et frigo-bar.<\/p>\n<p>&nbsp;<\/p>\n<p>Toutes les zones publiques et la plage sont couvertes par le Wi-Fi.[\/vc_column_text][\/vc_column][\/vc_row][vc_row full_width=\u00a0\u00bbstretch_row\u00a0\u00bb content_placement=\u00a0\u00bbmiddle\u00a0\u00bb parallax=\u00a0\u00bbcontent-moving\u00a0\u00bb parallax_image=\u00a0\u00bb1776&Prime; css=\u00a0\u00bb.vc_custom_1521101168361{padding-top: 85px !important;padding-bottom: 85px !important;}\u00a0\u00bb el_class=\u00a0\u00bbnd_options_vc_parallax_filter_1_3&Prime;][vc_column width=\u00a0\u00bb1\/2&Prime;]<div style=\"background-color:;height: 15px\" class=\"nicdark_section  \"><\/div> <h2 style=\"color:#ffffff;padding:px;text-align:;font-size:50px;line-height:50px;letter-spacing: px;font-weight:normal\" class=\"   nd_options_first_font \">Services<\/h2> <div style=\"background-color:;height: 40px\" class=\"nicdark_section  \"><\/div> <p style=\"color:#ffffff;padding:px;text-align:;font-size:16px;line-height:25px;letter-spacing: 2px;font-weight:lighter\" class=\"   nd_options_first_font \">Connexion internet Wi-Fi (free), salle de billard, animaux domestiques admis, gestion de groupes, ascenseur, bar, coffre-fort, parking priv\u00e9 couvert, baby-sitting, plage priv\u00e9e \u00e9quip\u00e9e et gratuite.<\/p> <div style=\"background-color:;height: 40px\" class=\"nicdark_section  \"><\/div>[\/vc_column][vc_column width=\u00a0\u00bb1\/4&Prime;]<div style=\"background-color:;height: 15px\" class=\"nicdark_section  \"><\/div>\n\n    <div class=\"nd_options_section nd_options_bg_white nd_options_border_radius_15 nd_options_services_7_page \">\n                                        \n        <div class=\"nd_options_section nd_options_box_sizing_border_box nd_options_padding_20 nd_options_text_align_center\">\n            \n            <img decoding=\"async\" alt=\"\" width=\"40\" src=\"https:\/\/www.villaombrosa.it\/wp-content\/uploads\/2017\/07\/icon-12-1.png\">\n            <div class=\"nd_options_section nd_options_height_5\"><\/div>\n            <h1 class=\"nd_options_font_size_40\">WiFi<\/h1>\n            <div class=\"nd_options_section nd_options_height_10\"><\/div>\n            <h4 class=\"nd_options_color_grey nd_options_font_size_12 nd_options_text_transform_uppercase nd_options_letter_spacing_3 nd_options_second_font nd_options_font_weight_lighter\"><\/h4>\n\n        <\/div>\n\n    <\/div>\n\n  <div style=\"background-color:;height: 30px\" class=\"nicdark_section  \"><\/div>\n\n    <div class=\"nd_options_section nd_options_bg_white nd_options_border_radius_15 nd_options_services_7_page \">\n                                        \n        <div class=\"nd_options_section nd_options_box_sizing_border_box nd_options_padding_20 nd_options_text_align_center\">\n            \n            <img decoding=\"async\" alt=\"\" width=\"40\" src=\"https:\/\/www.villaombrosa.it\/wp-content\/uploads\/2017\/07\/icon-17.png\">\n            <div class=\"nd_options_section nd_options_height_5\"><\/div>\n            <h1 class=\"nd_options_font_size_40\">Restaurant<\/h1>\n            <div class=\"nd_options_section nd_options_height_10\"><\/div>\n            <h4 class=\"nd_options_color_grey nd_options_font_size_12 nd_options_text_transform_uppercase nd_options_letter_spacing_3 nd_options_second_font nd_options_font_weight_lighter\"><\/h4>\n\n        <\/div>\n\n    <\/div>\n\n  <div style=\"background-color:;height: 30px\" class=\"nicdark_section  \"><\/div>\n\n    <div class=\"nd_options_section nd_options_bg_white nd_options_border_radius_15 nd_options_services_7_page \">\n                                        \n        <div class=\"nd_options_section nd_options_box_sizing_border_box nd_options_padding_20 nd_options_text_align_center\">\n            \n            <img decoding=\"async\" alt=\"\" width=\"40\" src=\"https:\/\/www.villaombrosa.it\/wp-content\/uploads\/2025\/12\/icon-recharge.png\">\n            <div class=\"nd_options_section nd_options_height_5\"><\/div>\n            <h1 class=\"nd_options_font_size_40\">Recharge<\/h1>\n            <div class=\"nd_options_section nd_options_height_10\"><\/div>\n            <h4 class=\"nd_options_color_grey nd_options_font_size_12 nd_options_text_transform_uppercase nd_options_letter_spacing_3 nd_options_second_font nd_options_font_weight_lighter\">Bornes de recharge pour voitures \u00e9lectriques<\/h4>\n\n        <\/div>\n\n    <\/div>\n\n  <div style=\"background-color:;height: 15px\" class=\"nicdark_section  \"><\/div>[\/vc_column][vc_column width=\u00a0\u00bb1\/4&Prime;]<div style=\"background-color:;height: 15px\" class=\"nicdark_section  \"><\/div>\n\n    <div class=\"nd_options_section nd_options_bg_white nd_options_border_radius_15 nd_options_services_7_page \">\n                                        \n        <div class=\"nd_options_section nd_options_box_sizing_border_box nd_options_padding_20 nd_options_text_align_center\">\n            \n            <img decoding=\"async\" alt=\"\" width=\"40\" src=\"https:\/\/www.villaombrosa.it\/wp-content\/uploads\/2017\/07\/icon-18.png\">\n            <div class=\"nd_options_section nd_options_height_5\"><\/div>\n            <h1 class=\"nd_options_font_size_40\">Tv Sat<\/h1>\n            <div class=\"nd_options_section nd_options_height_10\"><\/div>\n            <h4 class=\"nd_options_color_grey nd_options_font_size_12 nd_options_text_transform_uppercase nd_options_letter_spacing_3 nd_options_second_font nd_options_font_weight_lighter\"><\/h4>\n\n        <\/div>\n\n    <\/div>\n\n  <div style=\"background-color:;height: 30px\" class=\"nicdark_section  \"><\/div>\n\n    <div class=\"nd_options_section nd_options_bg_white nd_options_border_radius_15 nd_options_services_7_page \">\n                                        \n        <div class=\"nd_options_section nd_options_box_sizing_border_box nd_options_padding_20 nd_options_text_align_center\">\n            \n            <img decoding=\"async\" alt=\"\" width=\"40\" src=\"https:\/\/www.villaombrosa.it\/wp-content\/uploads\/2017\/07\/icon-11-1.png\">\n            <div class=\"nd_options_section nd_options_height_5\"><\/div>\n            <h1 class=\"nd_options_font_size_40\">Plage<\/h1>\n            <div class=\"nd_options_section nd_options_height_10\"><\/div>\n            <h4 class=\"nd_options_color_grey nd_options_font_size_12 nd_options_text_transform_uppercase nd_options_letter_spacing_3 nd_options_second_font nd_options_font_weight_lighter\"><\/h4>\n\n        <\/div>\n\n    <\/div>\n\n  <div style=\"background-color:;height: 15px\" class=\"nicdark_section  \"><\/div>[\/vc_column][\/vc_row][vc_row css=\u00a0\u00bb.vc_custom_1521102924305{padding-top: 50px !important;}\u00a0\u00bb][vc_column][vc_column_text]<\/p>\n<h3>Conventions<\/h3>\n<p>&nbsp;<\/p>\n<p><img loading=\"lazy\" decoding=\"async\" class=\"wp-image-1895 alignleft\" src=\"https:\/\/www.villaombrosa.it\/wp-content\/uploads\/2018\/03\/terme-san-giovanni-300x247.png\" alt=\"\" width=\"150\" height=\"124\" \/>Notre h\u00f4tel a activ\u00e9 un accord avec le spa <a href=\"http:\/\/www.termelbane.com\/\" target=\"_blank\" rel=\"noopener\"><strong>Terme Elbane di San Giovanni<\/strong><\/a>, avec une r\u00e9duction de 10% et un minimum de 7 nuits pour les patients du spa.[\/vc_column_text][\/vc_column][\/vc_row]<\/p>\n<\/div>","protected":false},"excerpt":{"rendered":"<p>[vc_row css=\u00a0\u00bb.vc_custom_1521024768364{padding-bottom: 50px !important;}\u00a0\u00bb][vc_column width=\u00a0\u00bb1\/2&Prime;][vc_custom_heading text=\u00a0\u00bbH\u00f4tel sur la mer \u00e0 l&rsquo;\u00eele d&rsquo;Elbe\u00a0\u00bb font_container=\u00a0\u00bbtag:h1|text_align:center\u00a0\u00bb use_theme_fonts=\u00a0\u00bbyes\u00a0\u00bb][vc_separator el_width=\u00a0\u00bb50&Prime;][vc_column_text]L\u2019H\u00f4tel Villa Ombrosa s\u2019int\u00e8gre dans la splendide plage \u00ab\u00a0Le Ghiaie\u00a0\u00bb, face aux eaux limpides du golfe, \u00e0 proximit\u00e9 du centre de Portoferraio, mais absolument loin de la foule.[\/vc_column_text][vc_column_text]R\u00e9cemment restructur\u00e9, l\u2019h\u00f4tel poss\u00e8de un style architectural tr\u00e8s particulier et empreint d\u2019une grande \u00e9l\u00e9gance. [&hellip;]<\/p>\n","protected":false},"author":1,"featured_media":0,"parent":0,"menu_order":0,"comment_status":"closed","ping_status":"closed","template":"","meta":{"footnotes":""},"class_list":["post-2347","page","type-page","status-publish","hentry"],"yoast_head":"<!-- This site is optimized with the Yoast SEO plugin v26.6 - https:\/\/yoast.com\/wordpress\/plugins\/seo\/ -->\n<title>Hotel - Hotel Villa Ombrosa<\/title>\n<meta name=\"robots\" content=\"index, follow, max-snippet:-1, max-image-preview:large, max-video-preview:-1\" \/>\n<link rel=\"canonical\" href=\"https:\/\/www.villaombrosa.it\/fr\/hotel\/\" \/>\n<meta property=\"og:locale\" content=\"fr_FR\" \/>\n<meta property=\"og:type\" content=\"article\" \/>\n<meta property=\"og:title\" content=\"Hotel - Hotel Villa Ombrosa\" \/>\n<meta property=\"og:description\" content=\"[vc_row css=\u00a0\u00bb.vc_custom_1521024768364{padding-bottom: 50px !important;}\u00a0\u00bb][vc_column width=\u00a0\u00bb1\/2&Prime;][vc_custom_heading text=\u00a0\u00bbH\u00f4tel sur la mer \u00e0 l&rsquo;\u00eele d&rsquo;Elbe\u00a0\u00bb font_container=\u00a0\u00bbtag:h1|text_align:center\u00a0\u00bb use_theme_fonts=\u00a0\u00bbyes\u00a0\u00bb][vc_separator el_width=\u00a0\u00bb50&Prime;][vc_column_text]L\u2019H\u00f4tel Villa Ombrosa s\u2019int\u00e8gre dans la splendide plage \u00ab\u00a0Le Ghiaie\u00a0\u00bb, face aux eaux limpides du golfe, \u00e0 proximit\u00e9 du centre de Portoferraio, mais absolument loin de la foule.[\/vc_column_text][vc_column_text]R\u00e9cemment restructur\u00e9, l\u2019h\u00f4tel poss\u00e8de un style architectural tr\u00e8s particulier et empreint d\u2019une grande \u00e9l\u00e9gance. [&hellip;]\" \/>\n<meta property=\"og:url\" content=\"https:\/\/www.villaombrosa.it\/fr\/hotel\/\" \/>\n<meta property=\"og:site_name\" content=\"Hotel Villa Ombrosa\" \/>\n<meta property=\"article:publisher\" content=\"http:\/\/www.facebook.com\/hotelvillaombrosa\" \/>\n<meta property=\"article:modified_time\" content=\"2025-12-17T15:01:39+00:00\" \/>\n<meta property=\"og:image\" content=\"https:\/\/www.villaombrosa.it\/wp-content\/uploads\/2018\/03\/terme-san-giovanni-300x247.png\" \/>\n<meta name=\"twitter:card\" content=\"summary_large_image\" \/>\n<meta name=\"twitter:label1\" content=\"Dur\u00e9e de lecture estim\u00e9e\" \/>\n\t<meta name=\"twitter:data1\" content=\"4 minutes\" \/>\n<script type=\"application\/ld+json\" class=\"yoast-schema-graph\">{\"@context\":\"https:\/\/schema.org\",\"@graph\":[{\"@type\":\"WebPage\",\"@id\":\"https:\/\/www.villaombrosa.it\/fr\/hotel\/\",\"url\":\"https:\/\/www.villaombrosa.it\/fr\/hotel\/\",\"name\":\"Hotel - Hotel Villa Ombrosa\",\"isPartOf\":{\"@id\":\"https:\/\/www.villaombrosa.it\/#website\"},\"primaryImageOfPage\":{\"@id\":\"https:\/\/www.villaombrosa.it\/fr\/hotel\/#primaryimage\"},\"image\":{\"@id\":\"https:\/\/www.villaombrosa.it\/fr\/hotel\/#primaryimage\"},\"thumbnailUrl\":\"https:\/\/www.villaombrosa.it\/wp-content\/uploads\/2018\/03\/terme-san-giovanni-300x247.png\",\"datePublished\":\"2018-02-21T08:28:58+00:00\",\"dateModified\":\"2025-12-17T15:01:39+00:00\",\"breadcrumb\":{\"@id\":\"https:\/\/www.villaombrosa.it\/fr\/hotel\/#breadcrumb\"},\"inLanguage\":\"fr-FR\",\"potentialAction\":[{\"@type\":\"ReadAction\",\"target\":[\"https:\/\/www.villaombrosa.it\/fr\/hotel\/\"]}]},{\"@type\":\"ImageObject\",\"inLanguage\":\"fr-FR\",\"@id\":\"https:\/\/www.villaombrosa.it\/fr\/hotel\/#primaryimage\",\"url\":\"https:\/\/www.villaombrosa.it\/wp-content\/uploads\/2018\/03\/terme-san-giovanni-300x247.png\",\"contentUrl\":\"https:\/\/www.villaombrosa.it\/wp-content\/uploads\/2018\/03\/terme-san-giovanni-300x247.png\"},{\"@type\":\"BreadcrumbList\",\"@id\":\"https:\/\/www.villaombrosa.it\/fr\/hotel\/#breadcrumb\",\"itemListElement\":[{\"@type\":\"ListItem\",\"position\":1,\"name\":\"Home\",\"item\":\"https:\/\/www.villaombrosa.it\/fr\/\"},{\"@type\":\"ListItem\",\"position\":2,\"name\":\"Hotel\"}]},{\"@type\":\"WebSite\",\"@id\":\"https:\/\/www.villaombrosa.it\/#website\",\"url\":\"https:\/\/www.villaombrosa.it\/\",\"name\":\"Hotel Villa Ombrosa\",\"description\":\"Vacanze all&#039;Isola d&#039;Elba affacciati sullo splendido golfo di Le Ghiaie\",\"publisher\":{\"@id\":\"https:\/\/www.villaombrosa.it\/#organization\"},\"potentialAction\":[{\"@type\":\"SearchAction\",\"target\":{\"@type\":\"EntryPoint\",\"urlTemplate\":\"https:\/\/www.villaombrosa.it\/?s={search_term_string}\"},\"query-input\":{\"@type\":\"PropertyValueSpecification\",\"valueRequired\":true,\"valueName\":\"search_term_string\"}}],\"inLanguage\":\"fr-FR\"},{\"@type\":\"Organization\",\"@id\":\"https:\/\/www.villaombrosa.it\/#organization\",\"name\":\"Hotel Villa Ombrosa\",\"url\":\"https:\/\/www.villaombrosa.it\/\",\"logo\":{\"@type\":\"ImageObject\",\"inLanguage\":\"fr-FR\",\"@id\":\"https:\/\/www.villaombrosa.it\/#\/schema\/logo\/image\/\",\"url\":\"https:\/\/www.villaombrosa.it\/wp-content\/uploads\/2018\/02\/logo-bianco.png\",\"contentUrl\":\"https:\/\/www.villaombrosa.it\/wp-content\/uploads\/2018\/02\/logo-bianco.png\",\"width\":250,\"height\":100,\"caption\":\"Hotel Villa Ombrosa\"},\"image\":{\"@id\":\"https:\/\/www.villaombrosa.it\/#\/schema\/logo\/image\/\"},\"sameAs\":[\"http:\/\/www.facebook.com\/hotelvillaombrosa\"]}]}<\/script>\n<!-- \/ Yoast SEO plugin. -->","yoast_head_json":{"title":"Hotel - Hotel Villa Ombrosa","robots":{"index":"index","follow":"follow","max-snippet":"max-snippet:-1","max-image-preview":"max-image-preview:large","max-video-preview":"max-video-preview:-1"},"canonical":"https:\/\/www.villaombrosa.it\/fr\/hotel\/","og_locale":"fr_FR","og_type":"article","og_title":"Hotel - Hotel Villa Ombrosa","og_description":"[vc_row css=\u00a0\u00bb.vc_custom_1521024768364{padding-bottom: 50px !important;}\u00a0\u00bb][vc_column width=\u00a0\u00bb1\/2&Prime;][vc_custom_heading text=\u00a0\u00bbH\u00f4tel sur la mer \u00e0 l&rsquo;\u00eele d&rsquo;Elbe\u00a0\u00bb font_container=\u00a0\u00bbtag:h1|text_align:center\u00a0\u00bb use_theme_fonts=\u00a0\u00bbyes\u00a0\u00bb][vc_separator el_width=\u00a0\u00bb50&Prime;][vc_column_text]L\u2019H\u00f4tel Villa Ombrosa s\u2019int\u00e8gre dans la splendide plage \u00ab\u00a0Le Ghiaie\u00a0\u00bb, face aux eaux limpides du golfe, \u00e0 proximit\u00e9 du centre de Portoferraio, mais absolument loin de la foule.[\/vc_column_text][vc_column_text]R\u00e9cemment restructur\u00e9, l\u2019h\u00f4tel poss\u00e8de un style architectural tr\u00e8s particulier et empreint d\u2019une grande \u00e9l\u00e9gance. [&hellip;]","og_url":"https:\/\/www.villaombrosa.it\/fr\/hotel\/","og_site_name":"Hotel Villa Ombrosa","article_publisher":"http:\/\/www.facebook.com\/hotelvillaombrosa","article_modified_time":"2025-12-17T15:01:39+00:00","og_image":[{"url":"https:\/\/www.villaombrosa.it\/wp-content\/uploads\/2018\/03\/terme-san-giovanni-300x247.png","type":"","width":"","height":""}],"twitter_card":"summary_large_image","twitter_misc":{"Dur\u00e9e de lecture estim\u00e9e":"4 minutes"},"schema":{"@context":"https:\/\/schema.org","@graph":[{"@type":"WebPage","@id":"https:\/\/www.villaombrosa.it\/fr\/hotel\/","url":"https:\/\/www.villaombrosa.it\/fr\/hotel\/","name":"Hotel - Hotel Villa Ombrosa","isPartOf":{"@id":"https:\/\/www.villaombrosa.it\/#website"},"primaryImageOfPage":{"@id":"https:\/\/www.villaombrosa.it\/fr\/hotel\/#primaryimage"},"image":{"@id":"https:\/\/www.villaombrosa.it\/fr\/hotel\/#primaryimage"},"thumbnailUrl":"https:\/\/www.villaombrosa.it\/wp-content\/uploads\/2018\/03\/terme-san-giovanni-300x247.png","datePublished":"2018-02-21T08:28:58+00:00","dateModified":"2025-12-17T15:01:39+00:00","breadcrumb":{"@id":"https:\/\/www.villaombrosa.it\/fr\/hotel\/#breadcrumb"},"inLanguage":"fr-FR","potentialAction":[{"@type":"ReadAction","target":["https:\/\/www.villaombrosa.it\/fr\/hotel\/"]}]},{"@type":"ImageObject","inLanguage":"fr-FR","@id":"https:\/\/www.villaombrosa.it\/fr\/hotel\/#primaryimage","url":"https:\/\/www.villaombrosa.it\/wp-content\/uploads\/2018\/03\/terme-san-giovanni-300x247.png","contentUrl":"https:\/\/www.villaombrosa.it\/wp-content\/uploads\/2018\/03\/terme-san-giovanni-300x247.png"},{"@type":"BreadcrumbList","@id":"https:\/\/www.villaombrosa.it\/fr\/hotel\/#breadcrumb","itemListElement":[{"@type":"ListItem","position":1,"name":"Home","item":"https:\/\/www.villaombrosa.it\/fr\/"},{"@type":"ListItem","position":2,"name":"Hotel"}]},{"@type":"WebSite","@id":"https:\/\/www.villaombrosa.it\/#website","url":"https:\/\/www.villaombrosa.it\/","name":"Hotel Villa Ombrosa","description":"Vacanze all&#039;Isola d&#039;Elba affacciati sullo splendido golfo di Le Ghiaie","publisher":{"@id":"https:\/\/www.villaombrosa.it\/#organization"},"potentialAction":[{"@type":"SearchAction","target":{"@type":"EntryPoint","urlTemplate":"https:\/\/www.villaombrosa.it\/?s={search_term_string}"},"query-input":{"@type":"PropertyValueSpecification","valueRequired":true,"valueName":"search_term_string"}}],"inLanguage":"fr-FR"},{"@type":"Organization","@id":"https:\/\/www.villaombrosa.it\/#organization","name":"Hotel Villa Ombrosa","url":"https:\/\/www.villaombrosa.it\/","logo":{"@type":"ImageObject","inLanguage":"fr-FR","@id":"https:\/\/www.villaombrosa.it\/#\/schema\/logo\/image\/","url":"https:\/\/www.villaombrosa.it\/wp-content\/uploads\/2018\/02\/logo-bianco.png","contentUrl":"https:\/\/www.villaombrosa.it\/wp-content\/uploads\/2018\/02\/logo-bianco.png","width":250,"height":100,"caption":"Hotel Villa Ombrosa"},"image":{"@id":"https:\/\/www.villaombrosa.it\/#\/schema\/logo\/image\/"},"sameAs":["http:\/\/www.facebook.com\/hotelvillaombrosa"]}]}},"_links":{"self":[{"href":"https:\/\/www.villaombrosa.it\/fr\/wp-json\/wp\/v2\/pages\/2347","targetHints":{"allow":["GET"]}}],"collection":[{"href":"https:\/\/www.villaombrosa.it\/fr\/wp-json\/wp\/v2\/pages"}],"about":[{"href":"https:\/\/www.villaombrosa.it\/fr\/wp-json\/wp\/v2\/types\/page"}],"author":[{"embeddable":true,"href":"https:\/\/www.villaombrosa.it\/fr\/wp-json\/wp\/v2\/users\/1"}],"replies":[{"embeddable":true,"href":"https:\/\/www.villaombrosa.it\/fr\/wp-json\/wp\/v2\/comments?post=2347"}],"version-history":[{"count":7,"href":"https:\/\/www.villaombrosa.it\/fr\/wp-json\/wp\/v2\/pages\/2347\/revisions"}],"predecessor-version":[{"id":3682,"href":"https:\/\/www.villaombrosa.it\/fr\/wp-json\/wp\/v2\/pages\/2347\/revisions\/3682"}],"wp:attachment":[{"href":"https:\/\/www.villaombrosa.it\/fr\/wp-json\/wp\/v2\/media?parent=2347"}],"curies":[{"name":"wp","href":"https:\/\/api.w.org\/{rel}","templated":true}]}}