{"id":2341,"date":"2018-02-20T15:41:34","date_gmt":"2018-02-20T14:41:34","guid":{"rendered":"https:\/\/www.villaombrosa.it\/come-arrivare\/"},"modified":"2019-04-29T15:54:24","modified_gmt":"2019-04-29T13:54:24","slug":"comment-arriver","status":"publish","type":"page","link":"https:\/\/www.villaombrosa.it\/fr\/comment-arriver\/","title":{"rendered":"Comment arriver"},"content":{"rendered":"<div class=\"wpb-content-wrapper\"><p>[vc_row css=\u00a0\u00bb.vc_custom_1521028166896{padding-bottom: 50px !important;}\u00a0\u00bb][vc_column width=\u00a0\u00bb1\/2&Prime;][vc_custom_heading text=\u00a0\u00bbComment arriver\u00a0\u00bb font_container=\u00a0\u00bbtag:h1|text_align:center\u00a0\u00bb use_theme_fonts=\u00a0\u00bbyes\u00a0\u00bb]<div style=\"background-color:;height: 30px\" class=\"nicdark_section  \"><\/div>[vc_separator el_width=\u00a0\u00bb50&Prime;][vc_column_text]Prendre la direction \u00ab\u00a0Portoferraio Centro\u00a0\u00bb, que vous arriviez de l\u2019ext\u00e9rieur de Portoferraio ou du port.<\/p>\n<p>&nbsp;<\/p>\n<p>Au carrefour o\u00f9 vous trouverez l\u2019indication \u00ab\u00a0Porto\/Centro\/Spiaggia delle Ghiaie\u00a0\u00bb, tournez \u00e0 gauche en direction de \u00ab\u00a0<strong>Spiaggia delle Ghiaie<\/strong>\u00a0\u00bb Viale Manzoni. Au bout de 400 m\u00e8tres, la route commence \u00e0 monter. L\u2019<strong>H\u00f4tel Villa Ombrosa<\/strong> se trouve sur la gauche.<\/p>\n<p>&nbsp;<\/p>\n<p>Quoiqu\u2019il en soit, des panneaux indiquant la direction \u00e0 suivre pour rejoindre nos structure sont pr\u00e9sents \u00e0 tous les carrefours de Portoferraio.[\/vc_column_text][\/vc_column][vc_column width=\u00a0\u00bb1\/2&Prime;][vc_gmaps link=\u00a0\u00bb#E-8_JTNDaWZyYW1lJTIwc3JjJTNEJTIyaHR0cHMlM0ElMkYlMkZ3d3cuZ29vZ2xlLmNvbSUyRm1hcHMlMkZlbWJlZCUzRnBiJTNEJTIxMW0yNiUyMTFtMTIlMjExbTMlMjExZDk4NDQuMzAwMDI3OTkzNiUyMTJkMTAuMzE0OTgwMjcwMDI5MDUlMjEzZDQyLjgxNTIzNTU1ODQ5OTU5NSUyMTJtMyUyMTFmMCUyMTJmMCUyMTNmMCUyMTNtMiUyMTFpMTAyNCUyMTJpNzY4JTIxNGYxMy4xJTIxNG0xMSUyMTNlMiUyMTRtMyUyMTNtMiUyMTFkNDIuODEyOTY1NSUyMTJkMTAuMzIyNjcxMzk5OTk5OTk5JTIxNG01JTIxMXMweDEyZDYzNmU1ZDdkMGEzYzclMjUzQTB4ZjFiYzUwYmE3YzI2MjdlZiUyMTJzSG90ZWwlMkJWaWxsYSUyQk9tYnJvc2ElMjUyQyUyQlZpYSUyQkFsY2lkZSUyQkRlJTJCR2FzcGVyaSUyNTJDJTJCUG9ydG9mZXJyYWlvJTI1MkMlMkJMSSUyMTNtMiUyMTFkNDIuODE2NjU5JTIxMmQxMC4zMjIwNTQ2OTk5OTk5OTklMjE1ZTAlMjEzbTIlMjExc2l0JTIxMnNpdCUyMTR2MTUyNDgzODc1NzQyNiUyMiUyMHdpZHRoJTNEJTIyNjAwJTIyJTIwaGVpZ2h0JTNEJTIyNDUwJTIyJTIwZnJhbWVib3JkZXIlM0QlMjIwJTIyJTIwc3R5bGUlM0QlMjJib3JkZXIlM0EwJTIyJTIwYWxsb3dmdWxsc2NyZWVuJTNFJTNDJTJGaWZyYW1lJTNF\u00a0\u00bb][\/vc_column][\/vc_row][vc_row][vc_column][vc_custom_heading text=\u00a0\u00bbComment atteindre l&rsquo;\u00eele d&rsquo;Elbe\u00a0\u00bb font_container=\u00a0\u00bbtag:h2|text_align:center\u00a0\u00bb use_theme_fonts=\u00a0\u00bbyes\u00a0\u00bb]<div style=\"background-color:;height: 30px\" class=\"nicdark_section  \"><\/div>[vc_column_text]On peut rejoindre l\u2019\u00cele d\u2019Elbe en voiture, en s\u2019embarquant \u00e0 Piombino Marittima, o\u00f9 4 compagnies de navigation (Toremar, Moby Lines, Blu Navy e Corsica Ferries) disposent de confortables ferry-boats effectuant la navette plusieurs fois par jour durant la p\u00e9riode estivale.<\/p>\n<p>&nbsp;<\/p>\n<p>Une heure de navigation suffit pour parcourir les 10 kilom\u00e8tres qui s\u00e9parent l\u2019\u00eele du continent, et atteindre les ports de Portoferraio, de Porto Azzurro et de Rio Marina. Il existe \u00e9galement une liaison rapide par hydroglisseur, uniquement pour le transport de passagers: en 20 minutes, il rejoint Cavo, un hameau de Rio Marina, et poursuit sa route vers Portoferraio, qu\u2019il atteint apr\u00e8s 15 minutes de navigation.<\/p>\n<p>&nbsp;<\/p>\n<p><strong>EN VOITURE<\/strong><\/p>\n<p><strong>Du Nord<\/strong>: Autoroute A12 pour G\u00e8nes-Livourne, sortir \u00e0 Rosignano.<br \/>\nEmprunter ensuite la S.S Aurelia jusqu\u2019\u00e0 Venturina-Isola d&rsquo; Elba et de l\u00e0, poursuivre jusqu\u2019\u00e0 Piombino Marittima.<\/p>\n<p>&nbsp;<\/p>\n<p><strong>Du Nord-Est:<\/strong> Autoroute A1 Bologne-Florence-Pise-Livourne, sortir \u00e0 Rosignano. Emprunter ensuite la S.S Aurelia jusqu\u2019\u00e0 Venturina-Isola d&rsquo;Elba, et de l\u00e0 poursuivre jusqu\u2019\u00e0 Piombino Marittima. Autre possibilit\u00e9, si l\u2019on emprunte la route \u00e0 grande communication Florence-Pise-Livourne: sortir \u00e0 Firenze Signa et suivre la voie expresse jusqu\u2019\u00e0 Collesalvetti; reprendre l\u2019autoroute jusqu\u2019\u00e0 Rosignano Marittimo, puis prendre la voie expresse jusqu\u2019\u00e0 Venturina, poursuivre jusqu\u2019\u00e0 Piombino Marittima.<\/p>\n<p>&nbsp;<\/p>\n<p><strong>Du Sud<\/strong>: Autoroute A12 Roma-Grosseto S.S Aurelia sortie Venturina-Isola d&rsquo; Elba, poursuivre jusqu\u2019\u00e0 Piombino Marittima.<\/p>\n<p>&nbsp;<\/p>\n<p><strong>EN AVION<\/strong><\/p>\n<p><a href=\"http:\/\/www.elbaisland-airport.it\/\" target=\"_blank\" rel=\"noopener\">A\u00e9roport de Marina di Campo<\/a>.[\/vc_column_text][\/vc_column][\/vc_row]<\/p>\n<\/div>","protected":false},"excerpt":{"rendered":"<p>[vc_row css=\u00a0\u00bb.vc_custom_1521028166896{padding-bottom: 50px !important;}\u00a0\u00bb][vc_column width=\u00a0\u00bb1\/2&Prime;][vc_custom_heading text=\u00a0\u00bbComment arriver\u00a0\u00bb font_container=\u00a0\u00bbtag:h1|text_align:center\u00a0\u00bb use_theme_fonts=\u00a0\u00bbyes\u00a0\u00bb][vc_separator el_width=\u00a0\u00bb50&Prime;][vc_column_text]Prendre la direction \u00ab\u00a0Portoferraio Centro\u00a0\u00bb, que vous arriviez de l\u2019ext\u00e9rieur de Portoferraio ou du port. &nbsp; Au carrefour o\u00f9 vous trouverez l\u2019indication \u00ab\u00a0Porto\/Centro\/Spiaggia delle Ghiaie\u00a0\u00bb, tournez \u00e0 gauche en direction de \u00ab\u00a0Spiaggia delle Ghiaie\u00a0\u00bb Viale Manzoni. Au bout de 400 m\u00e8tres, la route commence \u00e0 monter. [&hellip;]<\/p>\n","protected":false},"author":1,"featured_media":0,"parent":0,"menu_order":0,"comment_status":"closed","ping_status":"closed","template":"","meta":{"footnotes":""},"class_list":["post-2341","page","type-page","status-publish","hentry"],"yoast_head":"<!-- This site is optimized with the Yoast SEO plugin v26.6 - https:\/\/yoast.com\/wordpress\/plugins\/seo\/ -->\n<title>Comment arriver - Hotel Villa Ombrosa<\/title>\n<meta name=\"robots\" content=\"index, follow, max-snippet:-1, max-image-preview:large, max-video-preview:-1\" \/>\n<link rel=\"canonical\" href=\"https:\/\/www.villaombrosa.it\/fr\/comment-arriver\/\" \/>\n<meta property=\"og:locale\" content=\"fr_FR\" \/>\n<meta property=\"og:type\" content=\"article\" \/>\n<meta property=\"og:title\" content=\"Comment arriver - Hotel Villa Ombrosa\" \/>\n<meta property=\"og:description\" content=\"[vc_row css=\u00a0\u00bb.vc_custom_1521028166896{padding-bottom: 50px !important;}\u00a0\u00bb][vc_column width=\u00a0\u00bb1\/2&Prime;][vc_custom_heading text=\u00a0\u00bbComment arriver\u00a0\u00bb font_container=\u00a0\u00bbtag:h1|text_align:center\u00a0\u00bb use_theme_fonts=\u00a0\u00bbyes\u00a0\u00bb][vc_separator el_width=\u00a0\u00bb50&Prime;][vc_column_text]Prendre la direction \u00ab\u00a0Portoferraio Centro\u00a0\u00bb, que vous arriviez de l\u2019ext\u00e9rieur de Portoferraio ou du port. &nbsp; Au carrefour o\u00f9 vous trouverez l\u2019indication \u00ab\u00a0Porto\/Centro\/Spiaggia delle Ghiaie\u00a0\u00bb, tournez \u00e0 gauche en direction de \u00ab\u00a0Spiaggia delle Ghiaie\u00a0\u00bb Viale Manzoni. Au bout de 400 m\u00e8tres, la route commence \u00e0 monter. [&hellip;]\" \/>\n<meta property=\"og:url\" content=\"https:\/\/www.villaombrosa.it\/fr\/comment-arriver\/\" \/>\n<meta property=\"og:site_name\" content=\"Hotel Villa Ombrosa\" \/>\n<meta property=\"article:publisher\" content=\"http:\/\/www.facebook.com\/hotelvillaombrosa\" \/>\n<meta property=\"article:modified_time\" content=\"2019-04-29T13:54:24+00:00\" \/>\n<meta name=\"twitter:card\" content=\"summary_large_image\" \/>\n<meta name=\"twitter:label1\" content=\"Dur\u00e9e de lecture estim\u00e9e\" \/>\n\t<meta name=\"twitter:data1\" content=\"2 minutes\" \/>\n<script type=\"application\/ld+json\" class=\"yoast-schema-graph\">{\"@context\":\"https:\/\/schema.org\",\"@graph\":[{\"@type\":\"WebPage\",\"@id\":\"https:\/\/www.villaombrosa.it\/fr\/comment-arriver\/\",\"url\":\"https:\/\/www.villaombrosa.it\/fr\/comment-arriver\/\",\"name\":\"Comment arriver - Hotel Villa Ombrosa\",\"isPartOf\":{\"@id\":\"https:\/\/www.villaombrosa.it\/#website\"},\"datePublished\":\"2018-02-20T14:41:34+00:00\",\"dateModified\":\"2019-04-29T13:54:24+00:00\",\"breadcrumb\":{\"@id\":\"https:\/\/www.villaombrosa.it\/fr\/comment-arriver\/#breadcrumb\"},\"inLanguage\":\"fr-FR\",\"potentialAction\":[{\"@type\":\"ReadAction\",\"target\":[\"https:\/\/www.villaombrosa.it\/fr\/comment-arriver\/\"]}]},{\"@type\":\"BreadcrumbList\",\"@id\":\"https:\/\/www.villaombrosa.it\/fr\/comment-arriver\/#breadcrumb\",\"itemListElement\":[{\"@type\":\"ListItem\",\"position\":1,\"name\":\"Home\",\"item\":\"https:\/\/www.villaombrosa.it\/fr\/\"},{\"@type\":\"ListItem\",\"position\":2,\"name\":\"Comment arriver\"}]},{\"@type\":\"WebSite\",\"@id\":\"https:\/\/www.villaombrosa.it\/#website\",\"url\":\"https:\/\/www.villaombrosa.it\/\",\"name\":\"Hotel Villa Ombrosa\",\"description\":\"Vacanze all&#039;Isola d&#039;Elba affacciati sullo splendido golfo di Le Ghiaie\",\"publisher\":{\"@id\":\"https:\/\/www.villaombrosa.it\/#organization\"},\"potentialAction\":[{\"@type\":\"SearchAction\",\"target\":{\"@type\":\"EntryPoint\",\"urlTemplate\":\"https:\/\/www.villaombrosa.it\/?s={search_term_string}\"},\"query-input\":{\"@type\":\"PropertyValueSpecification\",\"valueRequired\":true,\"valueName\":\"search_term_string\"}}],\"inLanguage\":\"fr-FR\"},{\"@type\":\"Organization\",\"@id\":\"https:\/\/www.villaombrosa.it\/#organization\",\"name\":\"Hotel Villa Ombrosa\",\"url\":\"https:\/\/www.villaombrosa.it\/\",\"logo\":{\"@type\":\"ImageObject\",\"inLanguage\":\"fr-FR\",\"@id\":\"https:\/\/www.villaombrosa.it\/#\/schema\/logo\/image\/\",\"url\":\"https:\/\/www.villaombrosa.it\/wp-content\/uploads\/2018\/02\/logo-bianco.png\",\"contentUrl\":\"https:\/\/www.villaombrosa.it\/wp-content\/uploads\/2018\/02\/logo-bianco.png\",\"width\":250,\"height\":100,\"caption\":\"Hotel Villa Ombrosa\"},\"image\":{\"@id\":\"https:\/\/www.villaombrosa.it\/#\/schema\/logo\/image\/\"},\"sameAs\":[\"http:\/\/www.facebook.com\/hotelvillaombrosa\"]}]}<\/script>\n<!-- \/ Yoast SEO plugin. -->","yoast_head_json":{"title":"Comment arriver - Hotel Villa Ombrosa","robots":{"index":"index","follow":"follow","max-snippet":"max-snippet:-1","max-image-preview":"max-image-preview:large","max-video-preview":"max-video-preview:-1"},"canonical":"https:\/\/www.villaombrosa.it\/fr\/comment-arriver\/","og_locale":"fr_FR","og_type":"article","og_title":"Comment arriver - Hotel Villa Ombrosa","og_description":"[vc_row css=\u00a0\u00bb.vc_custom_1521028166896{padding-bottom: 50px !important;}\u00a0\u00bb][vc_column width=\u00a0\u00bb1\/2&Prime;][vc_custom_heading text=\u00a0\u00bbComment arriver\u00a0\u00bb font_container=\u00a0\u00bbtag:h1|text_align:center\u00a0\u00bb use_theme_fonts=\u00a0\u00bbyes\u00a0\u00bb][vc_separator el_width=\u00a0\u00bb50&Prime;][vc_column_text]Prendre la direction \u00ab\u00a0Portoferraio Centro\u00a0\u00bb, que vous arriviez de l\u2019ext\u00e9rieur de Portoferraio ou du port. &nbsp; Au carrefour o\u00f9 vous trouverez l\u2019indication \u00ab\u00a0Porto\/Centro\/Spiaggia delle Ghiaie\u00a0\u00bb, tournez \u00e0 gauche en direction de \u00ab\u00a0Spiaggia delle Ghiaie\u00a0\u00bb Viale Manzoni. Au bout de 400 m\u00e8tres, la route commence \u00e0 monter. [&hellip;]","og_url":"https:\/\/www.villaombrosa.it\/fr\/comment-arriver\/","og_site_name":"Hotel Villa Ombrosa","article_publisher":"http:\/\/www.facebook.com\/hotelvillaombrosa","article_modified_time":"2019-04-29T13:54:24+00:00","twitter_card":"summary_large_image","twitter_misc":{"Dur\u00e9e de lecture estim\u00e9e":"2 minutes"},"schema":{"@context":"https:\/\/schema.org","@graph":[{"@type":"WebPage","@id":"https:\/\/www.villaombrosa.it\/fr\/comment-arriver\/","url":"https:\/\/www.villaombrosa.it\/fr\/comment-arriver\/","name":"Comment arriver - Hotel Villa Ombrosa","isPartOf":{"@id":"https:\/\/www.villaombrosa.it\/#website"},"datePublished":"2018-02-20T14:41:34+00:00","dateModified":"2019-04-29T13:54:24+00:00","breadcrumb":{"@id":"https:\/\/www.villaombrosa.it\/fr\/comment-arriver\/#breadcrumb"},"inLanguage":"fr-FR","potentialAction":[{"@type":"ReadAction","target":["https:\/\/www.villaombrosa.it\/fr\/comment-arriver\/"]}]},{"@type":"BreadcrumbList","@id":"https:\/\/www.villaombrosa.it\/fr\/comment-arriver\/#breadcrumb","itemListElement":[{"@type":"ListItem","position":1,"name":"Home","item":"https:\/\/www.villaombrosa.it\/fr\/"},{"@type":"ListItem","position":2,"name":"Comment arriver"}]},{"@type":"WebSite","@id":"https:\/\/www.villaombrosa.it\/#website","url":"https:\/\/www.villaombrosa.it\/","name":"Hotel Villa Ombrosa","description":"Vacanze all&#039;Isola d&#039;Elba affacciati sullo splendido golfo di Le Ghiaie","publisher":{"@id":"https:\/\/www.villaombrosa.it\/#organization"},"potentialAction":[{"@type":"SearchAction","target":{"@type":"EntryPoint","urlTemplate":"https:\/\/www.villaombrosa.it\/?s={search_term_string}"},"query-input":{"@type":"PropertyValueSpecification","valueRequired":true,"valueName":"search_term_string"}}],"inLanguage":"fr-FR"},{"@type":"Organization","@id":"https:\/\/www.villaombrosa.it\/#organization","name":"Hotel Villa Ombrosa","url":"https:\/\/www.villaombrosa.it\/","logo":{"@type":"ImageObject","inLanguage":"fr-FR","@id":"https:\/\/www.villaombrosa.it\/#\/schema\/logo\/image\/","url":"https:\/\/www.villaombrosa.it\/wp-content\/uploads\/2018\/02\/logo-bianco.png","contentUrl":"https:\/\/www.villaombrosa.it\/wp-content\/uploads\/2018\/02\/logo-bianco.png","width":250,"height":100,"caption":"Hotel Villa Ombrosa"},"image":{"@id":"https:\/\/www.villaombrosa.it\/#\/schema\/logo\/image\/"},"sameAs":["http:\/\/www.facebook.com\/hotelvillaombrosa"]}]}},"_links":{"self":[{"href":"https:\/\/www.villaombrosa.it\/fr\/wp-json\/wp\/v2\/pages\/2341","targetHints":{"allow":["GET"]}}],"collection":[{"href":"https:\/\/www.villaombrosa.it\/fr\/wp-json\/wp\/v2\/pages"}],"about":[{"href":"https:\/\/www.villaombrosa.it\/fr\/wp-json\/wp\/v2\/types\/page"}],"author":[{"embeddable":true,"href":"https:\/\/www.villaombrosa.it\/fr\/wp-json\/wp\/v2\/users\/1"}],"replies":[{"embeddable":true,"href":"https:\/\/www.villaombrosa.it\/fr\/wp-json\/wp\/v2\/comments?post=2341"}],"version-history":[{"count":3,"href":"https:\/\/www.villaombrosa.it\/fr\/wp-json\/wp\/v2\/pages\/2341\/revisions"}],"predecessor-version":[{"id":2966,"href":"https:\/\/www.villaombrosa.it\/fr\/wp-json\/wp\/v2\/pages\/2341\/revisions\/2966"}],"wp:attachment":[{"href":"https:\/\/www.villaombrosa.it\/fr\/wp-json\/wp\/v2\/media?parent=2341"}],"curies":[{"name":"wp","href":"https:\/\/api.w.org\/{rel}","templated":true}]}}