{"id":2318,"date":"2018-04-23T15:48:50","date_gmt":"2018-04-23T13:48:50","guid":{"rendered":"https:\/\/www.villaombrosa.it\/chambres\/camere-standard-classic\/"},"modified":"2018-05-17T12:35:51","modified_gmt":"2018-05-17T10:35:51","slug":"chambres-standard-classiques","status":"publish","type":"page","link":"https:\/\/www.villaombrosa.it\/fr\/chambres\/chambres-standard-classiques\/","title":{"rendered":"Chambres Standard classiques"},"content":{"rendered":"<div class=\"wpb-content-wrapper\"><p>[vc_row css=\u00a0\u00bb.vc_custom_1521025652938{padding-bottom: 50px !important;}\u00a0\u00bb][vc_column width=\u00a0\u00bb1\/2&Prime;][vc_custom_heading text=\u00a0\u00bbChambres Standard classiques\u00a0\u00bb font_container=\u00a0\u00bbtag:h1|text_align:center\u00a0\u00bb use_theme_fonts=\u00a0\u00bbyes\u00a0\u00bb]<div style=\"background-color:;height: 30px\" class=\"nicdark_section  \"><\/div>[vc_separator el_width=\u00a0\u00bb50&Prime;][vc_column_text]Chambre tranquille avec vue sur le jardin.<\/p>\n<p>&nbsp;<\/p>\n<p>Les chambres sont dot\u00e9es d\u2019un lit deux places ou de lits jumeaux, et peuvent accueillir un troisi\u00e8me et un quatri\u00e8me lit. Certaines sont dot\u00e9es d\u2019un petit balcon.[\/vc_column_text]<div style=\"background-color:;height: 20px\" class=\"nicdark_section  \"><\/div>[vc_column_text]<\/p>\n<h3>INCLUS<\/h3>\n<ul>\n<li>Coffre-fort<\/li>\n<li>Climatisation<\/li>\n<li>TV satellitaire<\/li>\n<li>Wi-Fi<\/li>\n<\/ul>\n<h3>CO\u00dbT SUPPL\u00c9MENTAIRE<\/h3>\n<ul>\n<li>Service de blanchisserie<\/li>\n<li>Service en chambre 24\/24<\/li>\n<li>Mini Bar<\/li>\n<\/ul>\n<h3>SUR DEMANDE<\/h3>\n<ul>\n<li>Bouilloire \u00e9lectrique<\/li>\n<\/ul>\n<p>[\/vc_column_text][\/vc_column][vc_column width=\u00a0\u00bb1\/2&Prime;][vc_single_image image=\u00a0\u00bb2004&Prime; img_size=\u00a0\u00bblarge\u00a0\u00bb alignment=\u00a0\u00bbcenter\u00a0\u00bb][vc_single_image image=\u00a0\u00bb2005&Prime; img_size=\u00a0\u00bblarge\u00a0\u00bb alignment=\u00a0\u00bbcenter\u00a0\u00bb][\/vc_column][\/vc_row]<\/p>\n<\/div>","protected":false},"excerpt":{"rendered":"<p>[vc_row css=\u00a0\u00bb.vc_custom_1521025652938{padding-bottom: 50px !important;}\u00a0\u00bb][vc_column width=\u00a0\u00bb1\/2&Prime;][vc_custom_heading text=\u00a0\u00bbChambres Standard classiques\u00a0\u00bb font_container=\u00a0\u00bbtag:h1|text_align:center\u00a0\u00bb use_theme_fonts=\u00a0\u00bbyes\u00a0\u00bb][vc_separator el_width=\u00a0\u00bb50&Prime;][vc_column_text]Chambre tranquille avec vue sur le jardin. &nbsp; Les chambres sont dot\u00e9es d\u2019un lit deux places ou de lits jumeaux, et peuvent accueillir un troisi\u00e8me et un quatri\u00e8me lit. Certaines sont dot\u00e9es d\u2019un petit balcon.[\/vc_column_text][vc_column_text] INCLUS Coffre-fort Climatisation TV satellitaire Wi-Fi CO\u00dbT SUPPL\u00c9MENTAIRE Service de [&hellip;]<\/p>\n","protected":false},"author":1,"featured_media":0,"parent":2314,"menu_order":0,"comment_status":"closed","ping_status":"closed","template":"","meta":{"footnotes":""},"class_list":["post-2318","page","type-page","status-publish","hentry"],"yoast_head":"<!-- This site is optimized with the Yoast SEO plugin v26.6 - https:\/\/yoast.com\/wordpress\/plugins\/seo\/ -->\n<title>Chambres Standard classiques - Hotel Villa Ombrosa<\/title>\n<meta name=\"robots\" content=\"index, follow, max-snippet:-1, max-image-preview:large, max-video-preview:-1\" \/>\n<link rel=\"canonical\" href=\"https:\/\/www.villaombrosa.it\/fr\/chambres\/chambres-standard-classiques\/\" \/>\n<meta property=\"og:locale\" content=\"fr_FR\" \/>\n<meta property=\"og:type\" content=\"article\" \/>\n<meta property=\"og:title\" content=\"Chambres Standard classiques - Hotel Villa Ombrosa\" \/>\n<meta property=\"og:description\" content=\"[vc_row css=\u00a0\u00bb.vc_custom_1521025652938{padding-bottom: 50px !important;}\u00a0\u00bb][vc_column width=\u00a0\u00bb1\/2&Prime;][vc_custom_heading text=\u00a0\u00bbChambres Standard classiques\u00a0\u00bb font_container=\u00a0\u00bbtag:h1|text_align:center\u00a0\u00bb use_theme_fonts=\u00a0\u00bbyes\u00a0\u00bb][vc_separator el_width=\u00a0\u00bb50&Prime;][vc_column_text]Chambre tranquille avec vue sur le jardin. &nbsp; Les chambres sont dot\u00e9es d\u2019un lit deux places ou de lits jumeaux, et peuvent accueillir un troisi\u00e8me et un quatri\u00e8me lit. Certaines sont dot\u00e9es d\u2019un petit balcon.[\/vc_column_text][vc_column_text] INCLUS Coffre-fort Climatisation TV satellitaire Wi-Fi CO\u00dbT SUPPL\u00c9MENTAIRE Service de [&hellip;]\" \/>\n<meta property=\"og:url\" content=\"https:\/\/www.villaombrosa.it\/fr\/chambres\/chambres-standard-classiques\/\" \/>\n<meta property=\"og:site_name\" content=\"Hotel Villa Ombrosa\" \/>\n<meta property=\"article:publisher\" content=\"http:\/\/www.facebook.com\/hotelvillaombrosa\" \/>\n<meta property=\"article:modified_time\" content=\"2018-05-17T10:35:51+00:00\" \/>\n<meta name=\"twitter:card\" content=\"summary_large_image\" \/>\n<meta name=\"twitter:label1\" content=\"Dur\u00e9e de lecture estim\u00e9e\" \/>\n\t<meta name=\"twitter:data1\" content=\"1 minute\" \/>\n<script type=\"application\/ld+json\" class=\"yoast-schema-graph\">{\"@context\":\"https:\/\/schema.org\",\"@graph\":[{\"@type\":\"WebPage\",\"@id\":\"https:\/\/www.villaombrosa.it\/fr\/chambres\/chambres-standard-classiques\/\",\"url\":\"https:\/\/www.villaombrosa.it\/fr\/chambres\/chambres-standard-classiques\/\",\"name\":\"Chambres Standard classiques - Hotel Villa Ombrosa\",\"isPartOf\":{\"@id\":\"https:\/\/www.villaombrosa.it\/#website\"},\"datePublished\":\"2018-04-23T13:48:50+00:00\",\"dateModified\":\"2018-05-17T10:35:51+00:00\",\"breadcrumb\":{\"@id\":\"https:\/\/www.villaombrosa.it\/fr\/chambres\/chambres-standard-classiques\/#breadcrumb\"},\"inLanguage\":\"fr-FR\",\"potentialAction\":[{\"@type\":\"ReadAction\",\"target\":[\"https:\/\/www.villaombrosa.it\/fr\/chambres\/chambres-standard-classiques\/\"]}]},{\"@type\":\"BreadcrumbList\",\"@id\":\"https:\/\/www.villaombrosa.it\/fr\/chambres\/chambres-standard-classiques\/#breadcrumb\",\"itemListElement\":[{\"@type\":\"ListItem\",\"position\":1,\"name\":\"Home\",\"item\":\"https:\/\/www.villaombrosa.it\/fr\/\"},{\"@type\":\"ListItem\",\"position\":2,\"name\":\"Chambres\",\"item\":\"https:\/\/www.villaombrosa.it\/fr\/chambres\/\"},{\"@type\":\"ListItem\",\"position\":3,\"name\":\"Chambres Standard classiques\"}]},{\"@type\":\"WebSite\",\"@id\":\"https:\/\/www.villaombrosa.it\/#website\",\"url\":\"https:\/\/www.villaombrosa.it\/\",\"name\":\"Hotel Villa Ombrosa\",\"description\":\"Vacanze all&#039;Isola d&#039;Elba affacciati sullo splendido golfo di Le Ghiaie\",\"publisher\":{\"@id\":\"https:\/\/www.villaombrosa.it\/#organization\"},\"potentialAction\":[{\"@type\":\"SearchAction\",\"target\":{\"@type\":\"EntryPoint\",\"urlTemplate\":\"https:\/\/www.villaombrosa.it\/?s={search_term_string}\"},\"query-input\":{\"@type\":\"PropertyValueSpecification\",\"valueRequired\":true,\"valueName\":\"search_term_string\"}}],\"inLanguage\":\"fr-FR\"},{\"@type\":\"Organization\",\"@id\":\"https:\/\/www.villaombrosa.it\/#organization\",\"name\":\"Hotel Villa Ombrosa\",\"url\":\"https:\/\/www.villaombrosa.it\/\",\"logo\":{\"@type\":\"ImageObject\",\"inLanguage\":\"fr-FR\",\"@id\":\"https:\/\/www.villaombrosa.it\/#\/schema\/logo\/image\/\",\"url\":\"https:\/\/www.villaombrosa.it\/wp-content\/uploads\/2018\/02\/logo-bianco.png\",\"contentUrl\":\"https:\/\/www.villaombrosa.it\/wp-content\/uploads\/2018\/02\/logo-bianco.png\",\"width\":250,\"height\":100,\"caption\":\"Hotel Villa Ombrosa\"},\"image\":{\"@id\":\"https:\/\/www.villaombrosa.it\/#\/schema\/logo\/image\/\"},\"sameAs\":[\"http:\/\/www.facebook.com\/hotelvillaombrosa\"]}]}<\/script>\n<!-- \/ Yoast SEO plugin. -->","yoast_head_json":{"title":"Chambres Standard classiques - Hotel Villa Ombrosa","robots":{"index":"index","follow":"follow","max-snippet":"max-snippet:-1","max-image-preview":"max-image-preview:large","max-video-preview":"max-video-preview:-1"},"canonical":"https:\/\/www.villaombrosa.it\/fr\/chambres\/chambres-standard-classiques\/","og_locale":"fr_FR","og_type":"article","og_title":"Chambres Standard classiques - Hotel Villa Ombrosa","og_description":"[vc_row css=\u00a0\u00bb.vc_custom_1521025652938{padding-bottom: 50px !important;}\u00a0\u00bb][vc_column width=\u00a0\u00bb1\/2&Prime;][vc_custom_heading text=\u00a0\u00bbChambres Standard classiques\u00a0\u00bb font_container=\u00a0\u00bbtag:h1|text_align:center\u00a0\u00bb use_theme_fonts=\u00a0\u00bbyes\u00a0\u00bb][vc_separator el_width=\u00a0\u00bb50&Prime;][vc_column_text]Chambre tranquille avec vue sur le jardin. &nbsp; Les chambres sont dot\u00e9es d\u2019un lit deux places ou de lits jumeaux, et peuvent accueillir un troisi\u00e8me et un quatri\u00e8me lit. Certaines sont dot\u00e9es d\u2019un petit balcon.[\/vc_column_text][vc_column_text] INCLUS Coffre-fort Climatisation TV satellitaire Wi-Fi CO\u00dbT SUPPL\u00c9MENTAIRE Service de [&hellip;]","og_url":"https:\/\/www.villaombrosa.it\/fr\/chambres\/chambres-standard-classiques\/","og_site_name":"Hotel Villa Ombrosa","article_publisher":"http:\/\/www.facebook.com\/hotelvillaombrosa","article_modified_time":"2018-05-17T10:35:51+00:00","twitter_card":"summary_large_image","twitter_misc":{"Dur\u00e9e de lecture estim\u00e9e":"1 minute"},"schema":{"@context":"https:\/\/schema.org","@graph":[{"@type":"WebPage","@id":"https:\/\/www.villaombrosa.it\/fr\/chambres\/chambres-standard-classiques\/","url":"https:\/\/www.villaombrosa.it\/fr\/chambres\/chambres-standard-classiques\/","name":"Chambres Standard classiques - Hotel Villa Ombrosa","isPartOf":{"@id":"https:\/\/www.villaombrosa.it\/#website"},"datePublished":"2018-04-23T13:48:50+00:00","dateModified":"2018-05-17T10:35:51+00:00","breadcrumb":{"@id":"https:\/\/www.villaombrosa.it\/fr\/chambres\/chambres-standard-classiques\/#breadcrumb"},"inLanguage":"fr-FR","potentialAction":[{"@type":"ReadAction","target":["https:\/\/www.villaombrosa.it\/fr\/chambres\/chambres-standard-classiques\/"]}]},{"@type":"BreadcrumbList","@id":"https:\/\/www.villaombrosa.it\/fr\/chambres\/chambres-standard-classiques\/#breadcrumb","itemListElement":[{"@type":"ListItem","position":1,"name":"Home","item":"https:\/\/www.villaombrosa.it\/fr\/"},{"@type":"ListItem","position":2,"name":"Chambres","item":"https:\/\/www.villaombrosa.it\/fr\/chambres\/"},{"@type":"ListItem","position":3,"name":"Chambres Standard classiques"}]},{"@type":"WebSite","@id":"https:\/\/www.villaombrosa.it\/#website","url":"https:\/\/www.villaombrosa.it\/","name":"Hotel Villa Ombrosa","description":"Vacanze all&#039;Isola d&#039;Elba affacciati sullo splendido golfo di Le Ghiaie","publisher":{"@id":"https:\/\/www.villaombrosa.it\/#organization"},"potentialAction":[{"@type":"SearchAction","target":{"@type":"EntryPoint","urlTemplate":"https:\/\/www.villaombrosa.it\/?s={search_term_string}"},"query-input":{"@type":"PropertyValueSpecification","valueRequired":true,"valueName":"search_term_string"}}],"inLanguage":"fr-FR"},{"@type":"Organization","@id":"https:\/\/www.villaombrosa.it\/#organization","name":"Hotel Villa Ombrosa","url":"https:\/\/www.villaombrosa.it\/","logo":{"@type":"ImageObject","inLanguage":"fr-FR","@id":"https:\/\/www.villaombrosa.it\/#\/schema\/logo\/image\/","url":"https:\/\/www.villaombrosa.it\/wp-content\/uploads\/2018\/02\/logo-bianco.png","contentUrl":"https:\/\/www.villaombrosa.it\/wp-content\/uploads\/2018\/02\/logo-bianco.png","width":250,"height":100,"caption":"Hotel Villa Ombrosa"},"image":{"@id":"https:\/\/www.villaombrosa.it\/#\/schema\/logo\/image\/"},"sameAs":["http:\/\/www.facebook.com\/hotelvillaombrosa"]}]}},"_links":{"self":[{"href":"https:\/\/www.villaombrosa.it\/fr\/wp-json\/wp\/v2\/pages\/2318","targetHints":{"allow":["GET"]}}],"collection":[{"href":"https:\/\/www.villaombrosa.it\/fr\/wp-json\/wp\/v2\/pages"}],"about":[{"href":"https:\/\/www.villaombrosa.it\/fr\/wp-json\/wp\/v2\/types\/page"}],"author":[{"embeddable":true,"href":"https:\/\/www.villaombrosa.it\/fr\/wp-json\/wp\/v2\/users\/1"}],"replies":[{"embeddable":true,"href":"https:\/\/www.villaombrosa.it\/fr\/wp-json\/wp\/v2\/comments?post=2318"}],"version-history":[{"count":4,"href":"https:\/\/www.villaombrosa.it\/fr\/wp-json\/wp\/v2\/pages\/2318\/revisions"}],"predecessor-version":[{"id":2324,"href":"https:\/\/www.villaombrosa.it\/fr\/wp-json\/wp\/v2\/pages\/2318\/revisions\/2324"}],"up":[{"embeddable":true,"href":"https:\/\/www.villaombrosa.it\/fr\/wp-json\/wp\/v2\/pages\/2314"}],"wp:attachment":[{"href":"https:\/\/www.villaombrosa.it\/fr\/wp-json\/wp\/v2\/media?parent=2318"}],"curies":[{"name":"wp","href":"https:\/\/api.w.org\/{rel}","templated":true}]}}