{"id":2309,"date":"2017-06-30T09:47:33","date_gmt":"2017-06-30T09:47:33","guid":{"rendered":"https:\/\/www.villaombrosa.it\/home-1\/"},"modified":"2023-07-26T10:07:52","modified_gmt":"2023-07-26T08:07:52","slug":"home-1","status":"publish","type":"page","link":"https:\/\/www.villaombrosa.it\/fr\/","title":{"rendered":"Home"},"content":{"rendered":"<div class=\"wpb-content-wrapper\"><p>[vc_row][vc_column]\n\t\t\t<!-- START Home  FR REVOLUTION SLIDER 6.7.11 --><p class=\"rs-p-wp-fix\"><\/p>\n\t\t\t<rs-module-wrap id=\"rev_slider_5_1_wrapper\" data-source=\"gallery\" style=\"visibility:hidden;background:rgba(255,255,255,0);padding:0;margin:0px auto;margin-top:0;margin-bottom:0;\">\n\t\t\t\t<rs-module id=\"rev_slider_5_1\" style=\"\" data-version=\"6.7.11\">\n\t\t\t\t\t<rs-slides style=\"overflow: hidden; position: absolute;\">\n\t\t\t\t\t\t<rs-slide style=\"position: absolute;\" data-key=\"rs-14\" data-title=\"slide\" data-thumb=\"\/\/www.villaombrosa.it\/wp-content\/uploads\/2018\/03\/DSC_4239-100x50.jpg\" data-duration=\"10000\" data-anim=\"adpr:false;\" data-p1=\"01\">\n\t\t\t\t\t\t\t<img decoding=\"async\" src=\"\/\/www.villaombrosa.it\/wp-content\/plugins\/revslider\/sr6\/assets\/assets\/dummy.png\" alt=\"\" title=\"Home\" class=\"rev-slidebg tp-rs-img rs-lazyload\" data-lazyload=\"\/\/www.villaombrosa.it\/wp-content\/uploads\/2018\/03\/DSC_4239.jpg\" data-bg=\"p:center top;\" data-no-retina>\n<!--\n\t\t\t\t\t\t\t--><rs-layer\n\t\t\t\t\t\t\t\tid=\"slider-5-slide-14-layer-1\" \n\t\t\t\t\t\t\t\tdata-type=\"text\"\n\t\t\t\t\t\t\t\tdata-rsp_ch=\"on\"\n\t\t\t\t\t\t\t\tdata-xy=\"x:c;y:m;\"\n\t\t\t\t\t\t\t\tdata-text=\"s:74,26,23,23;l:80,32,30,28;a:inherit;\"\n\t\t\t\t\t\t\t\tdata-frame_0=\"tp:600;\"\n\t\t\t\t\t\t\t\tdata-frame_1=\"tp:600;sp:500;sR:10;\"\n\t\t\t\t\t\t\t\tdata-frame_999=\"o:0;tp:600;st:9500;sp:500;sR:8990;\"\n\t\t\t\t\t\t\t\tstyle=\"z-index:5;font-family:'Great Vibes';\"\n\t\t\t\t\t\t\t><div class=\"testo-slider\">La l\u00e9gende raconte que les Argonautes<br \/>\n guid\u00e9s par Jason,<br \/>\napr\u00e8s s\u2019\u00eatre empar\u00e9s de la Toison d\u2019or,<br \/>\nfirent \u00e9tape dans une \u00eele<br \/>\nde la Mer Tyrrh\u00e9nienne appel\u00e9e Aethalia...<\/div> \n\t\t\t\t\t\t\t<\/rs-layer><!--\n-->\t\t\t\t\t<\/rs-slide>\n\t\t\t\t\t\t<rs-slide style=\"position: absolute;\" data-key=\"rs-15\" data-title=\"slide\" data-thumb=\"\/\/www.villaombrosa.it\/wp-content\/uploads\/2018\/03\/DSC_4239-100x50.jpg\" data-duration=\"10000\" data-anim=\"adpr:false;\" data-p1=\"01\">\n\t\t\t\t\t\t\t<img decoding=\"async\" src=\"\/\/www.villaombrosa.it\/wp-content\/plugins\/revslider\/sr6\/assets\/assets\/dummy.png\" alt=\"\" title=\"Home\" class=\"rev-slidebg tp-rs-img rs-lazyload\" data-lazyload=\"\/\/www.villaombrosa.it\/wp-content\/uploads\/2018\/03\/DSC_4239.jpg\" data-bg=\"p:center top;\" data-no-retina>\n<!--\n\t\t\t\t\t\t\t--><rs-layer\n\t\t\t\t\t\t\t\tid=\"slider-5-slide-15-layer-1\" \n\t\t\t\t\t\t\t\tdata-type=\"text\"\n\t\t\t\t\t\t\t\tdata-rsp_ch=\"on\"\n\t\t\t\t\t\t\t\tdata-xy=\"x:c;y:m;\"\n\t\t\t\t\t\t\t\tdata-text=\"s:74,26,23,23;l:80,32,30,28;a:inherit;\"\n\t\t\t\t\t\t\t\tdata-frame_0=\"tp:600;\"\n\t\t\t\t\t\t\t\tdata-frame_1=\"tp:600;sp:500;sR:10;\"\n\t\t\t\t\t\t\t\tdata-frame_999=\"o:0;tp:600;st:9500;sp:500;sR:8990;\"\n\t\t\t\t\t\t\t\tstyle=\"z-index:5;font-family:'Great Vibes';\"\n\t\t\t\t\t\t\t><div class=\"testo-slider\">...et y construisirent un port<br \/>\n(auquel ils donn\u00e8rent le nom d\u2019Argon,<br \/>\net o\u00f9 se situe aujourd\u2019hui la plage de Le Ghiaie),<br \/>\net que ce fut la sueur des Argonautes qui laissa<br \/>\nces rayures sur les galets recouvrant la plage.<\/div> \n\t\t\t\t\t\t\t<\/rs-layer><!--\n-->\t\t\t\t\t<\/rs-slide>\n\t\t\t\t\t<\/rs-slides>\n\t\t\t\t<\/rs-module>\n\t\t\t\t<script>\n\t\t\t\t\tsetREVStartSize({c: 'rev_slider_5_1',rl:[1240,1024,778,480],el:[],gw:[1240,1024,778,480],gh:[786,768,960,720],type:'standard',justify:'',layout:'fullwidth',mh:\"0\"});if (window.RS_MODULES!==undefined && window.RS_MODULES.modules!==undefined && window.RS_MODULES.modules[\"revslider51\"]!==undefined) {window.RS_MODULES.modules[\"revslider51\"].once = false;window.revapi5 = undefined;if (window.RS_MODULES.checkMinimal!==undefined) window.RS_MODULES.checkMinimal()}\n\t\t\t\t<\/script>\n\t\t\t<\/rs-module-wrap>\n\t\t\t<!-- END REVOLUTION SLIDER -->\n[\/vc_column][\/vc_row][vc_row equal_height=\u00a0\u00bbyes\u00a0\u00bb content_placement=\u00a0\u00bbmiddle\u00a0\u00bb css=\u00a0\u00bb.vc_custom_1504096290589{padding-top: 45px !important;padding-bottom: 45px !important;}\u00a0\u00bb][vc_column width=\u00a0\u00bb1\/2&Prime;][vc_separator color=\u00a0\u00bbchino\u00a0\u00bb el_width=\u00a0\u00bb20&Prime;]<div style=\"background-color:;height: 25px\" class=\"nicdark_section  \"><\/div> <p style=\"color:;padding:px;text-align:center;font-size:14px;line-height:27px;letter-spacing: 2px;font-weight:lighter\" class=\"   nd_options_second_font \">BIENVENU<\/p> <div style=\"background-color:;height: 20px\" class=\"nicdark_section  \"><\/div> <h2 style=\"color:;padding:px;text-align:center;font-size:60px;line-height:80px;letter-spacing: px;font-weight:normal\" class=\"  nd_options_font_size_40_important_all_iphone nd_options_line_height_40_important_all_iphone nd_options_first_font \">Hotel Villa Ombrosa<\/h2>  <p style=\"color:;padding:40px;text-align:center;font-size:px;line-height:px;letter-spacing: px;font-weight:lighter\" class=\"   nd_options_second_font \">La c\u00f4te nord de l\u2019\u00cele d\u2019Elbe est une succession de plages d\u2019une beaut\u00e9 surprenante, de ``Le Ghiaie`` \u00e0 ``Capo Bianco``, de ``Sansone`` aux ``Prunini``, \u00e0 l\u2019``Enfola``.<\/p>  <p style=\"color:;padding:40px;text-align:center;font-size:px;line-height:px;letter-spacing: px;font-weight:lighter\" class=\"   nd_options_second_font \">La plage des Ghiaie se situe dans la zone nord de Portoferraio. Elle se compose de galets blancs polis par la mer, qui ont \u00e9galement des taches plus sombres; d'apr\u00e8s la l\u00e9gende, ce fut la sueur des Argonautes qui laissa ces rayures sur les cailloux.<\/p> <div style=\"background-color:;height: 25px\" class=\"nicdark_section  \"><\/div>[vc_separator color=\u00a0\u00bbchino\u00a0\u00bb el_width=\u00a0\u00bb20&Prime;][\/vc_column][vc_column width=\u00a0\u00bb1\/2&Prime;]<div style=\"background-color:;height: 25px\" class=\"nicdark_section  \"><\/div>[vc_single_image image=\u00a0\u00bb3069&Prime; img_size=\u00a0\u00bblarge\u00a0\u00bb alignment=\u00a0\u00bbcenter\u00a0\u00bb onclick=\u00a0\u00bblink_image\u00a0\u00bb]<div style=\"background-color:;height: 25px\" class=\"nicdark_section  \"><\/div>[\/vc_column][\/vc_row][vc_row full_width=\u00a0\u00bbstretch_row_content\u00a0\u00bb equal_height=\u00a0\u00bbyes\u00a0\u00bb content_placement=\u00a0\u00bbmiddle\u00a0\u00bb][vc_column parallax=\u00a0\u00bbcontent-moving\u00a0\u00bb width=\u00a0\u00bb1\/2&Prime; css=\u00a0\u00bb.vc_custom_1690358833002{margin-top: 0px !important;margin-right: 0px !important;margin-bottom: 0px !important;margin-left: 0px !important;padding-top: 0px !important;padding-right: 0px !important;padding-bottom: 0px !important;padding-left: 0px !important;background-position: center !important;background-repeat: no-repeat !important;background-size: cover !important;}\u00a0\u00bb][vc_media_grid gap=\u00a0\u00bb0&Prime; grid_id=\u00a0\u00bbvc_gid:1690358836449-1c6e1f56-09e2-6&Prime; include=\u00a0\u00bb3339,3334,3344,3329,3349,3354&Prime; css=\u00a0\u00bb.vc_custom_1690358859171{margin-bottom: 0px !important;}\u00a0\u00bb][\/vc_column][vc_column width=\u00a0\u00bb1\/2&Prime; css=\u00a0\u00bb.vc_custom_1690358869963{padding-top: 100px !important;padding-right: 100px !important;padding-bottom: 100px !important;padding-left: 100px !important;background-color: #68a5c2 !important;}\u00a0\u00bb el_class=\u00a0\u00bbnd_options_padding_50_first_div_important_all_iphone\u00a0\u00bb]<div style=\"background-color:;height: 20px\" class=\"nicdark_section  \"><\/div> <h2 style=\"color:#ffffff;padding:px;text-align:;font-size:60px;line-height:60px;letter-spacing: px;font-weight:normal\" class=\"  nd_options_font_size_40_important_all_iphone nd_options_line_height_40_important_all_iphone nd_options_first_font \">D\u00e9couvrez notre<\/h2>  <h2 style=\"color:#ffffff;padding:px;text-align:;font-size:60px;line-height:60px;letter-spacing: px;font-weight:normal\" class=\"  nd_options_font_size_40_important_all_iphone nd_options_line_height_40_important_all_iphone nd_options_first_font \">H\u00f4tel<\/h2> <div style=\"background-color:;height: 50px\" class=\"nicdark_section  \"><\/div>[vc_row_inner][vc_column_inner] <p style=\"color:#ffffff;padding:px;text-align:;font-size:px;line-height:px;letter-spacing: px;font-weight:lighter\" class=\"   nd_options_second_font \">Situ\u00e9s dans une position panoramique et tranquille, l'H\u00f4tel Villa Ombrosa font face aux eaux limpides du golfe form\u00e9 par les plages ``Le Ghiaie``, \u00e0 l\u2019int\u00e9rieur de la zone de protection biologique marine, o\u00f9 les fonds \u00e0 la faune et la flore d\u2019une extraordinaire richesse repr\u00e9sentent le lieu id\u00e9al pour les amants du snorkeling et des immersions sous-marines.<\/p> [\/vc_column_inner][\/vc_row_inner]<div style=\"background-color:;height: 50px\" class=\"nicdark_section  \"><\/div>\n\t\n\t<a style=\"border: px solid;border-radius:px;letter-spacing:2px;line-height:11px;font-size:11px;background-color:#444444;padding:15px 35px;margin:;color:#ffffff\" rel=\"\" href=\"\/fr\/hotel\/\" class=\"nicdark_display_inline_block nd_options_float_left nd_options_font_weight_bold nd_options_second_font  \">VIEW<\/a>\n\t\n[\/vc_column][\/vc_row][vc_row full_width=\u00a0\u00bbstretch_row\u00a0\u00bb css=\u00a0\u00bb.vc_custom_1519222867606{padding-top: 70px !important;padding-right: 70px !important;padding-bottom: 70px !important;padding-left: 70px !important;background: #f9f9f9 url(https:\/\/www.villaombrosa.it\/wp-content\/uploads\/2018\/02\/background-fitness.jpg?id=1658) !important;background-position: center !important;background-repeat: no-repeat !important;background-size: contain !important;}\u00a0\u00bb][vc_column el_id=\u00a0\u00bbsection_slides\u00a0\u00bb][vc_row_inner equal_height=\u00a0\u00bbyes\u00a0\u00bb content_placement=\u00a0\u00bbmiddle\u00a0\u00bb css=\u00a0\u00bb.vc_custom_1501077833910{padding-right: 15px !important;padding-left: 15px !important;}\u00a0\u00bb][vc_column_inner width=\u00a0\u00bb1\/4&Prime; css=\u00a0\u00bb.vc_custom_1519198696104{padding-top: 30px !important;padding-right: 20px !important;padding-bottom: 30px !important;padding-left: 20px !important;}\u00a0\u00bb][\/vc_column_inner][vc_column_inner width=\u00a0\u00bb1\/2&Prime; css=\u00a0\u00bb.vc_custom_1519199736119{background-color: #ffffff !important;}\u00a0\u00bb] <h6 style=\"color:#78635a;padding:px;text-align:center;font-size:12px;line-height:12px;letter-spacing: 2px;font-weight:lighter\" class=\"   nd_options_second_font \">Relax<\/h6> <div style=\"background-color:;height: 10px\" class=\"nicdark_section  \"><\/div>\n    <div class=\"nd_options_section nd_options_line_height_0  nd_options_text_align_center \">\n        <span style=\"height:1px;width:30px;background-color:#f1f1f1\" class=\"nd_options_display_inline_block\"><\/span>\n    <\/div>\n   <div style=\"background-color:;height: 20px\" class=\"nicdark_section  \"><\/div> <h1 style=\"color:#78635a;padding:px;text-align:center;font-size:35px;line-height:px;letter-spacing: px;font-weight:normal\" class=\"   nd_options_first_font \">Salle de Fitness<\/h1>  <p style=\"color:#78635a;padding:50px;text-align:center;font-size:14px;line-height:27px;letter-spacing: 1px;font-weight:lighter\" class=\"  nd_options_padding_20_responsive_important nd_options_second_font \">L\u2019h\u00f4tel Villa Ombrosa met gratuitement \u00e0 la disposition de ses h\u00f4tes une salle de Fitness compl\u00e8tement r\u00e9nov\u00e9e et climatis\u00e9e, situ\u00e9e au rez-de-chauss\u00e9e.<\/p> \n\t<div class=\"nd_options_section nd_options_text_align_center\">\n\t<a style=\"border: 2px solid #78635a;border-radius:px;letter-spacing:2px;line-height:11px;font-size:11px;background-color:;padding:15px 35px;margin:;color:#78635a\" rel=\"\" href=\"\/fr\/sala-fitness\/\" class=\"nicdark_display_inline_block  nd_options_font_weight_bold nd_options_second_font  \">VIEW<\/a>\n\t<\/div>\n<div style=\"background-color:;height: 20px\" class=\"nicdark_section  \"><\/div>[\/vc_column_inner][vc_column_inner width=\u00a0\u00bb1\/4&Prime;][\/vc_column_inner][\/vc_row_inner][\/vc_column][\/vc_row][vc_row full_width=\u00a0\u00bbstretch_row\u00a0\u00bb parallax=\u00a0\u00bbcontent-moving\u00a0\u00bb parallax_image=\u00a0\u00bb1728&Prime; css=\u00a0\u00bb.vc_custom_1519223338595{padding-top: 115px !important;padding-bottom: 115px !important;background-color: #f2f2f2 !important;}\u00a0\u00bb][vc_column el_class=\u00a0\u00bbnd_options_text_align_center\u00a0\u00bb] <h1 style=\"color:#ffffff;padding:px;text-align:center;font-size:60px;line-height:65px;letter-spacing: px;font-weight:normal\" class=\"   nd_options_first_font \">Hotel Villa Ombrosa<\/h1> <div style=\"background-color:;height: 20px\" class=\"nicdark_section  \"><\/div> <h6 style=\"color:#ffffff;padding:px;text-align:center;font-size:12px;line-height:12px;letter-spacing: 2px;font-weight:lighter\" class=\"   nd_options_second_font \">Portoferraio<\/h6> <div style=\"background-color:;height: 40px\" class=\"nicdark_section  \"><\/div>[\/vc_column][\/vc_row][vc_row css=\u00a0\u00bb.vc_custom_1519212508849{padding-top: 30px !important;padding-bottom: 30px !important;}\u00a0\u00bb][vc_column width=\u00a0\u00bb1\/4&Prime;][\/vc_column][vc_column width=\u00a0\u00bb1\/4&Prime;] <h4 style=\"color:;padding:px;text-align:center;font-size:px;line-height:px;letter-spacing: px;font-weight:normal\" class=\"   nd_options_first_font \">CARTE INTERACTIVE<\/h4> <div style=\"background-color:;height: 25px\" class=\"nicdark_section  \"><\/div>[vc_single_image image=\u00a0\u00bb1555&Prime; alignment=\u00a0\u00bbcenter\u00a0\u00bb onclick=\u00a0\u00bbcustom_link\u00a0\u00bb img_link_target=\u00a0\u00bb_blank\u00a0\u00bb css_animation=\u00a0\u00bbbounceInLeft\u00a0\u00bb link=\u00a0\u00bbhttp:\/\/www.siriobluevision.it\/2014\/portoferraio-villaombrosa\/\u00a0\u00bb][\/vc_column][vc_column width=\u00a0\u00bb1\/4&Prime;] <h4 style=\"color:;padding:px;text-align:center;font-size:px;line-height:px;letter-spacing: px;font-weight:normal\" class=\"   nd_options_first_font \">CARTE SPORTIVE INTERACTIVE<\/h4> <div style=\"background-color:;height: 25px\" class=\"nicdark_section  \"><\/div>[vc_single_image image=\u00a0\u00bb1556&Prime; alignment=\u00a0\u00bbcenter\u00a0\u00bb onclick=\u00a0\u00bbcustom_link\u00a0\u00bb img_link_target=\u00a0\u00bb_blank\u00a0\u00bb css_animation=\u00a0\u00bbbounceInRight\u00a0\u00bb link=\u00a0\u00bbhttp:\/\/www.siriobluevision.it\/2011\/portoferraio-villaombrosa\/\u00a0\u00bb][\/vc_column][vc_column width=\u00a0\u00bb1\/4&Prime;][\/vc_column][\/vc_row]<\/p>\n<\/div>","protected":false},"excerpt":{"rendered":"<p>[vc_row][vc_column][\/vc_column][\/vc_row][vc_row equal_height=\u00a0\u00bbyes\u00a0\u00bb content_placement=\u00a0\u00bbmiddle\u00a0\u00bb css=\u00a0\u00bb.vc_custom_1504096290589{padding-top: 45px !important;padding-bottom: 45px !important;}\u00a0\u00bb][vc_column width=\u00a0\u00bb1\/2&Prime;][vc_separator color=\u00a0\u00bbchino\u00a0\u00bb el_width=\u00a0\u00bb20&Prime;][vc_separator color=\u00a0\u00bbchino\u00a0\u00bb el_width=\u00a0\u00bb20&Prime;][\/vc_column][vc_column width=\u00a0\u00bb1\/2&Prime;][vc_single_image image=\u00a0\u00bb3069&Prime; img_size=\u00a0\u00bblarge\u00a0\u00bb alignment=\u00a0\u00bbcenter\u00a0\u00bb onclick=\u00a0\u00bblink_image\u00a0\u00bb][\/vc_column][\/vc_row][vc_row full_width=\u00a0\u00bbstretch_row_content\u00a0\u00bb equal_height=\u00a0\u00bbyes\u00a0\u00bb content_placement=\u00a0\u00bbmiddle\u00a0\u00bb][vc_column parallax=\u00a0\u00bbcontent-moving\u00a0\u00bb width=\u00a0\u00bb1\/2&Prime; css=\u00a0\u00bb.vc_custom_1690358833002{margin-top: 0px !important;margin-right: 0px !important;margin-bottom: 0px !important;margin-left: 0px !important;padding-top: 0px !important;padding-right: 0px !important;padding-bottom: 0px !important;padding-left: 0px !important;background-position: center !important;background-repeat: no-repeat !important;background-size: cover !important;}\u00a0\u00bb][vc_media_grid gap=\u00a0\u00bb0&Prime; grid_id=\u00a0\u00bbvc_gid:1690358836449-1c6e1f56-09e2-6&Prime; include=\u00a0\u00bb3339,3334,3344,3329,3349,3354&Prime; css=\u00a0\u00bb.vc_custom_1690358859171{margin-bottom: 0px !important;}\u00a0\u00bb][\/vc_column][vc_column width=\u00a0\u00bb1\/2&Prime; css=\u00a0\u00bb.vc_custom_1690358869963{padding-top: 100px [&hellip;]<\/p>\n","protected":false},"author":1,"featured_media":0,"parent":0,"menu_order":0,"comment_status":"closed","ping_status":"closed","template":"","meta":{"footnotes":""},"class_list":["post-2309","page","type-page","status-publish","hentry"],"yoast_head":"<!-- This site is optimized with the Yoast SEO plugin v26.6 - https:\/\/yoast.com\/wordpress\/plugins\/seo\/ -->\n<title>Home - Hotel Villa Ombrosa<\/title>\n<meta name=\"robots\" content=\"index, follow, max-snippet:-1, max-image-preview:large, max-video-preview:-1\" \/>\n<link rel=\"canonical\" href=\"https:\/\/www.villaombrosa.it\/fr\/\" \/>\n<meta property=\"og:locale\" content=\"fr_FR\" \/>\n<meta property=\"og:type\" content=\"article\" \/>\n<meta property=\"og:title\" content=\"Home - Hotel Villa Ombrosa\" \/>\n<meta property=\"og:description\" content=\"[vc_row][vc_column][\/vc_column][\/vc_row][vc_row equal_height=\u00a0\u00bbyes\u00a0\u00bb content_placement=\u00a0\u00bbmiddle\u00a0\u00bb css=\u00a0\u00bb.vc_custom_1504096290589{padding-top: 45px !important;padding-bottom: 45px !important;}\u00a0\u00bb][vc_column width=\u00a0\u00bb1\/2&Prime;][vc_separator color=\u00a0\u00bbchino\u00a0\u00bb el_width=\u00a0\u00bb20&Prime;][vc_separator color=\u00a0\u00bbchino\u00a0\u00bb el_width=\u00a0\u00bb20&Prime;][\/vc_column][vc_column width=\u00a0\u00bb1\/2&Prime;][vc_single_image image=\u00a0\u00bb3069&Prime; img_size=\u00a0\u00bblarge\u00a0\u00bb alignment=\u00a0\u00bbcenter\u00a0\u00bb onclick=\u00a0\u00bblink_image\u00a0\u00bb][\/vc_column][\/vc_row][vc_row full_width=\u00a0\u00bbstretch_row_content\u00a0\u00bb equal_height=\u00a0\u00bbyes\u00a0\u00bb content_placement=\u00a0\u00bbmiddle\u00a0\u00bb][vc_column parallax=\u00a0\u00bbcontent-moving\u00a0\u00bb width=\u00a0\u00bb1\/2&Prime; css=\u00a0\u00bb.vc_custom_1690358833002{margin-top: 0px !important;margin-right: 0px !important;margin-bottom: 0px !important;margin-left: 0px !important;padding-top: 0px !important;padding-right: 0px !important;padding-bottom: 0px !important;padding-left: 0px !important;background-position: center !important;background-repeat: no-repeat !important;background-size: cover !important;}\u00a0\u00bb][vc_media_grid gap=\u00a0\u00bb0&Prime; grid_id=\u00a0\u00bbvc_gid:1690358836449-1c6e1f56-09e2-6&Prime; include=\u00a0\u00bb3339,3334,3344,3329,3349,3354&Prime; css=\u00a0\u00bb.vc_custom_1690358859171{margin-bottom: 0px !important;}\u00a0\u00bb][\/vc_column][vc_column width=\u00a0\u00bb1\/2&Prime; css=\u00a0\u00bb.vc_custom_1690358869963{padding-top: 100px [&hellip;]\" \/>\n<meta property=\"og:url\" content=\"https:\/\/www.villaombrosa.it\/fr\/\" \/>\n<meta property=\"og:site_name\" content=\"Hotel Villa Ombrosa\" \/>\n<meta property=\"article:publisher\" content=\"http:\/\/www.facebook.com\/hotelvillaombrosa\" \/>\n<meta property=\"article:modified_time\" content=\"2023-07-26T08:07:52+00:00\" \/>\n<meta name=\"twitter:card\" content=\"summary_large_image\" \/>\n<meta name=\"twitter:label1\" content=\"Dur\u00e9e de lecture estim\u00e9e\" \/>\n\t<meta name=\"twitter:data1\" content=\"3 minutes\" \/>\n<script type=\"application\/ld+json\" class=\"yoast-schema-graph\">{\"@context\":\"https:\/\/schema.org\",\"@graph\":[{\"@type\":\"WebPage\",\"@id\":\"https:\/\/www.villaombrosa.it\/fr\/\",\"url\":\"https:\/\/www.villaombrosa.it\/fr\/\",\"name\":\"Home - Hotel Villa Ombrosa\",\"isPartOf\":{\"@id\":\"https:\/\/www.villaombrosa.it\/#website\"},\"datePublished\":\"2017-06-30T09:47:33+00:00\",\"dateModified\":\"2023-07-26T08:07:52+00:00\",\"breadcrumb\":{\"@id\":\"https:\/\/www.villaombrosa.it\/fr\/#breadcrumb\"},\"inLanguage\":\"fr-FR\",\"potentialAction\":[{\"@type\":\"ReadAction\",\"target\":[\"https:\/\/www.villaombrosa.it\/fr\/\"]}]},{\"@type\":\"BreadcrumbList\",\"@id\":\"https:\/\/www.villaombrosa.it\/fr\/#breadcrumb\",\"itemListElement\":[{\"@type\":\"ListItem\",\"position\":1,\"name\":\"Home\",\"item\":\"https:\/\/www.villaombrosa.it\/fr\/\"},{\"@type\":\"ListItem\",\"position\":2,\"name\":\"Home\"}]},{\"@type\":\"WebSite\",\"@id\":\"https:\/\/www.villaombrosa.it\/#website\",\"url\":\"https:\/\/www.villaombrosa.it\/\",\"name\":\"Hotel Villa Ombrosa\",\"description\":\"Vacanze all&#039;Isola d&#039;Elba affacciati sullo splendido golfo di Le Ghiaie\",\"publisher\":{\"@id\":\"https:\/\/www.villaombrosa.it\/#organization\"},\"potentialAction\":[{\"@type\":\"SearchAction\",\"target\":{\"@type\":\"EntryPoint\",\"urlTemplate\":\"https:\/\/www.villaombrosa.it\/?s={search_term_string}\"},\"query-input\":{\"@type\":\"PropertyValueSpecification\",\"valueRequired\":true,\"valueName\":\"search_term_string\"}}],\"inLanguage\":\"fr-FR\"},{\"@type\":\"Organization\",\"@id\":\"https:\/\/www.villaombrosa.it\/#organization\",\"name\":\"Hotel Villa Ombrosa\",\"url\":\"https:\/\/www.villaombrosa.it\/\",\"logo\":{\"@type\":\"ImageObject\",\"inLanguage\":\"fr-FR\",\"@id\":\"https:\/\/www.villaombrosa.it\/#\/schema\/logo\/image\/\",\"url\":\"https:\/\/www.villaombrosa.it\/wp-content\/uploads\/2018\/02\/logo-bianco.png\",\"contentUrl\":\"https:\/\/www.villaombrosa.it\/wp-content\/uploads\/2018\/02\/logo-bianco.png\",\"width\":250,\"height\":100,\"caption\":\"Hotel Villa Ombrosa\"},\"image\":{\"@id\":\"https:\/\/www.villaombrosa.it\/#\/schema\/logo\/image\/\"},\"sameAs\":[\"http:\/\/www.facebook.com\/hotelvillaombrosa\"]}]}<\/script>\n<!-- \/ Yoast SEO plugin. -->","yoast_head_json":{"title":"Home - Hotel Villa Ombrosa","robots":{"index":"index","follow":"follow","max-snippet":"max-snippet:-1","max-image-preview":"max-image-preview:large","max-video-preview":"max-video-preview:-1"},"canonical":"https:\/\/www.villaombrosa.it\/fr\/","og_locale":"fr_FR","og_type":"article","og_title":"Home - Hotel Villa Ombrosa","og_description":"[vc_row][vc_column][\/vc_column][\/vc_row][vc_row equal_height=\u00a0\u00bbyes\u00a0\u00bb content_placement=\u00a0\u00bbmiddle\u00a0\u00bb css=\u00a0\u00bb.vc_custom_1504096290589{padding-top: 45px !important;padding-bottom: 45px !important;}\u00a0\u00bb][vc_column width=\u00a0\u00bb1\/2&Prime;][vc_separator color=\u00a0\u00bbchino\u00a0\u00bb el_width=\u00a0\u00bb20&Prime;][vc_separator color=\u00a0\u00bbchino\u00a0\u00bb el_width=\u00a0\u00bb20&Prime;][\/vc_column][vc_column width=\u00a0\u00bb1\/2&Prime;][vc_single_image image=\u00a0\u00bb3069&Prime; img_size=\u00a0\u00bblarge\u00a0\u00bb alignment=\u00a0\u00bbcenter\u00a0\u00bb onclick=\u00a0\u00bblink_image\u00a0\u00bb][\/vc_column][\/vc_row][vc_row full_width=\u00a0\u00bbstretch_row_content\u00a0\u00bb equal_height=\u00a0\u00bbyes\u00a0\u00bb content_placement=\u00a0\u00bbmiddle\u00a0\u00bb][vc_column parallax=\u00a0\u00bbcontent-moving\u00a0\u00bb width=\u00a0\u00bb1\/2&Prime; css=\u00a0\u00bb.vc_custom_1690358833002{margin-top: 0px !important;margin-right: 0px !important;margin-bottom: 0px !important;margin-left: 0px !important;padding-top: 0px !important;padding-right: 0px !important;padding-bottom: 0px !important;padding-left: 0px !important;background-position: center !important;background-repeat: no-repeat !important;background-size: cover !important;}\u00a0\u00bb][vc_media_grid gap=\u00a0\u00bb0&Prime; grid_id=\u00a0\u00bbvc_gid:1690358836449-1c6e1f56-09e2-6&Prime; include=\u00a0\u00bb3339,3334,3344,3329,3349,3354&Prime; css=\u00a0\u00bb.vc_custom_1690358859171{margin-bottom: 0px !important;}\u00a0\u00bb][\/vc_column][vc_column width=\u00a0\u00bb1\/2&Prime; css=\u00a0\u00bb.vc_custom_1690358869963{padding-top: 100px [&hellip;]","og_url":"https:\/\/www.villaombrosa.it\/fr\/","og_site_name":"Hotel Villa Ombrosa","article_publisher":"http:\/\/www.facebook.com\/hotelvillaombrosa","article_modified_time":"2023-07-26T08:07:52+00:00","twitter_card":"summary_large_image","twitter_misc":{"Dur\u00e9e de lecture estim\u00e9e":"3 minutes"},"schema":{"@context":"https:\/\/schema.org","@graph":[{"@type":"WebPage","@id":"https:\/\/www.villaombrosa.it\/fr\/","url":"https:\/\/www.villaombrosa.it\/fr\/","name":"Home - Hotel Villa Ombrosa","isPartOf":{"@id":"https:\/\/www.villaombrosa.it\/#website"},"datePublished":"2017-06-30T09:47:33+00:00","dateModified":"2023-07-26T08:07:52+00:00","breadcrumb":{"@id":"https:\/\/www.villaombrosa.it\/fr\/#breadcrumb"},"inLanguage":"fr-FR","potentialAction":[{"@type":"ReadAction","target":["https:\/\/www.villaombrosa.it\/fr\/"]}]},{"@type":"BreadcrumbList","@id":"https:\/\/www.villaombrosa.it\/fr\/#breadcrumb","itemListElement":[{"@type":"ListItem","position":1,"name":"Home","item":"https:\/\/www.villaombrosa.it\/fr\/"},{"@type":"ListItem","position":2,"name":"Home"}]},{"@type":"WebSite","@id":"https:\/\/www.villaombrosa.it\/#website","url":"https:\/\/www.villaombrosa.it\/","name":"Hotel Villa Ombrosa","description":"Vacanze all&#039;Isola d&#039;Elba affacciati sullo splendido golfo di Le Ghiaie","publisher":{"@id":"https:\/\/www.villaombrosa.it\/#organization"},"potentialAction":[{"@type":"SearchAction","target":{"@type":"EntryPoint","urlTemplate":"https:\/\/www.villaombrosa.it\/?s={search_term_string}"},"query-input":{"@type":"PropertyValueSpecification","valueRequired":true,"valueName":"search_term_string"}}],"inLanguage":"fr-FR"},{"@type":"Organization","@id":"https:\/\/www.villaombrosa.it\/#organization","name":"Hotel Villa Ombrosa","url":"https:\/\/www.villaombrosa.it\/","logo":{"@type":"ImageObject","inLanguage":"fr-FR","@id":"https:\/\/www.villaombrosa.it\/#\/schema\/logo\/image\/","url":"https:\/\/www.villaombrosa.it\/wp-content\/uploads\/2018\/02\/logo-bianco.png","contentUrl":"https:\/\/www.villaombrosa.it\/wp-content\/uploads\/2018\/02\/logo-bianco.png","width":250,"height":100,"caption":"Hotel Villa Ombrosa"},"image":{"@id":"https:\/\/www.villaombrosa.it\/#\/schema\/logo\/image\/"},"sameAs":["http:\/\/www.facebook.com\/hotelvillaombrosa"]}]}},"_links":{"self":[{"href":"https:\/\/www.villaombrosa.it\/fr\/wp-json\/wp\/v2\/pages\/2309","targetHints":{"allow":["GET"]}}],"collection":[{"href":"https:\/\/www.villaombrosa.it\/fr\/wp-json\/wp\/v2\/pages"}],"about":[{"href":"https:\/\/www.villaombrosa.it\/fr\/wp-json\/wp\/v2\/types\/page"}],"author":[{"embeddable":true,"href":"https:\/\/www.villaombrosa.it\/fr\/wp-json\/wp\/v2\/users\/1"}],"replies":[{"embeddable":true,"href":"https:\/\/www.villaombrosa.it\/fr\/wp-json\/wp\/v2\/comments?post=2309"}],"version-history":[{"count":5,"href":"https:\/\/www.villaombrosa.it\/fr\/wp-json\/wp\/v2\/pages\/2309\/revisions"}],"predecessor-version":[{"id":3374,"href":"https:\/\/www.villaombrosa.it\/fr\/wp-json\/wp\/v2\/pages\/2309\/revisions\/3374"}],"wp:attachment":[{"href":"https:\/\/www.villaombrosa.it\/fr\/wp-json\/wp\/v2\/media?parent=2309"}],"curies":[{"name":"wp","href":"https:\/\/api.w.org\/{rel}","templated":true}]}}