{"id":2427,"date":"2018-04-13T15:05:23","date_gmt":"2018-04-13T13:05:23","guid":{"rendered":"https:\/\/www.villaombrosa.it\/ristorante\/"},"modified":"2020-11-10T12:30:47","modified_gmt":"2020-11-10T11:30:47","slug":"restaurante","status":"publish","type":"page","link":"https:\/\/www.villaombrosa.it\/es\/restaurante\/","title":{"rendered":"Restaurante"},"content":{"rendered":"<div class=\"wpb-content-wrapper\"><p>[vc_row css=\u00bb.vc_custom_1521100979801{padding-bottom: 50px !important;}\u00bb][vc_column width=\u00bb1\/2&#8243; css=\u00bb.vc_custom_1492678451406{padding-right: 0px !important;padding-left: 0px !important;}\u00bb][vc_custom_heading text=\u00bbRestaurante\u00bb font_container=\u00bbtag:h1|text_align:center\u00bb use_theme_fonts=\u00bbyes\u00bb]<div style=\"background-color:;height: 30px\" class=\"nicdark_section  \"><\/div>[vc_separator el_width=\u00bb50&#8243;][vc_column_text]El restaurante est\u00e1 abierto siempre para el desayuno, el almuerzo y la cena excepto el mes de agosto durante el cual cierra a la hora del almuerzo.<\/p>\n<p>&nbsp;<\/p>\n<p>En manos de los chefs Luigi y Gabriele, muy atentos a las exigencias de nuestros hu\u00e9spedes, es famoso por su cocina a base de platos t\u00edpicos y nacionales y los ricos men\u00fas cambian a diario ofreciendo platos gustosos a elegir entre carne y pescado.<\/p>\n<p>&nbsp;<\/p>\n<p>Las comidas se sirven en la sala y en la terraza exterior con vista panor\u00e1mica de la espl\u00e9ndida playa de \u00abLe Ghiaie\u00bb.[\/vc_column_text][\/vc_column][vc_column width=\u00bb1\/2&#8243;][vc_media_grid grid_id=\u00bbvc_gid:1605007824228-f6340933-b677-10&#8243; include=\u00bb1985,1986,1987,1988,1990,1991,1992,1993,1995&#8243;][\/vc_column][\/vc_row]<\/p>\n<\/div>","protected":false},"excerpt":{"rendered":"<p>[vc_row css=\u00bb.vc_custom_1521100979801{padding-bottom: 50px !important;}\u00bb][vc_column width=\u00bb1\/2&#8243; css=\u00bb.vc_custom_1492678451406{padding-right: 0px !important;padding-left: 0px !important;}\u00bb][vc_custom_heading text=\u00bbRestaurante\u00bb font_container=\u00bbtag:h1|text_align:center\u00bb use_theme_fonts=\u00bbyes\u00bb][vc_separator el_width=\u00bb50&#8243;][vc_column_text]El restaurante est\u00e1 abierto siempre para el desayuno, el almuerzo y la cena excepto el mes de agosto durante el cual cierra a la hora del almuerzo. &nbsp; En manos de los chefs Luigi y Gabriele, muy atentos a las exigencias de [&hellip;]<\/p>\n","protected":false},"author":1,"featured_media":0,"parent":0,"menu_order":0,"comment_status":"closed","ping_status":"closed","template":"","meta":{"footnotes":""},"class_list":["post-2427","page","type-page","status-publish","hentry"],"yoast_head":"<!-- This site is optimized with the Yoast SEO plugin v26.6 - https:\/\/yoast.com\/wordpress\/plugins\/seo\/ -->\n<title>Restaurante - Hotel Villa Ombrosa<\/title>\n<meta name=\"robots\" content=\"index, follow, max-snippet:-1, max-image-preview:large, max-video-preview:-1\" \/>\n<link rel=\"canonical\" href=\"https:\/\/www.villaombrosa.it\/es\/restaurante\/\" \/>\n<meta property=\"og:locale\" content=\"es_ES\" \/>\n<meta property=\"og:type\" content=\"article\" \/>\n<meta property=\"og:title\" content=\"Restaurante - Hotel Villa Ombrosa\" \/>\n<meta property=\"og:description\" content=\"[vc_row css=\u00bb.vc_custom_1521100979801{padding-bottom: 50px !important;}\u00bb][vc_column width=\u00bb1\/2&#8243; css=\u00bb.vc_custom_1492678451406{padding-right: 0px !important;padding-left: 0px !important;}\u00bb][vc_custom_heading text=\u00bbRestaurante\u00bb font_container=\u00bbtag:h1|text_align:center\u00bb use_theme_fonts=\u00bbyes\u00bb][vc_separator el_width=\u00bb50&#8243;][vc_column_text]El restaurante est\u00e1 abierto siempre para el desayuno, el almuerzo y la cena excepto el mes de agosto durante el cual cierra a la hora del almuerzo. &nbsp; En manos de los chefs Luigi y Gabriele, muy atentos a las exigencias de [&hellip;]\" \/>\n<meta property=\"og:url\" content=\"https:\/\/www.villaombrosa.it\/es\/restaurante\/\" \/>\n<meta property=\"og:site_name\" content=\"Hotel Villa Ombrosa\" \/>\n<meta property=\"article:publisher\" content=\"http:\/\/www.facebook.com\/hotelvillaombrosa\" \/>\n<meta property=\"article:modified_time\" content=\"2020-11-10T11:30:47+00:00\" \/>\n<meta name=\"twitter:card\" content=\"summary_large_image\" \/>\n<meta name=\"twitter:label1\" content=\"Tiempo de lectura\" \/>\n\t<meta name=\"twitter:data1\" content=\"1 minuto\" \/>\n<script type=\"application\/ld+json\" class=\"yoast-schema-graph\">{\"@context\":\"https:\/\/schema.org\",\"@graph\":[{\"@type\":\"WebPage\",\"@id\":\"https:\/\/www.villaombrosa.it\/es\/restaurante\/\",\"url\":\"https:\/\/www.villaombrosa.it\/es\/restaurante\/\",\"name\":\"Restaurante - Hotel Villa Ombrosa\",\"isPartOf\":{\"@id\":\"https:\/\/www.villaombrosa.it\/#website\"},\"datePublished\":\"2018-04-13T13:05:23+00:00\",\"dateModified\":\"2020-11-10T11:30:47+00:00\",\"breadcrumb\":{\"@id\":\"https:\/\/www.villaombrosa.it\/es\/restaurante\/#breadcrumb\"},\"inLanguage\":\"es\",\"potentialAction\":[{\"@type\":\"ReadAction\",\"target\":[\"https:\/\/www.villaombrosa.it\/es\/restaurante\/\"]}]},{\"@type\":\"BreadcrumbList\",\"@id\":\"https:\/\/www.villaombrosa.it\/es\/restaurante\/#breadcrumb\",\"itemListElement\":[{\"@type\":\"ListItem\",\"position\":1,\"name\":\"Home\",\"item\":\"https:\/\/www.villaombrosa.it\/es\/\"},{\"@type\":\"ListItem\",\"position\":2,\"name\":\"Restaurante\"}]},{\"@type\":\"WebSite\",\"@id\":\"https:\/\/www.villaombrosa.it\/#website\",\"url\":\"https:\/\/www.villaombrosa.it\/\",\"name\":\"Hotel Villa Ombrosa\",\"description\":\"Vacanze all&#039;Isola d&#039;Elba affacciati sullo splendido golfo di Le Ghiaie\",\"publisher\":{\"@id\":\"https:\/\/www.villaombrosa.it\/#organization\"},\"potentialAction\":[{\"@type\":\"SearchAction\",\"target\":{\"@type\":\"EntryPoint\",\"urlTemplate\":\"https:\/\/www.villaombrosa.it\/?s={search_term_string}\"},\"query-input\":{\"@type\":\"PropertyValueSpecification\",\"valueRequired\":true,\"valueName\":\"search_term_string\"}}],\"inLanguage\":\"es\"},{\"@type\":\"Organization\",\"@id\":\"https:\/\/www.villaombrosa.it\/#organization\",\"name\":\"Hotel Villa Ombrosa\",\"url\":\"https:\/\/www.villaombrosa.it\/\",\"logo\":{\"@type\":\"ImageObject\",\"inLanguage\":\"es\",\"@id\":\"https:\/\/www.villaombrosa.it\/#\/schema\/logo\/image\/\",\"url\":\"https:\/\/www.villaombrosa.it\/wp-content\/uploads\/2018\/02\/logo-bianco.png\",\"contentUrl\":\"https:\/\/www.villaombrosa.it\/wp-content\/uploads\/2018\/02\/logo-bianco.png\",\"width\":250,\"height\":100,\"caption\":\"Hotel Villa Ombrosa\"},\"image\":{\"@id\":\"https:\/\/www.villaombrosa.it\/#\/schema\/logo\/image\/\"},\"sameAs\":[\"http:\/\/www.facebook.com\/hotelvillaombrosa\"]}]}<\/script>\n<!-- \/ Yoast SEO plugin. -->","yoast_head_json":{"title":"Restaurante - Hotel Villa Ombrosa","robots":{"index":"index","follow":"follow","max-snippet":"max-snippet:-1","max-image-preview":"max-image-preview:large","max-video-preview":"max-video-preview:-1"},"canonical":"https:\/\/www.villaombrosa.it\/es\/restaurante\/","og_locale":"es_ES","og_type":"article","og_title":"Restaurante - Hotel Villa Ombrosa","og_description":"[vc_row css=\u00bb.vc_custom_1521100979801{padding-bottom: 50px !important;}\u00bb][vc_column width=\u00bb1\/2&#8243; css=\u00bb.vc_custom_1492678451406{padding-right: 0px !important;padding-left: 0px !important;}\u00bb][vc_custom_heading text=\u00bbRestaurante\u00bb font_container=\u00bbtag:h1|text_align:center\u00bb use_theme_fonts=\u00bbyes\u00bb][vc_separator el_width=\u00bb50&#8243;][vc_column_text]El restaurante est\u00e1 abierto siempre para el desayuno, el almuerzo y la cena excepto el mes de agosto durante el cual cierra a la hora del almuerzo. &nbsp; En manos de los chefs Luigi y Gabriele, muy atentos a las exigencias de [&hellip;]","og_url":"https:\/\/www.villaombrosa.it\/es\/restaurante\/","og_site_name":"Hotel Villa Ombrosa","article_publisher":"http:\/\/www.facebook.com\/hotelvillaombrosa","article_modified_time":"2020-11-10T11:30:47+00:00","twitter_card":"summary_large_image","twitter_misc":{"Tiempo de lectura":"1 minuto"},"schema":{"@context":"https:\/\/schema.org","@graph":[{"@type":"WebPage","@id":"https:\/\/www.villaombrosa.it\/es\/restaurante\/","url":"https:\/\/www.villaombrosa.it\/es\/restaurante\/","name":"Restaurante - Hotel Villa Ombrosa","isPartOf":{"@id":"https:\/\/www.villaombrosa.it\/#website"},"datePublished":"2018-04-13T13:05:23+00:00","dateModified":"2020-11-10T11:30:47+00:00","breadcrumb":{"@id":"https:\/\/www.villaombrosa.it\/es\/restaurante\/#breadcrumb"},"inLanguage":"es","potentialAction":[{"@type":"ReadAction","target":["https:\/\/www.villaombrosa.it\/es\/restaurante\/"]}]},{"@type":"BreadcrumbList","@id":"https:\/\/www.villaombrosa.it\/es\/restaurante\/#breadcrumb","itemListElement":[{"@type":"ListItem","position":1,"name":"Home","item":"https:\/\/www.villaombrosa.it\/es\/"},{"@type":"ListItem","position":2,"name":"Restaurante"}]},{"@type":"WebSite","@id":"https:\/\/www.villaombrosa.it\/#website","url":"https:\/\/www.villaombrosa.it\/","name":"Hotel Villa Ombrosa","description":"Vacanze all&#039;Isola d&#039;Elba affacciati sullo splendido golfo di Le Ghiaie","publisher":{"@id":"https:\/\/www.villaombrosa.it\/#organization"},"potentialAction":[{"@type":"SearchAction","target":{"@type":"EntryPoint","urlTemplate":"https:\/\/www.villaombrosa.it\/?s={search_term_string}"},"query-input":{"@type":"PropertyValueSpecification","valueRequired":true,"valueName":"search_term_string"}}],"inLanguage":"es"},{"@type":"Organization","@id":"https:\/\/www.villaombrosa.it\/#organization","name":"Hotel Villa Ombrosa","url":"https:\/\/www.villaombrosa.it\/","logo":{"@type":"ImageObject","inLanguage":"es","@id":"https:\/\/www.villaombrosa.it\/#\/schema\/logo\/image\/","url":"https:\/\/www.villaombrosa.it\/wp-content\/uploads\/2018\/02\/logo-bianco.png","contentUrl":"https:\/\/www.villaombrosa.it\/wp-content\/uploads\/2018\/02\/logo-bianco.png","width":250,"height":100,"caption":"Hotel Villa Ombrosa"},"image":{"@id":"https:\/\/www.villaombrosa.it\/#\/schema\/logo\/image\/"},"sameAs":["http:\/\/www.facebook.com\/hotelvillaombrosa"]}]}},"_links":{"self":[{"href":"https:\/\/www.villaombrosa.it\/es\/wp-json\/wp\/v2\/pages\/2427","targetHints":{"allow":["GET"]}}],"collection":[{"href":"https:\/\/www.villaombrosa.it\/es\/wp-json\/wp\/v2\/pages"}],"about":[{"href":"https:\/\/www.villaombrosa.it\/es\/wp-json\/wp\/v2\/types\/page"}],"author":[{"embeddable":true,"href":"https:\/\/www.villaombrosa.it\/es\/wp-json\/wp\/v2\/users\/1"}],"replies":[{"embeddable":true,"href":"https:\/\/www.villaombrosa.it\/es\/wp-json\/wp\/v2\/comments?post=2427"}],"version-history":[{"count":2,"href":"https:\/\/www.villaombrosa.it\/es\/wp-json\/wp\/v2\/pages\/2427\/revisions"}],"predecessor-version":[{"id":3058,"href":"https:\/\/www.villaombrosa.it\/es\/wp-json\/wp\/v2\/pages\/2427\/revisions\/3058"}],"wp:attachment":[{"href":"https:\/\/www.villaombrosa.it\/es\/wp-json\/wp\/v2\/media?parent=2427"}],"curies":[{"name":"wp","href":"https:\/\/api.w.org\/{rel}","templated":true}]}}