{"id":2421,"date":"2017-07-19T09:14:34","date_gmt":"2017-07-19T09:14:34","guid":{"rendered":"https:\/\/www.villaombrosa.it\/sala-fitness\/"},"modified":"2018-05-17T16:21:01","modified_gmt":"2018-05-17T14:21:01","slug":"sala-fitness","status":"publish","type":"page","link":"https:\/\/www.villaombrosa.it\/es\/sala-fitness\/","title":{"rendered":"Sala Fitness"},"content":{"rendered":"<div class=\"wpb-content-wrapper\"><p>[vc_row css=\u00bb.vc_custom_1521100979801{padding-bottom: 50px !important;}\u00bb][vc_column width=\u00bb1\/2&#8243; css=\u00bb.vc_custom_1492678451406{padding-right: 0px !important;padding-left: 0px !important;}\u00bb][vc_custom_heading text=\u00bbSala Fitness\u00bb font_container=\u00bbtag:h1|text_align:center\u00bb use_theme_fonts=\u00bbyes\u00bb]<div style=\"background-color:;height: 30px\" class=\"nicdark_section  \"><\/div>[vc_separator el_width=\u00bb50&#8243;][vc_column_text]El hotel Villa Ombrosa pone a disposici\u00f3n de sus hu\u00e9spedes, gratuitamente, una nueva Zona Fitness situada en la planta baja en un ambiente acondicionado.<\/p>\n<p>&nbsp;<\/p>\n<p>Recientemente abierta, la Zona Fitness est\u00e1 compuesta por aparatos Technogym de nueva generaci\u00f3n como el Tapis Roulant con distintas regulaciones de velocidad y desnivel, Cyclette tambi\u00e9n regulable con varias funciones y maquinario completo para el Body Building; a disposici\u00f3n de los hu\u00e9spedes tambi\u00e9n monitores card\u00edacos de pulsaciones que se pueden conectar directamente a las m\u00e1quinas.<\/p>\n<p>&nbsp;<\/p>\n<p>La sociedad Technogym es, desde hace decenas de a\u00f1os, un l\u00edder mundial de aparatos de gimnasio para Fitness. Adem\u00e1s hay tambi\u00e9n otros aparatos como banco de abdominales, step, banco inverso.[\/vc_column_text][\/vc_column][vc_column width=\u00bb1\/2&#8243;][vc_media_grid grid_id=\u00bbvc_gid:1526566840268-0fd1873c-5fc7-0&#8243; include=\u00bb1905,1904,1903,1902,1901,1900,1899,1898,1897&#8243;][\/vc_column][\/vc_row][vc_row full_width=\u00bbstretch_row\u00bb content_placement=\u00bbmiddle\u00bb parallax=\u00bbcontent-moving\u00bb parallax_image=\u00bb1776&#8243; css=\u00bb.vc_custom_1521101168361{padding-top: 85px !important;padding-bottom: 85px !important;}\u00bb el_class=\u00bbnd_options_vc_parallax_filter_1_3&#8243;][vc_column width=\u00bb1\/2&#8243;]<div style=\"background-color:;height: 15px\" class=\"nicdark_section  \"><\/div> <h2 style=\"color:#ffffff;padding:px;text-align:;font-size:50px;line-height:50px;letter-spacing: px;font-weight:normal\" class=\"   nd_options_first_font \">Altri servizi<\/h2> <div style=\"background-color:;height: 40px\" class=\"nicdark_section  \"><\/div> <p style=\"color:#ffffff;padding:px;text-align:;font-size:16px;line-height:25px;letter-spacing: 2px;font-weight:lighter\" class=\"   nd_options_first_font \">connessione internet Wi-Fi (gratuito), sala biliardo, accettazione animali domestici, gestione gruppi, ascensore, bar, custodia valori, parcheggio privato coperto, baby sitting, spiaggia privata attrezzata gratuita. <\/p> <div style=\"background-color:;height: 40px\" class=\"nicdark_section  \"><\/div>[\/vc_column][vc_column width=\u00bb1\/4&#8243;]<div style=\"background-color:;height: 15px\" class=\"nicdark_section  \"><\/div>\n\n    <div class=\"nd_options_section nd_options_bg_white nd_options_border_radius_15 nd_options_services_7_page \">\n                                        \n        <div class=\"nd_options_section nd_options_box_sizing_border_box nd_options_padding_20 nd_options_text_align_center\">\n            \n            <img decoding=\"async\" alt=\"\" width=\"40\" src=\"https:\/\/www.villaombrosa.it\/wp-content\/uploads\/2017\/07\/icon-12-1.png\">\n            <div class=\"nd_options_section nd_options_height_5\"><\/div>\n            <h1 class=\"nd_options_font_size_40\">WiFi<\/h1>\n            <div class=\"nd_options_section nd_options_height_10\"><\/div>\n            <h4 class=\"nd_options_color_grey nd_options_font_size_12 nd_options_text_transform_uppercase nd_options_letter_spacing_3 nd_options_second_font nd_options_font_weight_lighter\"><\/h4>\n\n        <\/div>\n\n    <\/div>\n\n  <div style=\"background-color:;height: 30px\" class=\"nicdark_section  \"><\/div>\n\n    <div class=\"nd_options_section nd_options_bg_white nd_options_border_radius_15 nd_options_services_7_page \">\n                                        \n        <div class=\"nd_options_section nd_options_box_sizing_border_box nd_options_padding_20 nd_options_text_align_center\">\n            \n            <img decoding=\"async\" alt=\"\" width=\"40\" src=\"https:\/\/www.villaombrosa.it\/wp-content\/uploads\/2017\/07\/icon-17.png\">\n            <div class=\"nd_options_section nd_options_height_5\"><\/div>\n            <h1 class=\"nd_options_font_size_40\">Ristorante<\/h1>\n            <div class=\"nd_options_section nd_options_height_10\"><\/div>\n            <h4 class=\"nd_options_color_grey nd_options_font_size_12 nd_options_text_transform_uppercase nd_options_letter_spacing_3 nd_options_second_font nd_options_font_weight_lighter\"><\/h4>\n\n        <\/div>\n\n    <\/div>\n\n  <div style=\"background-color:;height: 15px\" class=\"nicdark_section  \"><\/div>[\/vc_column][vc_column width=\u00bb1\/4&#8243;]<div style=\"background-color:;height: 15px\" class=\"nicdark_section  \"><\/div>\n\n    <div class=\"nd_options_section nd_options_bg_white nd_options_border_radius_15 nd_options_services_7_page \">\n                                        \n        <div class=\"nd_options_section nd_options_box_sizing_border_box nd_options_padding_20 nd_options_text_align_center\">\n            \n            <img decoding=\"async\" alt=\"\" width=\"40\" src=\"https:\/\/www.villaombrosa.it\/wp-content\/uploads\/2017\/07\/icon-18.png\">\n            <div class=\"nd_options_section nd_options_height_5\"><\/div>\n            <h1 class=\"nd_options_font_size_40\">Tv Sat<\/h1>\n            <div class=\"nd_options_section nd_options_height_10\"><\/div>\n            <h4 class=\"nd_options_color_grey nd_options_font_size_12 nd_options_text_transform_uppercase nd_options_letter_spacing_3 nd_options_second_font nd_options_font_weight_lighter\"><\/h4>\n\n        <\/div>\n\n    <\/div>\n\n  <div style=\"background-color:;height: 30px\" class=\"nicdark_section  \"><\/div>\n\n    <div class=\"nd_options_section nd_options_bg_white nd_options_border_radius_15 nd_options_services_7_page \">\n                                        \n        <div class=\"nd_options_section nd_options_box_sizing_border_box nd_options_padding_20 nd_options_text_align_center\">\n            \n            <img decoding=\"async\" alt=\"\" width=\"40\" src=\"https:\/\/www.villaombrosa.it\/wp-content\/uploads\/2017\/07\/icon-11-1.png\">\n            <div class=\"nd_options_section nd_options_height_5\"><\/div>\n            <h1 class=\"nd_options_font_size_40\">Spiaggia<\/h1>\n            <div class=\"nd_options_section nd_options_height_10\"><\/div>\n            <h4 class=\"nd_options_color_grey nd_options_font_size_12 nd_options_text_transform_uppercase nd_options_letter_spacing_3 nd_options_second_font nd_options_font_weight_lighter\"><\/h4>\n\n        <\/div>\n\n    <\/div>\n\n  <div style=\"background-color:;height: 15px\" class=\"nicdark_section  \"><\/div>[\/vc_column][\/vc_row][vc_row css=\u00bb.vc_custom_1521102924305{padding-top: 50px !important;}\u00bb][vc_column][vc_column_text]<\/p>\n<h3>Convenzioni<\/h3>\n<p>&nbsp;<\/p>\n<p><img loading=\"lazy\" decoding=\"async\" class=\"wp-image-1895 alignleft\" src=\"https:\/\/www.villaombrosa.it\/wp-content\/uploads\/2018\/03\/terme-san-giovanni-300x247.png\" alt=\"\" width=\"150\" height=\"124\" \/>Il nostro Hotel ha inoltre attivato una convenzione con le <a href=\"http:\/\/www.termelbane.com\/\" target=\"_blank\" rel=\"noopener\"><strong>Terme Elbane di San Giovanni<\/strong><\/a>, con uno sconto del 10% e un minimo di 7 pernottamenti per i pazienti termali.[\/vc_column_text][\/vc_column][\/vc_row]<\/p>\n<\/div>","protected":false},"excerpt":{"rendered":"<p>[vc_row css=\u00bb.vc_custom_1521100979801{padding-bottom: 50px !important;}\u00bb][vc_column width=\u00bb1\/2&#8243; css=\u00bb.vc_custom_1492678451406{padding-right: 0px !important;padding-left: 0px !important;}\u00bb][vc_custom_heading text=\u00bbSala Fitness\u00bb font_container=\u00bbtag:h1|text_align:center\u00bb use_theme_fonts=\u00bbyes\u00bb][vc_separator el_width=\u00bb50&#8243;][vc_column_text]El hotel Villa Ombrosa pone a disposici\u00f3n de sus hu\u00e9spedes, gratuitamente, una nueva Zona Fitness situada en la planta baja en un ambiente acondicionado. &nbsp; Recientemente abierta, la Zona Fitness est\u00e1 compuesta por aparatos Technogym de nueva generaci\u00f3n como el Tapis [&hellip;]<\/p>\n","protected":false},"author":1,"featured_media":0,"parent":0,"menu_order":0,"comment_status":"closed","ping_status":"closed","template":"","meta":{"footnotes":""},"class_list":["post-2421","page","type-page","status-publish","hentry"],"yoast_head":"<!-- This site is optimized with the Yoast SEO plugin v26.6 - https:\/\/yoast.com\/wordpress\/plugins\/seo\/ -->\n<title>Sala Fitness - Hotel Villa Ombrosa<\/title>\n<meta name=\"robots\" content=\"index, follow, max-snippet:-1, max-image-preview:large, max-video-preview:-1\" \/>\n<link rel=\"canonical\" href=\"https:\/\/www.villaombrosa.it\/es\/sala-fitness\/\" \/>\n<meta property=\"og:locale\" content=\"es_ES\" \/>\n<meta property=\"og:type\" content=\"article\" \/>\n<meta property=\"og:title\" content=\"Sala Fitness - Hotel Villa Ombrosa\" \/>\n<meta property=\"og:description\" content=\"[vc_row css=\u00bb.vc_custom_1521100979801{padding-bottom: 50px !important;}\u00bb][vc_column width=\u00bb1\/2&#8243; css=\u00bb.vc_custom_1492678451406{padding-right: 0px !important;padding-left: 0px !important;}\u00bb][vc_custom_heading text=\u00bbSala Fitness\u00bb font_container=\u00bbtag:h1|text_align:center\u00bb use_theme_fonts=\u00bbyes\u00bb][vc_separator el_width=\u00bb50&#8243;][vc_column_text]El hotel Villa Ombrosa pone a disposici\u00f3n de sus hu\u00e9spedes, gratuitamente, una nueva Zona Fitness situada en la planta baja en un ambiente acondicionado. &nbsp; Recientemente abierta, la Zona Fitness est\u00e1 compuesta por aparatos Technogym de nueva generaci\u00f3n como el Tapis [&hellip;]\" \/>\n<meta property=\"og:url\" content=\"https:\/\/www.villaombrosa.it\/es\/sala-fitness\/\" \/>\n<meta property=\"og:site_name\" content=\"Hotel Villa Ombrosa\" \/>\n<meta property=\"article:publisher\" content=\"http:\/\/www.facebook.com\/hotelvillaombrosa\" \/>\n<meta property=\"article:modified_time\" content=\"2018-05-17T14:21:01+00:00\" \/>\n<meta property=\"og:image\" content=\"https:\/\/www.villaombrosa.it\/wp-content\/uploads\/2018\/03\/terme-san-giovanni-300x247.png\" \/>\n<meta name=\"twitter:card\" content=\"summary_large_image\" \/>\n<meta name=\"twitter:label1\" content=\"Tiempo de lectura\" \/>\n\t<meta name=\"twitter:data1\" content=\"3 minutos\" \/>\n<script type=\"application\/ld+json\" class=\"yoast-schema-graph\">{\"@context\":\"https:\/\/schema.org\",\"@graph\":[{\"@type\":\"WebPage\",\"@id\":\"https:\/\/www.villaombrosa.it\/es\/sala-fitness\/\",\"url\":\"https:\/\/www.villaombrosa.it\/es\/sala-fitness\/\",\"name\":\"Sala Fitness - Hotel Villa Ombrosa\",\"isPartOf\":{\"@id\":\"https:\/\/www.villaombrosa.it\/#website\"},\"primaryImageOfPage\":{\"@id\":\"https:\/\/www.villaombrosa.it\/es\/sala-fitness\/#primaryimage\"},\"image\":{\"@id\":\"https:\/\/www.villaombrosa.it\/es\/sala-fitness\/#primaryimage\"},\"thumbnailUrl\":\"https:\/\/www.villaombrosa.it\/wp-content\/uploads\/2018\/03\/terme-san-giovanni-300x247.png\",\"datePublished\":\"2017-07-19T09:14:34+00:00\",\"dateModified\":\"2018-05-17T14:21:01+00:00\",\"breadcrumb\":{\"@id\":\"https:\/\/www.villaombrosa.it\/es\/sala-fitness\/#breadcrumb\"},\"inLanguage\":\"es\",\"potentialAction\":[{\"@type\":\"ReadAction\",\"target\":[\"https:\/\/www.villaombrosa.it\/es\/sala-fitness\/\"]}]},{\"@type\":\"ImageObject\",\"inLanguage\":\"es\",\"@id\":\"https:\/\/www.villaombrosa.it\/es\/sala-fitness\/#primaryimage\",\"url\":\"https:\/\/www.villaombrosa.it\/wp-content\/uploads\/2018\/03\/terme-san-giovanni-300x247.png\",\"contentUrl\":\"https:\/\/www.villaombrosa.it\/wp-content\/uploads\/2018\/03\/terme-san-giovanni-300x247.png\"},{\"@type\":\"BreadcrumbList\",\"@id\":\"https:\/\/www.villaombrosa.it\/es\/sala-fitness\/#breadcrumb\",\"itemListElement\":[{\"@type\":\"ListItem\",\"position\":1,\"name\":\"Home\",\"item\":\"https:\/\/www.villaombrosa.it\/es\/\"},{\"@type\":\"ListItem\",\"position\":2,\"name\":\"Sala Fitness\"}]},{\"@type\":\"WebSite\",\"@id\":\"https:\/\/www.villaombrosa.it\/#website\",\"url\":\"https:\/\/www.villaombrosa.it\/\",\"name\":\"Hotel Villa Ombrosa\",\"description\":\"Vacanze all&#039;Isola d&#039;Elba affacciati sullo splendido golfo di Le Ghiaie\",\"publisher\":{\"@id\":\"https:\/\/www.villaombrosa.it\/#organization\"},\"potentialAction\":[{\"@type\":\"SearchAction\",\"target\":{\"@type\":\"EntryPoint\",\"urlTemplate\":\"https:\/\/www.villaombrosa.it\/?s={search_term_string}\"},\"query-input\":{\"@type\":\"PropertyValueSpecification\",\"valueRequired\":true,\"valueName\":\"search_term_string\"}}],\"inLanguage\":\"es\"},{\"@type\":\"Organization\",\"@id\":\"https:\/\/www.villaombrosa.it\/#organization\",\"name\":\"Hotel Villa Ombrosa\",\"url\":\"https:\/\/www.villaombrosa.it\/\",\"logo\":{\"@type\":\"ImageObject\",\"inLanguage\":\"es\",\"@id\":\"https:\/\/www.villaombrosa.it\/#\/schema\/logo\/image\/\",\"url\":\"https:\/\/www.villaombrosa.it\/wp-content\/uploads\/2018\/02\/logo-bianco.png\",\"contentUrl\":\"https:\/\/www.villaombrosa.it\/wp-content\/uploads\/2018\/02\/logo-bianco.png\",\"width\":250,\"height\":100,\"caption\":\"Hotel Villa Ombrosa\"},\"image\":{\"@id\":\"https:\/\/www.villaombrosa.it\/#\/schema\/logo\/image\/\"},\"sameAs\":[\"http:\/\/www.facebook.com\/hotelvillaombrosa\"]}]}<\/script>\n<!-- \/ Yoast SEO plugin. -->","yoast_head_json":{"title":"Sala Fitness - Hotel Villa Ombrosa","robots":{"index":"index","follow":"follow","max-snippet":"max-snippet:-1","max-image-preview":"max-image-preview:large","max-video-preview":"max-video-preview:-1"},"canonical":"https:\/\/www.villaombrosa.it\/es\/sala-fitness\/","og_locale":"es_ES","og_type":"article","og_title":"Sala Fitness - Hotel Villa Ombrosa","og_description":"[vc_row css=\u00bb.vc_custom_1521100979801{padding-bottom: 50px !important;}\u00bb][vc_column width=\u00bb1\/2&#8243; css=\u00bb.vc_custom_1492678451406{padding-right: 0px !important;padding-left: 0px !important;}\u00bb][vc_custom_heading text=\u00bbSala Fitness\u00bb font_container=\u00bbtag:h1|text_align:center\u00bb use_theme_fonts=\u00bbyes\u00bb][vc_separator el_width=\u00bb50&#8243;][vc_column_text]El hotel Villa Ombrosa pone a disposici\u00f3n de sus hu\u00e9spedes, gratuitamente, una nueva Zona Fitness situada en la planta baja en un ambiente acondicionado. &nbsp; Recientemente abierta, la Zona Fitness est\u00e1 compuesta por aparatos Technogym de nueva generaci\u00f3n como el Tapis [&hellip;]","og_url":"https:\/\/www.villaombrosa.it\/es\/sala-fitness\/","og_site_name":"Hotel Villa Ombrosa","article_publisher":"http:\/\/www.facebook.com\/hotelvillaombrosa","article_modified_time":"2018-05-17T14:21:01+00:00","og_image":[{"url":"https:\/\/www.villaombrosa.it\/wp-content\/uploads\/2018\/03\/terme-san-giovanni-300x247.png","type":"","width":"","height":""}],"twitter_card":"summary_large_image","twitter_misc":{"Tiempo de lectura":"3 minutos"},"schema":{"@context":"https:\/\/schema.org","@graph":[{"@type":"WebPage","@id":"https:\/\/www.villaombrosa.it\/es\/sala-fitness\/","url":"https:\/\/www.villaombrosa.it\/es\/sala-fitness\/","name":"Sala Fitness - Hotel Villa Ombrosa","isPartOf":{"@id":"https:\/\/www.villaombrosa.it\/#website"},"primaryImageOfPage":{"@id":"https:\/\/www.villaombrosa.it\/es\/sala-fitness\/#primaryimage"},"image":{"@id":"https:\/\/www.villaombrosa.it\/es\/sala-fitness\/#primaryimage"},"thumbnailUrl":"https:\/\/www.villaombrosa.it\/wp-content\/uploads\/2018\/03\/terme-san-giovanni-300x247.png","datePublished":"2017-07-19T09:14:34+00:00","dateModified":"2018-05-17T14:21:01+00:00","breadcrumb":{"@id":"https:\/\/www.villaombrosa.it\/es\/sala-fitness\/#breadcrumb"},"inLanguage":"es","potentialAction":[{"@type":"ReadAction","target":["https:\/\/www.villaombrosa.it\/es\/sala-fitness\/"]}]},{"@type":"ImageObject","inLanguage":"es","@id":"https:\/\/www.villaombrosa.it\/es\/sala-fitness\/#primaryimage","url":"https:\/\/www.villaombrosa.it\/wp-content\/uploads\/2018\/03\/terme-san-giovanni-300x247.png","contentUrl":"https:\/\/www.villaombrosa.it\/wp-content\/uploads\/2018\/03\/terme-san-giovanni-300x247.png"},{"@type":"BreadcrumbList","@id":"https:\/\/www.villaombrosa.it\/es\/sala-fitness\/#breadcrumb","itemListElement":[{"@type":"ListItem","position":1,"name":"Home","item":"https:\/\/www.villaombrosa.it\/es\/"},{"@type":"ListItem","position":2,"name":"Sala Fitness"}]},{"@type":"WebSite","@id":"https:\/\/www.villaombrosa.it\/#website","url":"https:\/\/www.villaombrosa.it\/","name":"Hotel Villa Ombrosa","description":"Vacanze all&#039;Isola d&#039;Elba affacciati sullo splendido golfo di Le Ghiaie","publisher":{"@id":"https:\/\/www.villaombrosa.it\/#organization"},"potentialAction":[{"@type":"SearchAction","target":{"@type":"EntryPoint","urlTemplate":"https:\/\/www.villaombrosa.it\/?s={search_term_string}"},"query-input":{"@type":"PropertyValueSpecification","valueRequired":true,"valueName":"search_term_string"}}],"inLanguage":"es"},{"@type":"Organization","@id":"https:\/\/www.villaombrosa.it\/#organization","name":"Hotel Villa Ombrosa","url":"https:\/\/www.villaombrosa.it\/","logo":{"@type":"ImageObject","inLanguage":"es","@id":"https:\/\/www.villaombrosa.it\/#\/schema\/logo\/image\/","url":"https:\/\/www.villaombrosa.it\/wp-content\/uploads\/2018\/02\/logo-bianco.png","contentUrl":"https:\/\/www.villaombrosa.it\/wp-content\/uploads\/2018\/02\/logo-bianco.png","width":250,"height":100,"caption":"Hotel Villa Ombrosa"},"image":{"@id":"https:\/\/www.villaombrosa.it\/#\/schema\/logo\/image\/"},"sameAs":["http:\/\/www.facebook.com\/hotelvillaombrosa"]}]}},"_links":{"self":[{"href":"https:\/\/www.villaombrosa.it\/es\/wp-json\/wp\/v2\/pages\/2421","targetHints":{"allow":["GET"]}}],"collection":[{"href":"https:\/\/www.villaombrosa.it\/es\/wp-json\/wp\/v2\/pages"}],"about":[{"href":"https:\/\/www.villaombrosa.it\/es\/wp-json\/wp\/v2\/types\/page"}],"author":[{"embeddable":true,"href":"https:\/\/www.villaombrosa.it\/es\/wp-json\/wp\/v2\/users\/1"}],"replies":[{"embeddable":true,"href":"https:\/\/www.villaombrosa.it\/es\/wp-json\/wp\/v2\/comments?post=2421"}],"version-history":[{"count":1,"href":"https:\/\/www.villaombrosa.it\/es\/wp-json\/wp\/v2\/pages\/2421\/revisions"}],"predecessor-version":[{"id":2422,"href":"https:\/\/www.villaombrosa.it\/es\/wp-json\/wp\/v2\/pages\/2421\/revisions\/2422"}],"wp:attachment":[{"href":"https:\/\/www.villaombrosa.it\/es\/wp-json\/wp\/v2\/media?parent=2421"}],"curies":[{"name":"wp","href":"https:\/\/api.w.org\/{rel}","templated":true}]}}