{"id":2402,"date":"2018-02-21T09:28:58","date_gmt":"2018-02-21T08:28:58","guid":{"rendered":"https:\/\/www.villaombrosa.it\/hotel\/"},"modified":"2025-12-17T16:09:07","modified_gmt":"2025-12-17T15:09:07","slug":"hotel","status":"publish","type":"page","link":"https:\/\/www.villaombrosa.it\/es\/hotel\/","title":{"rendered":"Hotel"},"content":{"rendered":"<div class=\"wpb-content-wrapper\"><p>[vc_row css=\u00bb.vc_custom_1521024768364{padding-bottom: 50px !important;}\u00bb][vc_column width=\u00bb1\/2&#8243;][vc_custom_heading text=\u00bbHotel en el mar en la isla de Elba\u00bb font_container=\u00bbtag:h1|text_align:center\u00bb use_theme_fonts=\u00bbyes\u00bb]<div style=\"background-color:;height: 30px\" class=\"nicdark_section  \"><\/div>[vc_separator el_width=\u00bb50&#8243;][vc_column_text]En el espl\u00e9ndido contexto de la playa de Le Ghiaie se sit\u00faa el Hotel Villa Ombrosa, asomado a las aguas limpid\u00edsimas del golfo, muy cerca del centro de Portoferraio, pero sorprendentemente lejos de su muchedumbre.[\/vc_column_text][vc_column_text]El hotel, recientemente reestructurado, posee un estilo arquitect\u00f3nico muy peculiar y elegante; cada detalle est\u00e1 sabiamente rebuscado: los acabados de las habitaciones, el cuidado de los jardines, todo ello dirigido a crear un ambiente exclusivo.[\/vc_column_text][\/vc_column][vc_column width=\u00bb1\/2&#8243;][vc_single_image image=\u00bb2628&#8243; img_size=\u00bblarge\u00bb alignment=\u00bbcenter\u00bb][\/vc_column][\/vc_row][vc_row css=\u00bb.vc_custom_1521024774742{padding-bottom: 50px !important;}\u00bb][vc_column width=\u00bb1\/2&#8243;][vc_single_image image=\u00bb2563&#8243; img_size=\u00bblarge\u00bb][\/vc_column][vc_column width=\u00bb1\/2&#8243;][vc_custom_heading text=\u00bbRelax\u00bb font_container=\u00bbtag:h2|text_align:center\u00bb use_theme_fonts=\u00bbyes\u00bb]<div style=\"background-color:;height: 30px\" class=\"nicdark_section  \"><\/div>[vc_separator el_width=\u00bb50&#8243;][vc_column_text]Situado en posici\u00f3n panor\u00e1mica est\u00e1 dotado de espacios exteriores, playa privada, terrazas y un parque de encinas seculares donde se puede disfrutar de momentos de relax.<\/p>\n<p>La cocina es de tipo familiar ampliamente surtida, muy cuidada y con un rico men\u00fa.[\/vc_column_text][vc_column_text]Todas las habitaciones tienen ba\u00f1o y est\u00e1n dotadas de TV via sat\u00e9lite, conexi\u00f3n internet Wi-Fi (free), tel\u00e9fono, aire acondicionado y frigo-bar.<\/p>\n<p>&nbsp;<\/p>\n<p>Todas las \u00e1reas p\u00fablicas y la playa est\u00e1n cubiertas por el servicio Wi-Fi.[\/vc_column_text][\/vc_column][\/vc_row][vc_row full_width=\u00bbstretch_row\u00bb content_placement=\u00bbmiddle\u00bb parallax=\u00bbcontent-moving\u00bb parallax_image=\u00bb1776&#8243; css=\u00bb.vc_custom_1521101168361{padding-top: 85px !important;padding-bottom: 85px !important;}\u00bb el_class=\u00bbnd_options_vc_parallax_filter_1_3&#8243;][vc_column width=\u00bb1\/2&#8243;]<div style=\"background-color:;height: 15px\" class=\"nicdark_section  \"><\/div> <h2 style=\"color:#ffffff;padding:px;text-align:;font-size:50px;line-height:50px;letter-spacing: px;font-weight:normal\" class=\"   nd_options_first_font \">Servicios<\/h2> <div style=\"background-color:;height: 40px\" class=\"nicdark_section  \"><\/div> <p style=\"color:#ffffff;padding:px;text-align:;font-size:16px;line-height:25px;letter-spacing: 2px;font-weight:lighter\" class=\"   nd_options_first_font \">conexi\u00f3n internet Wi-Fi (free), sala billar, admisi\u00f3n animales dom\u00e9sticos, gesti\u00f3n grupos, ascensor, bar, custodia de valores, aparcamiento privado cubierto, baby sitting, playa privada equipada gratuita.<\/p> <div style=\"background-color:;height: 40px\" class=\"nicdark_section  \"><\/div>[\/vc_column][vc_column width=\u00bb1\/4&#8243;]<div style=\"background-color:;height: 15px\" class=\"nicdark_section  \"><\/div>\n\n    <div class=\"nd_options_section nd_options_bg_white nd_options_border_radius_15 nd_options_services_7_page \">\n                                        \n        <div class=\"nd_options_section nd_options_box_sizing_border_box nd_options_padding_20 nd_options_text_align_center\">\n            \n            <img decoding=\"async\" alt=\"\" width=\"40\" src=\"https:\/\/www.villaombrosa.it\/wp-content\/uploads\/2017\/07\/icon-12-1.png\">\n            <div class=\"nd_options_section nd_options_height_5\"><\/div>\n            <h1 class=\"nd_options_font_size_40\">WiFi<\/h1>\n            <div class=\"nd_options_section nd_options_height_10\"><\/div>\n            <h4 class=\"nd_options_color_grey nd_options_font_size_12 nd_options_text_transform_uppercase nd_options_letter_spacing_3 nd_options_second_font nd_options_font_weight_lighter\"><\/h4>\n\n        <\/div>\n\n    <\/div>\n\n  <div style=\"background-color:;height: 30px\" class=\"nicdark_section  \"><\/div>\n\n    <div class=\"nd_options_section nd_options_bg_white nd_options_border_radius_15 nd_options_services_7_page \">\n                                        \n        <div class=\"nd_options_section nd_options_box_sizing_border_box nd_options_padding_20 nd_options_text_align_center\">\n            \n            <img decoding=\"async\" alt=\"\" width=\"40\" src=\"https:\/\/www.villaombrosa.it\/wp-content\/uploads\/2017\/07\/icon-17.png\">\n            <div class=\"nd_options_section nd_options_height_5\"><\/div>\n            <h1 class=\"nd_options_font_size_40\">Restaurante<\/h1>\n            <div class=\"nd_options_section nd_options_height_10\"><\/div>\n            <h4 class=\"nd_options_color_grey nd_options_font_size_12 nd_options_text_transform_uppercase nd_options_letter_spacing_3 nd_options_second_font nd_options_font_weight_lighter\"><\/h4>\n\n        <\/div>\n\n    <\/div>\n\n  <div style=\"background-color:;height: 30px\" class=\"nicdark_section  \"><\/div>\n\n    <div class=\"nd_options_section nd_options_bg_white nd_options_border_radius_15 nd_options_services_7_page \">\n                                        \n        <div class=\"nd_options_section nd_options_box_sizing_border_box nd_options_padding_20 nd_options_text_align_center\">\n            \n            <img decoding=\"async\" alt=\"\" width=\"40\" src=\"https:\/\/www.villaombrosa.it\/wp-content\/uploads\/2025\/12\/icon-recharge.png\">\n            <div class=\"nd_options_section nd_options_height_5\"><\/div>\n            <h1 class=\"nd_options_font_size_40\">Recarga<\/h1>\n            <div class=\"nd_options_section nd_options_height_10\"><\/div>\n            <h4 class=\"nd_options_color_grey nd_options_font_size_12 nd_options_text_transform_uppercase nd_options_letter_spacing_3 nd_options_second_font nd_options_font_weight_lighter\">Estaciones de recarga para coches el\u00e9ctricos<\/h4>\n\n        <\/div>\n\n    <\/div>\n\n  <div style=\"background-color:;height: 15px\" class=\"nicdark_section  \"><\/div>[\/vc_column][vc_column width=\u00bb1\/4&#8243;]<div style=\"background-color:;height: 15px\" class=\"nicdark_section  \"><\/div>\n\n    <div class=\"nd_options_section nd_options_bg_white nd_options_border_radius_15 nd_options_services_7_page \">\n                                        \n        <div class=\"nd_options_section nd_options_box_sizing_border_box nd_options_padding_20 nd_options_text_align_center\">\n            \n            <img decoding=\"async\" alt=\"\" width=\"40\" src=\"https:\/\/www.villaombrosa.it\/wp-content\/uploads\/2017\/07\/icon-18.png\">\n            <div class=\"nd_options_section nd_options_height_5\"><\/div>\n            <h1 class=\"nd_options_font_size_40\">TV por sat\u00e9lite<\/h1>\n            <div class=\"nd_options_section nd_options_height_10\"><\/div>\n            <h4 class=\"nd_options_color_grey nd_options_font_size_12 nd_options_text_transform_uppercase nd_options_letter_spacing_3 nd_options_second_font nd_options_font_weight_lighter\"><\/h4>\n\n        <\/div>\n\n    <\/div>\n\n  <div style=\"background-color:;height: 30px\" class=\"nicdark_section  \"><\/div>\n\n    <div class=\"nd_options_section nd_options_bg_white nd_options_border_radius_15 nd_options_services_7_page \">\n                                        \n        <div class=\"nd_options_section nd_options_box_sizing_border_box nd_options_padding_20 nd_options_text_align_center\">\n            \n            <img decoding=\"async\" alt=\"\" width=\"40\" src=\"https:\/\/www.villaombrosa.it\/wp-content\/uploads\/2017\/07\/icon-11-1.png\">\n            <div class=\"nd_options_section nd_options_height_5\"><\/div>\n            <h1 class=\"nd_options_font_size_40\">Playa<\/h1>\n            <div class=\"nd_options_section nd_options_height_10\"><\/div>\n            <h4 class=\"nd_options_color_grey nd_options_font_size_12 nd_options_text_transform_uppercase nd_options_letter_spacing_3 nd_options_second_font nd_options_font_weight_lighter\"><\/h4>\n\n        <\/div>\n\n    <\/div>\n\n  <div style=\"background-color:;height: 15px\" class=\"nicdark_section  \"><\/div>[\/vc_column][\/vc_row][vc_row css=\u00bb.vc_custom_1521102924305{padding-top: 50px !important;}\u00bb][vc_column][vc_column_text css=\u00bb\u00bb]<\/p>\n<h3>Acuerdos<\/h3>\n<p>&nbsp;<\/p>\n<p><img loading=\"lazy\" decoding=\"async\" class=\"wp-image-1895 alignleft\" src=\"https:\/\/www.villaombrosa.it\/wp-content\/uploads\/2018\/03\/terme-san-giovanni-300x247.png\" alt=\"\" width=\"150\" height=\"124\" \/>Nuestro Hotel ha establecido tambi\u00e9n un acuerdo con las <a href=\"http:\/\/www.termelbane.com\/\" target=\"_blank\" rel=\"noopener\"><strong>Terme Elbane di San Giovanni<\/strong><\/a>, con un descuento del 10% y un m\u00ednimo de 7 noches para los pacientes termales.[\/vc_column_text][\/vc_column][\/vc_row]<\/p>\n<\/div>","protected":false},"excerpt":{"rendered":"<p>[vc_row css=\u00bb.vc_custom_1521024768364{padding-bottom: 50px !important;}\u00bb][vc_column width=\u00bb1\/2&#8243;][vc_custom_heading text=\u00bbHotel en el mar en la isla de Elba\u00bb font_container=\u00bbtag:h1|text_align:center\u00bb use_theme_fonts=\u00bbyes\u00bb][vc_separator el_width=\u00bb50&#8243;][vc_column_text]En el espl\u00e9ndido contexto de la playa de Le Ghiaie se sit\u00faa el Hotel Villa Ombrosa, asomado a las aguas limpid\u00edsimas del golfo, muy cerca del centro de Portoferraio, pero sorprendentemente lejos de su muchedumbre.[\/vc_column_text][vc_column_text]El hotel, recientemente reestructurado, posee [&hellip;]<\/p>\n","protected":false},"author":1,"featured_media":0,"parent":0,"menu_order":0,"comment_status":"closed","ping_status":"closed","template":"","meta":{"footnotes":""},"class_list":["post-2402","page","type-page","status-publish","hentry"],"yoast_head":"<!-- This site is optimized with the Yoast SEO plugin v26.6 - https:\/\/yoast.com\/wordpress\/plugins\/seo\/ -->\n<title>Hotel - Hotel Villa Ombrosa<\/title>\n<meta name=\"robots\" content=\"index, follow, max-snippet:-1, max-image-preview:large, max-video-preview:-1\" \/>\n<link rel=\"canonical\" href=\"https:\/\/www.villaombrosa.it\/es\/hotel\/\" \/>\n<meta property=\"og:locale\" content=\"es_ES\" \/>\n<meta property=\"og:type\" content=\"article\" \/>\n<meta property=\"og:title\" content=\"Hotel - Hotel Villa Ombrosa\" \/>\n<meta property=\"og:description\" content=\"[vc_row css=\u00bb.vc_custom_1521024768364{padding-bottom: 50px !important;}\u00bb][vc_column width=\u00bb1\/2&#8243;][vc_custom_heading text=\u00bbHotel en el mar en la isla de Elba\u00bb font_container=\u00bbtag:h1|text_align:center\u00bb use_theme_fonts=\u00bbyes\u00bb][vc_separator el_width=\u00bb50&#8243;][vc_column_text]En el espl\u00e9ndido contexto de la playa de Le Ghiaie se sit\u00faa el Hotel Villa Ombrosa, asomado a las aguas limpid\u00edsimas del golfo, muy cerca del centro de Portoferraio, pero sorprendentemente lejos de su muchedumbre.[\/vc_column_text][vc_column_text]El hotel, recientemente reestructurado, posee [&hellip;]\" \/>\n<meta property=\"og:url\" content=\"https:\/\/www.villaombrosa.it\/es\/hotel\/\" \/>\n<meta property=\"og:site_name\" content=\"Hotel Villa Ombrosa\" \/>\n<meta property=\"article:publisher\" content=\"http:\/\/www.facebook.com\/hotelvillaombrosa\" \/>\n<meta property=\"article:modified_time\" content=\"2025-12-17T15:09:07+00:00\" \/>\n<meta property=\"og:image\" content=\"https:\/\/www.villaombrosa.it\/wp-content\/uploads\/2018\/03\/terme-san-giovanni-300x247.png\" \/>\n<meta name=\"twitter:card\" content=\"summary_large_image\" \/>\n<meta name=\"twitter:label1\" content=\"Tiempo de lectura\" \/>\n\t<meta name=\"twitter:data1\" content=\"4 minutos\" \/>\n<script type=\"application\/ld+json\" class=\"yoast-schema-graph\">{\"@context\":\"https:\/\/schema.org\",\"@graph\":[{\"@type\":\"WebPage\",\"@id\":\"https:\/\/www.villaombrosa.it\/es\/hotel\/\",\"url\":\"https:\/\/www.villaombrosa.it\/es\/hotel\/\",\"name\":\"Hotel - Hotel Villa Ombrosa\",\"isPartOf\":{\"@id\":\"https:\/\/www.villaombrosa.it\/#website\"},\"primaryImageOfPage\":{\"@id\":\"https:\/\/www.villaombrosa.it\/es\/hotel\/#primaryimage\"},\"image\":{\"@id\":\"https:\/\/www.villaombrosa.it\/es\/hotel\/#primaryimage\"},\"thumbnailUrl\":\"https:\/\/www.villaombrosa.it\/wp-content\/uploads\/2018\/03\/terme-san-giovanni-300x247.png\",\"datePublished\":\"2018-02-21T08:28:58+00:00\",\"dateModified\":\"2025-12-17T15:09:07+00:00\",\"breadcrumb\":{\"@id\":\"https:\/\/www.villaombrosa.it\/es\/hotel\/#breadcrumb\"},\"inLanguage\":\"es\",\"potentialAction\":[{\"@type\":\"ReadAction\",\"target\":[\"https:\/\/www.villaombrosa.it\/es\/hotel\/\"]}]},{\"@type\":\"ImageObject\",\"inLanguage\":\"es\",\"@id\":\"https:\/\/www.villaombrosa.it\/es\/hotel\/#primaryimage\",\"url\":\"https:\/\/www.villaombrosa.it\/wp-content\/uploads\/2018\/03\/terme-san-giovanni-300x247.png\",\"contentUrl\":\"https:\/\/www.villaombrosa.it\/wp-content\/uploads\/2018\/03\/terme-san-giovanni-300x247.png\"},{\"@type\":\"BreadcrumbList\",\"@id\":\"https:\/\/www.villaombrosa.it\/es\/hotel\/#breadcrumb\",\"itemListElement\":[{\"@type\":\"ListItem\",\"position\":1,\"name\":\"Home\",\"item\":\"https:\/\/www.villaombrosa.it\/es\/\"},{\"@type\":\"ListItem\",\"position\":2,\"name\":\"Hotel\"}]},{\"@type\":\"WebSite\",\"@id\":\"https:\/\/www.villaombrosa.it\/#website\",\"url\":\"https:\/\/www.villaombrosa.it\/\",\"name\":\"Hotel Villa Ombrosa\",\"description\":\"Vacanze all&#039;Isola d&#039;Elba affacciati sullo splendido golfo di Le Ghiaie\",\"publisher\":{\"@id\":\"https:\/\/www.villaombrosa.it\/#organization\"},\"potentialAction\":[{\"@type\":\"SearchAction\",\"target\":{\"@type\":\"EntryPoint\",\"urlTemplate\":\"https:\/\/www.villaombrosa.it\/?s={search_term_string}\"},\"query-input\":{\"@type\":\"PropertyValueSpecification\",\"valueRequired\":true,\"valueName\":\"search_term_string\"}}],\"inLanguage\":\"es\"},{\"@type\":\"Organization\",\"@id\":\"https:\/\/www.villaombrosa.it\/#organization\",\"name\":\"Hotel Villa Ombrosa\",\"url\":\"https:\/\/www.villaombrosa.it\/\",\"logo\":{\"@type\":\"ImageObject\",\"inLanguage\":\"es\",\"@id\":\"https:\/\/www.villaombrosa.it\/#\/schema\/logo\/image\/\",\"url\":\"https:\/\/www.villaombrosa.it\/wp-content\/uploads\/2018\/02\/logo-bianco.png\",\"contentUrl\":\"https:\/\/www.villaombrosa.it\/wp-content\/uploads\/2018\/02\/logo-bianco.png\",\"width\":250,\"height\":100,\"caption\":\"Hotel Villa Ombrosa\"},\"image\":{\"@id\":\"https:\/\/www.villaombrosa.it\/#\/schema\/logo\/image\/\"},\"sameAs\":[\"http:\/\/www.facebook.com\/hotelvillaombrosa\"]}]}<\/script>\n<!-- \/ Yoast SEO plugin. -->","yoast_head_json":{"title":"Hotel - Hotel Villa Ombrosa","robots":{"index":"index","follow":"follow","max-snippet":"max-snippet:-1","max-image-preview":"max-image-preview:large","max-video-preview":"max-video-preview:-1"},"canonical":"https:\/\/www.villaombrosa.it\/es\/hotel\/","og_locale":"es_ES","og_type":"article","og_title":"Hotel - Hotel Villa Ombrosa","og_description":"[vc_row css=\u00bb.vc_custom_1521024768364{padding-bottom: 50px !important;}\u00bb][vc_column width=\u00bb1\/2&#8243;][vc_custom_heading text=\u00bbHotel en el mar en la isla de Elba\u00bb font_container=\u00bbtag:h1|text_align:center\u00bb use_theme_fonts=\u00bbyes\u00bb][vc_separator el_width=\u00bb50&#8243;][vc_column_text]En el espl\u00e9ndido contexto de la playa de Le Ghiaie se sit\u00faa el Hotel Villa Ombrosa, asomado a las aguas limpid\u00edsimas del golfo, muy cerca del centro de Portoferraio, pero sorprendentemente lejos de su muchedumbre.[\/vc_column_text][vc_column_text]El hotel, recientemente reestructurado, posee [&hellip;]","og_url":"https:\/\/www.villaombrosa.it\/es\/hotel\/","og_site_name":"Hotel Villa Ombrosa","article_publisher":"http:\/\/www.facebook.com\/hotelvillaombrosa","article_modified_time":"2025-12-17T15:09:07+00:00","og_image":[{"url":"https:\/\/www.villaombrosa.it\/wp-content\/uploads\/2018\/03\/terme-san-giovanni-300x247.png","type":"","width":"","height":""}],"twitter_card":"summary_large_image","twitter_misc":{"Tiempo de lectura":"4 minutos"},"schema":{"@context":"https:\/\/schema.org","@graph":[{"@type":"WebPage","@id":"https:\/\/www.villaombrosa.it\/es\/hotel\/","url":"https:\/\/www.villaombrosa.it\/es\/hotel\/","name":"Hotel - Hotel Villa Ombrosa","isPartOf":{"@id":"https:\/\/www.villaombrosa.it\/#website"},"primaryImageOfPage":{"@id":"https:\/\/www.villaombrosa.it\/es\/hotel\/#primaryimage"},"image":{"@id":"https:\/\/www.villaombrosa.it\/es\/hotel\/#primaryimage"},"thumbnailUrl":"https:\/\/www.villaombrosa.it\/wp-content\/uploads\/2018\/03\/terme-san-giovanni-300x247.png","datePublished":"2018-02-21T08:28:58+00:00","dateModified":"2025-12-17T15:09:07+00:00","breadcrumb":{"@id":"https:\/\/www.villaombrosa.it\/es\/hotel\/#breadcrumb"},"inLanguage":"es","potentialAction":[{"@type":"ReadAction","target":["https:\/\/www.villaombrosa.it\/es\/hotel\/"]}]},{"@type":"ImageObject","inLanguage":"es","@id":"https:\/\/www.villaombrosa.it\/es\/hotel\/#primaryimage","url":"https:\/\/www.villaombrosa.it\/wp-content\/uploads\/2018\/03\/terme-san-giovanni-300x247.png","contentUrl":"https:\/\/www.villaombrosa.it\/wp-content\/uploads\/2018\/03\/terme-san-giovanni-300x247.png"},{"@type":"BreadcrumbList","@id":"https:\/\/www.villaombrosa.it\/es\/hotel\/#breadcrumb","itemListElement":[{"@type":"ListItem","position":1,"name":"Home","item":"https:\/\/www.villaombrosa.it\/es\/"},{"@type":"ListItem","position":2,"name":"Hotel"}]},{"@type":"WebSite","@id":"https:\/\/www.villaombrosa.it\/#website","url":"https:\/\/www.villaombrosa.it\/","name":"Hotel Villa Ombrosa","description":"Vacanze all&#039;Isola d&#039;Elba affacciati sullo splendido golfo di Le Ghiaie","publisher":{"@id":"https:\/\/www.villaombrosa.it\/#organization"},"potentialAction":[{"@type":"SearchAction","target":{"@type":"EntryPoint","urlTemplate":"https:\/\/www.villaombrosa.it\/?s={search_term_string}"},"query-input":{"@type":"PropertyValueSpecification","valueRequired":true,"valueName":"search_term_string"}}],"inLanguage":"es"},{"@type":"Organization","@id":"https:\/\/www.villaombrosa.it\/#organization","name":"Hotel Villa Ombrosa","url":"https:\/\/www.villaombrosa.it\/","logo":{"@type":"ImageObject","inLanguage":"es","@id":"https:\/\/www.villaombrosa.it\/#\/schema\/logo\/image\/","url":"https:\/\/www.villaombrosa.it\/wp-content\/uploads\/2018\/02\/logo-bianco.png","contentUrl":"https:\/\/www.villaombrosa.it\/wp-content\/uploads\/2018\/02\/logo-bianco.png","width":250,"height":100,"caption":"Hotel Villa Ombrosa"},"image":{"@id":"https:\/\/www.villaombrosa.it\/#\/schema\/logo\/image\/"},"sameAs":["http:\/\/www.facebook.com\/hotelvillaombrosa"]}]}},"_links":{"self":[{"href":"https:\/\/www.villaombrosa.it\/es\/wp-json\/wp\/v2\/pages\/2402","targetHints":{"allow":["GET"]}}],"collection":[{"href":"https:\/\/www.villaombrosa.it\/es\/wp-json\/wp\/v2\/pages"}],"about":[{"href":"https:\/\/www.villaombrosa.it\/es\/wp-json\/wp\/v2\/types\/page"}],"author":[{"embeddable":true,"href":"https:\/\/www.villaombrosa.it\/es\/wp-json\/wp\/v2\/users\/1"}],"replies":[{"embeddable":true,"href":"https:\/\/www.villaombrosa.it\/es\/wp-json\/wp\/v2\/comments?post=2402"}],"version-history":[{"count":5,"href":"https:\/\/www.villaombrosa.it\/es\/wp-json\/wp\/v2\/pages\/2402\/revisions"}],"predecessor-version":[{"id":3688,"href":"https:\/\/www.villaombrosa.it\/es\/wp-json\/wp\/v2\/pages\/2402\/revisions\/3688"}],"wp:attachment":[{"href":"https:\/\/www.villaombrosa.it\/es\/wp-json\/wp\/v2\/media?parent=2402"}],"curies":[{"name":"wp","href":"https:\/\/api.w.org\/{rel}","templated":true}]}}