{"id":2396,"date":"2018-02-20T15:41:34","date_gmt":"2018-02-20T14:41:34","guid":{"rendered":"https:\/\/www.villaombrosa.it\/come-arrivare\/"},"modified":"2019-04-29T16:05:37","modified_gmt":"2019-04-29T14:05:37","slug":"como-llegar","status":"publish","type":"page","link":"https:\/\/www.villaombrosa.it\/es\/como-llegar\/","title":{"rendered":"C\u00f3mo llegar"},"content":{"rendered":"<div class=\"wpb-content-wrapper\"><p>[vc_row css=\u00bb.vc_custom_1521028166896{padding-bottom: 50px !important;}\u00bb][vc_column width=\u00bb1\/2&#8243;][vc_custom_heading text=\u00bbC\u00f3mo llegar\u00bb font_container=\u00bbtag:h1|text_align:center\u00bb use_theme_fonts=\u00bbyes\u00bb]<div style=\"background-color:;height: 30px\" class=\"nicdark_section  \"><\/div>[vc_separator el_width=\u00bb50&#8243;][vc_column_text]Seguir la direcci\u00f3n \u201cPortoferraio Centro\u201d tanto si se viene de las afueras de Portoferraio como si se viene del Puerto.<\/p>\n<p>&nbsp;<\/p>\n<p>A la altura de la bifurcaci\u00f3n \u201cPorto\/Centro\/Spiaggia\u201d de Le Ghiaie, ir a la izquierda en direcci\u00f3n \u201c<strong>Spiaggia delle Ghiaie<\/strong>\u201d\/Viale Manzoni, tras 400 metros empieza una subida y a la izquierda se encuentra el Hotel <strong>Villa Ombrosa<\/strong>.<\/p>\n<p>&nbsp;<\/p>\n<p>De todos modos, en cada cruce de Portoferraio se podr\u00e1n encontrar las indicaciones con los relativos carteles de nuestra estructura.[\/vc_column_text][\/vc_column][vc_column width=\u00bb1\/2&#8243;][vc_gmaps link=\u00bb#E-8_JTNDaWZyYW1lJTIwc3JjJTNEJTIyaHR0cHMlM0ElMkYlMkZ3d3cuZ29vZ2xlLmNvbSUyRm1hcHMlMkZlbWJlZCUzRnBiJTNEJTIxMW0yNiUyMTFtMTIlMjExbTMlMjExZDk4NDQuMzAwMDI3OTkzNiUyMTJkMTAuMzE0OTgwMjcwMDI5MDUlMjEzZDQyLjgxNTIzNTU1ODQ5OTU5NSUyMTJtMyUyMTFmMCUyMTJmMCUyMTNmMCUyMTNtMiUyMTFpMTAyNCUyMTJpNzY4JTIxNGYxMy4xJTIxNG0xMSUyMTNlMiUyMTRtMyUyMTNtMiUyMTFkNDIuODEyOTY1NSUyMTJkMTAuMzIyNjcxMzk5OTk5OTk5JTIxNG01JTIxMXMweDEyZDYzNmU1ZDdkMGEzYzclMjUzQTB4ZjFiYzUwYmE3YzI2MjdlZiUyMTJzSG90ZWwlMkJWaWxsYSUyQk9tYnJvc2ElMjUyQyUyQlZpYSUyQkFsY2lkZSUyQkRlJTJCR2FzcGVyaSUyNTJDJTJCUG9ydG9mZXJyYWlvJTI1MkMlMkJMSSUyMTNtMiUyMTFkNDIuODE2NjU5JTIxMmQxMC4zMjIwNTQ2OTk5OTk5OTklMjE1ZTAlMjEzbTIlMjExc2l0JTIxMnNpdCUyMTR2MTUyNDgzODc1NzQyNiUyMiUyMHdpZHRoJTNEJTIyNjAwJTIyJTIwaGVpZ2h0JTNEJTIyNDUwJTIyJTIwZnJhbWVib3JkZXIlM0QlMjIwJTIyJTIwc3R5bGUlM0QlMjJib3JkZXIlM0EwJTIyJTIwYWxsb3dmdWxsc2NyZWVuJTNFJTNDJTJGaWZyYW1lJTNF\u00bb][\/vc_column][\/vc_row][vc_row][vc_column][vc_custom_heading text=\u00bbC\u00f3mo llegar a la Isla de Elba\u00bb font_container=\u00bbtag:h2|text_align:center\u00bb use_theme_fonts=\u00bbyes\u00bb]<div style=\"background-color:;height: 30px\" class=\"nicdark_section  \"><\/div>[vc_column_text]La Isla de Elba es accesible en coche embarc\u00e1ndose en Piombino Marittima, donde 4 compa\u00f1ias de navegaci\u00f3n (Toremar, Moby Lines, Blu Navy y Corsica Ferries) disponen de c\u00f3modos transbordadores que durante el periodo veraniego efectuan numerosos viajes diarios.<\/p>\n<p>&nbsp;<\/p>\n<p>Con s\u00f3lo una hora de navegaci\u00f3n se cubren los casi 10 kil\u00f3metros que separan la isla del continente, alcanzando los puertos de Portoferraio, Porto Azzurro y Rio Marina. Existe tambi\u00e9n un enlace veloz por medio de hidroplano, solo para el transporte de pasajeros, que t\u00e1n solo en 20 minutos llega a Cavo, en Rio Marina, continuando hacia Portoferraio, donde llega tras otros 15 minutos de navegaci\u00f3n.<\/p>\n<p>&nbsp;<\/p>\n<p><strong>EN COCHE<\/strong><\/p>\n<p>&nbsp;<\/p>\n<p><strong>Desde el Norte<\/strong>: Autopista A12 hacia Genova-Livorno salir en Rosignano.<br \/>\nContinuar por la S.S Aurelia hasta Venturina-Isola d&#8217; Elba y desde aqu\u00ed continuar hacia Piombino Marittima.<\/p>\n<p>&nbsp;<\/p>\n<p><strong>Desde el Nordeste<\/strong>: Autopista A1 Bologna-Firenze-Pisa-Livorno salir en Rosignano. Continuar por la S.S Aurelia hasta Venturina-Isola d&#8217; Elba y desde aqu\u00ed continuar hasta Piombino Marittima. Como alternativa, cogiendo la s.g.c. Firenze-Pisa-Livorno: salir en Firenze Signa y seguir la s.s. hasta Collesalvetti; volver a la Autopista hasta Rosignano Marittimo y luego coger la autov\u00eda hasta Venturina, y luego a Piombino Marittima.<\/p>\n<p>&nbsp;<\/p>\n<p><strong>Desde el Sur<\/strong>: Autopista A12 Roma-Grosseto S.S Aurelia salida Venturina-Isola d&#8217; Elba, continuar hacia Piombino Marittima.<\/p>\n<p>&nbsp;<\/p>\n<p><strong>POR AVI\u00d3N<\/strong><\/p>\n<p>&nbsp;<\/p>\n<p><a href=\"http:\/\/www.elbaisland-airport.it\/\" target=\"_blank\" rel=\"noopener\">Aeropuerto de Marina di Campo<\/a>.[\/vc_column_text][\/vc_column][\/vc_row]<\/p>\n<\/div>","protected":false},"excerpt":{"rendered":"<p>[vc_row css=\u00bb.vc_custom_1521028166896{padding-bottom: 50px !important;}\u00bb][vc_column width=\u00bb1\/2&#8243;][vc_custom_heading text=\u00bbC\u00f3mo llegar\u00bb font_container=\u00bbtag:h1|text_align:center\u00bb use_theme_fonts=\u00bbyes\u00bb][vc_separator el_width=\u00bb50&#8243;][vc_column_text]Seguir la direcci\u00f3n \u201cPortoferraio Centro\u201d tanto si se viene de las afueras de Portoferraio como si se viene del Puerto. &nbsp; A la altura de la bifurcaci\u00f3n \u201cPorto\/Centro\/Spiaggia\u201d de Le Ghiaie, ir a la izquierda en direcci\u00f3n \u201cSpiaggia delle Ghiaie\u201d\/Viale Manzoni, tras 400 metros empieza una [&hellip;]<\/p>\n","protected":false},"author":1,"featured_media":0,"parent":0,"menu_order":0,"comment_status":"closed","ping_status":"closed","template":"","meta":{"footnotes":""},"class_list":["post-2396","page","type-page","status-publish","hentry"],"yoast_head":"<!-- This site is optimized with the Yoast SEO plugin v26.6 - https:\/\/yoast.com\/wordpress\/plugins\/seo\/ -->\n<title>C\u00f3mo llegar - Hotel Villa Ombrosa<\/title>\n<meta name=\"robots\" content=\"index, follow, max-snippet:-1, max-image-preview:large, max-video-preview:-1\" \/>\n<link rel=\"canonical\" href=\"https:\/\/www.villaombrosa.it\/es\/como-llegar\/\" \/>\n<meta property=\"og:locale\" content=\"es_ES\" \/>\n<meta property=\"og:type\" content=\"article\" \/>\n<meta property=\"og:title\" content=\"C\u00f3mo llegar - Hotel Villa Ombrosa\" \/>\n<meta property=\"og:description\" content=\"[vc_row css=\u00bb.vc_custom_1521028166896{padding-bottom: 50px !important;}\u00bb][vc_column width=\u00bb1\/2&#8243;][vc_custom_heading text=\u00bbC\u00f3mo llegar\u00bb font_container=\u00bbtag:h1|text_align:center\u00bb use_theme_fonts=\u00bbyes\u00bb][vc_separator el_width=\u00bb50&#8243;][vc_column_text]Seguir la direcci\u00f3n \u201cPortoferraio Centro\u201d tanto si se viene de las afueras de Portoferraio como si se viene del Puerto. &nbsp; A la altura de la bifurcaci\u00f3n \u201cPorto\/Centro\/Spiaggia\u201d de Le Ghiaie, ir a la izquierda en direcci\u00f3n \u201cSpiaggia delle Ghiaie\u201d\/Viale Manzoni, tras 400 metros empieza una [&hellip;]\" \/>\n<meta property=\"og:url\" content=\"https:\/\/www.villaombrosa.it\/es\/como-llegar\/\" \/>\n<meta property=\"og:site_name\" content=\"Hotel Villa Ombrosa\" \/>\n<meta property=\"article:publisher\" content=\"http:\/\/www.facebook.com\/hotelvillaombrosa\" \/>\n<meta property=\"article:modified_time\" content=\"2019-04-29T14:05:37+00:00\" \/>\n<meta name=\"twitter:card\" content=\"summary_large_image\" \/>\n<meta name=\"twitter:label1\" content=\"Tiempo de lectura\" \/>\n\t<meta name=\"twitter:data1\" content=\"2 minutos\" \/>\n<script type=\"application\/ld+json\" class=\"yoast-schema-graph\">{\"@context\":\"https:\/\/schema.org\",\"@graph\":[{\"@type\":\"WebPage\",\"@id\":\"https:\/\/www.villaombrosa.it\/es\/como-llegar\/\",\"url\":\"https:\/\/www.villaombrosa.it\/es\/como-llegar\/\",\"name\":\"C\u00f3mo llegar - Hotel Villa Ombrosa\",\"isPartOf\":{\"@id\":\"https:\/\/www.villaombrosa.it\/#website\"},\"datePublished\":\"2018-02-20T14:41:34+00:00\",\"dateModified\":\"2019-04-29T14:05:37+00:00\",\"breadcrumb\":{\"@id\":\"https:\/\/www.villaombrosa.it\/es\/como-llegar\/#breadcrumb\"},\"inLanguage\":\"es\",\"potentialAction\":[{\"@type\":\"ReadAction\",\"target\":[\"https:\/\/www.villaombrosa.it\/es\/como-llegar\/\"]}]},{\"@type\":\"BreadcrumbList\",\"@id\":\"https:\/\/www.villaombrosa.it\/es\/como-llegar\/#breadcrumb\",\"itemListElement\":[{\"@type\":\"ListItem\",\"position\":1,\"name\":\"Home\",\"item\":\"https:\/\/www.villaombrosa.it\/es\/\"},{\"@type\":\"ListItem\",\"position\":2,\"name\":\"C\u00f3mo llegar\"}]},{\"@type\":\"WebSite\",\"@id\":\"https:\/\/www.villaombrosa.it\/#website\",\"url\":\"https:\/\/www.villaombrosa.it\/\",\"name\":\"Hotel Villa Ombrosa\",\"description\":\"Vacanze all&#039;Isola d&#039;Elba affacciati sullo splendido golfo di Le Ghiaie\",\"publisher\":{\"@id\":\"https:\/\/www.villaombrosa.it\/#organization\"},\"potentialAction\":[{\"@type\":\"SearchAction\",\"target\":{\"@type\":\"EntryPoint\",\"urlTemplate\":\"https:\/\/www.villaombrosa.it\/?s={search_term_string}\"},\"query-input\":{\"@type\":\"PropertyValueSpecification\",\"valueRequired\":true,\"valueName\":\"search_term_string\"}}],\"inLanguage\":\"es\"},{\"@type\":\"Organization\",\"@id\":\"https:\/\/www.villaombrosa.it\/#organization\",\"name\":\"Hotel Villa Ombrosa\",\"url\":\"https:\/\/www.villaombrosa.it\/\",\"logo\":{\"@type\":\"ImageObject\",\"inLanguage\":\"es\",\"@id\":\"https:\/\/www.villaombrosa.it\/#\/schema\/logo\/image\/\",\"url\":\"https:\/\/www.villaombrosa.it\/wp-content\/uploads\/2018\/02\/logo-bianco.png\",\"contentUrl\":\"https:\/\/www.villaombrosa.it\/wp-content\/uploads\/2018\/02\/logo-bianco.png\",\"width\":250,\"height\":100,\"caption\":\"Hotel Villa Ombrosa\"},\"image\":{\"@id\":\"https:\/\/www.villaombrosa.it\/#\/schema\/logo\/image\/\"},\"sameAs\":[\"http:\/\/www.facebook.com\/hotelvillaombrosa\"]}]}<\/script>\n<!-- \/ Yoast SEO plugin. -->","yoast_head_json":{"title":"C\u00f3mo llegar - Hotel Villa Ombrosa","robots":{"index":"index","follow":"follow","max-snippet":"max-snippet:-1","max-image-preview":"max-image-preview:large","max-video-preview":"max-video-preview:-1"},"canonical":"https:\/\/www.villaombrosa.it\/es\/como-llegar\/","og_locale":"es_ES","og_type":"article","og_title":"C\u00f3mo llegar - Hotel Villa Ombrosa","og_description":"[vc_row css=\u00bb.vc_custom_1521028166896{padding-bottom: 50px !important;}\u00bb][vc_column width=\u00bb1\/2&#8243;][vc_custom_heading text=\u00bbC\u00f3mo llegar\u00bb font_container=\u00bbtag:h1|text_align:center\u00bb use_theme_fonts=\u00bbyes\u00bb][vc_separator el_width=\u00bb50&#8243;][vc_column_text]Seguir la direcci\u00f3n \u201cPortoferraio Centro\u201d tanto si se viene de las afueras de Portoferraio como si se viene del Puerto. &nbsp; A la altura de la bifurcaci\u00f3n \u201cPorto\/Centro\/Spiaggia\u201d de Le Ghiaie, ir a la izquierda en direcci\u00f3n \u201cSpiaggia delle Ghiaie\u201d\/Viale Manzoni, tras 400 metros empieza una [&hellip;]","og_url":"https:\/\/www.villaombrosa.it\/es\/como-llegar\/","og_site_name":"Hotel Villa Ombrosa","article_publisher":"http:\/\/www.facebook.com\/hotelvillaombrosa","article_modified_time":"2019-04-29T14:05:37+00:00","twitter_card":"summary_large_image","twitter_misc":{"Tiempo de lectura":"2 minutos"},"schema":{"@context":"https:\/\/schema.org","@graph":[{"@type":"WebPage","@id":"https:\/\/www.villaombrosa.it\/es\/como-llegar\/","url":"https:\/\/www.villaombrosa.it\/es\/como-llegar\/","name":"C\u00f3mo llegar - Hotel Villa Ombrosa","isPartOf":{"@id":"https:\/\/www.villaombrosa.it\/#website"},"datePublished":"2018-02-20T14:41:34+00:00","dateModified":"2019-04-29T14:05:37+00:00","breadcrumb":{"@id":"https:\/\/www.villaombrosa.it\/es\/como-llegar\/#breadcrumb"},"inLanguage":"es","potentialAction":[{"@type":"ReadAction","target":["https:\/\/www.villaombrosa.it\/es\/como-llegar\/"]}]},{"@type":"BreadcrumbList","@id":"https:\/\/www.villaombrosa.it\/es\/como-llegar\/#breadcrumb","itemListElement":[{"@type":"ListItem","position":1,"name":"Home","item":"https:\/\/www.villaombrosa.it\/es\/"},{"@type":"ListItem","position":2,"name":"C\u00f3mo llegar"}]},{"@type":"WebSite","@id":"https:\/\/www.villaombrosa.it\/#website","url":"https:\/\/www.villaombrosa.it\/","name":"Hotel Villa Ombrosa","description":"Vacanze all&#039;Isola d&#039;Elba affacciati sullo splendido golfo di Le Ghiaie","publisher":{"@id":"https:\/\/www.villaombrosa.it\/#organization"},"potentialAction":[{"@type":"SearchAction","target":{"@type":"EntryPoint","urlTemplate":"https:\/\/www.villaombrosa.it\/?s={search_term_string}"},"query-input":{"@type":"PropertyValueSpecification","valueRequired":true,"valueName":"search_term_string"}}],"inLanguage":"es"},{"@type":"Organization","@id":"https:\/\/www.villaombrosa.it\/#organization","name":"Hotel Villa Ombrosa","url":"https:\/\/www.villaombrosa.it\/","logo":{"@type":"ImageObject","inLanguage":"es","@id":"https:\/\/www.villaombrosa.it\/#\/schema\/logo\/image\/","url":"https:\/\/www.villaombrosa.it\/wp-content\/uploads\/2018\/02\/logo-bianco.png","contentUrl":"https:\/\/www.villaombrosa.it\/wp-content\/uploads\/2018\/02\/logo-bianco.png","width":250,"height":100,"caption":"Hotel Villa Ombrosa"},"image":{"@id":"https:\/\/www.villaombrosa.it\/#\/schema\/logo\/image\/"},"sameAs":["http:\/\/www.facebook.com\/hotelvillaombrosa"]}]}},"_links":{"self":[{"href":"https:\/\/www.villaombrosa.it\/es\/wp-json\/wp\/v2\/pages\/2396","targetHints":{"allow":["GET"]}}],"collection":[{"href":"https:\/\/www.villaombrosa.it\/es\/wp-json\/wp\/v2\/pages"}],"about":[{"href":"https:\/\/www.villaombrosa.it\/es\/wp-json\/wp\/v2\/types\/page"}],"author":[{"embeddable":true,"href":"https:\/\/www.villaombrosa.it\/es\/wp-json\/wp\/v2\/users\/1"}],"replies":[{"embeddable":true,"href":"https:\/\/www.villaombrosa.it\/es\/wp-json\/wp\/v2\/comments?post=2396"}],"version-history":[{"count":4,"href":"https:\/\/www.villaombrosa.it\/es\/wp-json\/wp\/v2\/pages\/2396\/revisions"}],"predecessor-version":[{"id":2968,"href":"https:\/\/www.villaombrosa.it\/es\/wp-json\/wp\/v2\/pages\/2396\/revisions\/2968"}],"wp:attachment":[{"href":"https:\/\/www.villaombrosa.it\/es\/wp-json\/wp\/v2\/media?parent=2396"}],"curies":[{"name":"wp","href":"https:\/\/api.w.org\/{rel}","templated":true}]}}