{"id":2373,"date":"2017-06-30T09:47:33","date_gmt":"2017-06-30T09:47:33","guid":{"rendered":"https:\/\/www.villaombrosa.it\/home-1\/"},"modified":"2023-07-26T10:09:03","modified_gmt":"2023-07-26T08:09:03","slug":"home-1","status":"publish","type":"page","link":"https:\/\/www.villaombrosa.it\/es\/","title":{"rendered":"Home"},"content":{"rendered":"<div class=\"wpb-content-wrapper\"><p>[vc_row][vc_column]\n\t\t\t<!-- START Home  ES REVOLUTION SLIDER 6.7.11 --><p class=\"rs-p-wp-fix\"><\/p>\n\t\t\t<rs-module-wrap id=\"rev_slider_6_1_wrapper\" data-source=\"gallery\" style=\"visibility:hidden;background:rgba(255,255,255,0);padding:0;margin:0px auto;margin-top:0;margin-bottom:0;\">\n\t\t\t\t<rs-module id=\"rev_slider_6_1\" style=\"\" data-version=\"6.7.11\">\n\t\t\t\t\t<rs-slides style=\"overflow: hidden; position: absolute;\">\n\t\t\t\t\t\t<rs-slide style=\"position: absolute;\" data-key=\"rs-16\" data-title=\"slide\" data-thumb=\"\/\/www.villaombrosa.it\/wp-content\/uploads\/2018\/03\/DSC_4239-100x50.jpg\" data-duration=\"10000\" data-anim=\"adpr:false;\" data-p1=\"01\">\n\t\t\t\t\t\t\t<img decoding=\"async\" src=\"\/\/www.villaombrosa.it\/wp-content\/plugins\/revslider\/sr6\/assets\/assets\/dummy.png\" alt=\"\" title=\"Home\" class=\"rev-slidebg tp-rs-img rs-lazyload\" data-lazyload=\"\/\/www.villaombrosa.it\/wp-content\/uploads\/2018\/03\/DSC_4239.jpg\" data-bg=\"p:center top;\" data-no-retina>\n<!--\n\t\t\t\t\t\t\t--><rs-layer\n\t\t\t\t\t\t\t\tid=\"slider-6-slide-16-layer-1\" \n\t\t\t\t\t\t\t\tdata-type=\"text\"\n\t\t\t\t\t\t\t\tdata-rsp_ch=\"on\"\n\t\t\t\t\t\t\t\tdata-xy=\"x:c;y:m;\"\n\t\t\t\t\t\t\t\tdata-text=\"s:74,26,23,23;l:80,32,30,28;a:inherit;\"\n\t\t\t\t\t\t\t\tdata-frame_0=\"tp:600;\"\n\t\t\t\t\t\t\t\tdata-frame_1=\"tp:600;sp:500;sR:10;\"\n\t\t\t\t\t\t\t\tdata-frame_999=\"o:0;tp:600;st:9500;sp:500;sR:8990;\"\n\t\t\t\t\t\t\t\tstyle=\"z-index:5;font-family:'Great Vibes';\"\n\t\t\t\t\t\t\t><div class=\"testo-slider\">Se cuenta que los Argonautas, guiados por Jas\u00f3n,<br \/>\ntras haberse apoderado del vellocino de oro,<br \/>\nnavegando por el mar Tirreno llegaron<br \/>\na una isla que se llamaba Aethalia...<\/div> \n\t\t\t\t\t\t\t<\/rs-layer><!--\n-->\t\t\t\t\t<\/rs-slide>\n\t\t\t\t\t\t<rs-slide style=\"position: absolute;\" data-key=\"rs-17\" data-title=\"slide\" data-thumb=\"\/\/www.villaombrosa.it\/wp-content\/uploads\/2018\/03\/DSC_4239-100x50.jpg\" data-duration=\"10000\" data-anim=\"adpr:false;\" data-p1=\"01\">\n\t\t\t\t\t\t\t<img decoding=\"async\" src=\"\/\/www.villaombrosa.it\/wp-content\/plugins\/revslider\/sr6\/assets\/assets\/dummy.png\" alt=\"\" title=\"Home\" class=\"rev-slidebg tp-rs-img rs-lazyload\" data-lazyload=\"\/\/www.villaombrosa.it\/wp-content\/uploads\/2018\/03\/DSC_4239.jpg\" data-bg=\"p:center top;\" data-no-retina>\n<!--\n\t\t\t\t\t\t\t--><rs-layer\n\t\t\t\t\t\t\t\tid=\"slider-6-slide-17-layer-1\" \n\t\t\t\t\t\t\t\tdata-type=\"text\"\n\t\t\t\t\t\t\t\tdata-rsp_ch=\"on\"\n\t\t\t\t\t\t\t\tdata-xy=\"x:c;y:m;\"\n\t\t\t\t\t\t\t\tdata-text=\"s:74,26,23,23;l:80,32,30,28;a:inherit;\"\n\t\t\t\t\t\t\t\tdata-frame_0=\"tp:600;\"\n\t\t\t\t\t\t\t\tdata-frame_1=\"tp:600;sp:500;sR:10;\"\n\t\t\t\t\t\t\t\tdata-frame_999=\"o:0;tp:600;st:9500;sp:500;sR:8990;\"\n\t\t\t\t\t\t\t\tstyle=\"z-index:5;font-family:'Great Vibes';\"\n\t\t\t\t\t\t\t><div class=\"testo-slider\">aqui crearon un puerto magn\u00edfico<br \/>\n(puerto de los argonautas,<br \/>actualmente playa de \"Le Ghiaie\u201d),<br \/>\ny fue precisamente el sudor de los argonautas<br \/>\nlo que dej\u00f3 estas estrias en la gravilla blanca.<\/div> \n\t\t\t\t\t\t\t<\/rs-layer><!--\n-->\t\t\t\t\t<\/rs-slide>\n\t\t\t\t\t<\/rs-slides>\n\t\t\t\t<\/rs-module>\n\t\t\t\t<script>\n\t\t\t\t\tsetREVStartSize({c: 'rev_slider_6_1',rl:[1240,1024,778,480],el:[],gw:[1240,1024,778,480],gh:[786,768,960,720],type:'standard',justify:'',layout:'fullwidth',mh:\"0\"});if (window.RS_MODULES!==undefined && window.RS_MODULES.modules!==undefined && window.RS_MODULES.modules[\"revslider61\"]!==undefined) {window.RS_MODULES.modules[\"revslider61\"].once = false;window.revapi6 = undefined;if (window.RS_MODULES.checkMinimal!==undefined) window.RS_MODULES.checkMinimal()}\n\t\t\t\t<\/script>\n\t\t\t<\/rs-module-wrap>\n\t\t\t<!-- END REVOLUTION SLIDER -->\n[\/vc_column][\/vc_row][vc_row equal_height=\u00bbyes\u00bb content_placement=\u00bbmiddle\u00bb css=\u00bb.vc_custom_1504096290589{padding-top: 45px !important;padding-bottom: 45px !important;}\u00bb][vc_column width=\u00bb1\/2&#8243;][vc_separator color=\u00bbchino\u00bb el_width=\u00bb20&#8243;]<div style=\"background-color:;height: 25px\" class=\"nicdark_section  \"><\/div> <p style=\"color:;padding:px;text-align:center;font-size:14px;line-height:27px;letter-spacing: 2px;font-weight:lighter\" class=\"   nd_options_second_font \">BIENVENIDOS<\/p> <div style=\"background-color:;height: 20px\" class=\"nicdark_section  \"><\/div> <h2 style=\"color:;padding:px;text-align:center;font-size:60px;line-height:80px;letter-spacing: px;font-weight:normal\" class=\"  nd_options_font_size_40_important_all_iphone nd_options_line_height_40_important_all_iphone nd_options_first_font \">Hotel Villa Ombrosa<\/h2>  <p style=\"color:;padding:40px;text-align:center;font-size:px;line-height:px;letter-spacing: px;font-weight:lighter\" class=\"   nd_options_second_font \">La costa norte de la isla de Elba es una sucesi\u00f3n de playas impresionantes, desde la playa de Le Ghiaie hasta Capo Bianco, desde Sansone a Prunini, y a Enfola.<\/p> <div style=\"background-color:;height: 25px\" class=\"nicdark_section  \"><\/div>[vc_separator color=\u00bbchino\u00bb el_width=\u00bb20&#8243;][\/vc_column][vc_column width=\u00bb1\/2&#8243;]<div style=\"background-color:;height: 25px\" class=\"nicdark_section  \"><\/div>[vc_single_image image=\u00bb3071&#8243; img_size=\u00bblarge\u00bb alignment=\u00bbcenter\u00bb onclick=\u00bblink_image\u00bb]<div style=\"background-color:;height: 25px\" class=\"nicdark_section  \"><\/div>[\/vc_column][\/vc_row][vc_row full_width=\u00bbstretch_row_content\u00bb equal_height=\u00bbyes\u00bb content_placement=\u00bbmiddle\u00bb][vc_column parallax=\u00bbcontent-moving\u00bb width=\u00bb1\/2&#8243; css=\u00bb.vc_custom_1690358907323{margin-top: 0px !important;margin-right: 0px !important;margin-bottom: 0px !important;margin-left: 0px !important;padding-top: 0px !important;padding-right: 0px !important;padding-bottom: 0px !important;padding-left: 0px !important;background-position: center !important;background-repeat: no-repeat !important;background-size: cover !important;}\u00bb][vc_media_grid gap=\u00bb0&#8243; grid_id=\u00bbvc_gid:1690358910519-fe7a91ba-af17-6&#8243; include=\u00bb3341,3336,3346,3331,3351,3356&#8243; css=\u00bb.vc_custom_1690358932108{margin-bottom: 0px !important;}\u00bb][\/vc_column][vc_column width=\u00bb1\/2&#8243; css=\u00bb.vc_custom_1690358941218{padding-top: 100px !important;padding-right: 100px !important;padding-bottom: 100px !important;padding-left: 100px !important;background-color: #68a5c2 !important;}\u00bb el_class=\u00bbnd_options_padding_50_first_div_important_all_iphone\u00bb]<div style=\"background-color:;height: 20px\" class=\"nicdark_section  \"><\/div> <h2 style=\"color:#ffffff;padding:px;text-align:;font-size:60px;line-height:60px;letter-spacing: px;font-weight:normal\" class=\"  nd_options_font_size_40_important_all_iphone nd_options_line_height_40_important_all_iphone nd_options_first_font \">Descubra nuestro<\/h2>  <h2 style=\"color:#ffffff;padding:px;text-align:;font-size:60px;line-height:60px;letter-spacing: px;font-weight:normal\" class=\"  nd_options_font_size_40_important_all_iphone nd_options_line_height_40_important_all_iphone nd_options_first_font \">Hotel<\/h2> <div style=\"background-color:;height: 50px\" class=\"nicdark_section  \"><\/div>[vc_row_inner][vc_column_inner] <p style=\"color:#ffffff;padding:px;text-align:;font-size:px;line-height:px;letter-spacing: px;font-weight:lighter\" class=\"   nd_options_second_font \">Situado en una posici\u00f3n panor\u00e1mica y tranquila, Hotel Villa Ombrosa se asoman a las limpid\u00edsimas aguas del golfo formado por las playas de Le Ghiaie y de Padulella, dentro de la zona de tutela biol\u00f3gica marina, donde los fondos hacen alarde de una extraordinaria riqueza de fauna y flora, lugares ideales para los amantes del snorkeling y de las inmersiones submarinas.<\/p> [\/vc_column_inner][\/vc_row_inner]<div style=\"background-color:;height: 50px\" class=\"nicdark_section  \"><\/div>\n\t\n\t<a style=\"border: px solid;border-radius:px;letter-spacing:2px;line-height:11px;font-size:11px;background-color:#444444;padding:15px 35px;margin:;color:#ffffff\" rel=\"\" href=\"\/es\/hotel\/\" class=\"nicdark_display_inline_block nd_options_float_left nd_options_font_weight_bold nd_options_second_font  \">VEDI<\/a>\n\t\n[\/vc_column][\/vc_row][vc_row full_width=\u00bbstretch_row\u00bb css=\u00bb.vc_custom_1519222867606{padding-top: 70px !important;padding-right: 70px !important;padding-bottom: 70px !important;padding-left: 70px !important;background: #f9f9f9 url(https:\/\/www.villaombrosa.it\/wp-content\/uploads\/2018\/02\/background-fitness.jpg?id=1658) !important;background-position: center !important;background-repeat: no-repeat !important;background-size: contain !important;}\u00bb][vc_column el_id=\u00bbsection_slides\u00bb][vc_row_inner equal_height=\u00bbyes\u00bb content_placement=\u00bbmiddle\u00bb css=\u00bb.vc_custom_1501077833910{padding-right: 15px !important;padding-left: 15px !important;}\u00bb][vc_column_inner width=\u00bb1\/4&#8243; css=\u00bb.vc_custom_1519198696104{padding-top: 30px !important;padding-right: 20px !important;padding-bottom: 30px !important;padding-left: 20px !important;}\u00bb][\/vc_column_inner][vc_column_inner width=\u00bb1\/2&#8243; css=\u00bb.vc_custom_1519199736119{background-color: #ffffff !important;}\u00bb] <h6 style=\"color:#78635a;padding:px;text-align:center;font-size:12px;line-height:12px;letter-spacing: 2px;font-weight:lighter\" class=\"   nd_options_second_font \">Relax<\/h6> <div style=\"background-color:;height: 10px\" class=\"nicdark_section  \"><\/div>\n    <div class=\"nd_options_section nd_options_line_height_0  nd_options_text_align_center \">\n        <span style=\"height:1px;width:30px;background-color:#f1f1f1\" class=\"nd_options_display_inline_block\"><\/span>\n    <\/div>\n   <div style=\"background-color:;height: 20px\" class=\"nicdark_section  \"><\/div> <h1 style=\"color:#78635a;padding:px;text-align:center;font-size:35px;line-height:px;letter-spacing: px;font-weight:normal\" class=\"   nd_options_first_font \">Sala Fitness<\/h1>  <p style=\"color:#78635a;padding:50px;text-align:center;font-size:14px;line-height:27px;letter-spacing: 1px;font-weight:lighter\" class=\"  nd_options_padding_20_responsive_important nd_options_second_font \">El hotel Villa Ombrosa pone a disposici\u00f3n de sus hu\u00e9spedes, gratuitamente, una nueva Zona Fitness situada en la planta baja en un ambiente acondicionado.<\/p> \n\t<div class=\"nd_options_section nd_options_text_align_center\">\n\t<a style=\"border: 2px solid #78635a;border-radius:px;letter-spacing:2px;line-height:11px;font-size:11px;background-color:;padding:15px 35px;margin:;color:#78635a\" rel=\"\" href=\"\/es\/sala-fitness\/\" class=\"nicdark_display_inline_block  nd_options_font_weight_bold nd_options_second_font  \">VEDI<\/a>\n\t<\/div>\n<div style=\"background-color:;height: 20px\" class=\"nicdark_section  \"><\/div>[\/vc_column_inner][vc_column_inner width=\u00bb1\/4&#8243;][\/vc_column_inner][\/vc_row_inner][\/vc_column][\/vc_row][vc_row full_width=\u00bbstretch_row\u00bb parallax=\u00bbcontent-moving\u00bb parallax_image=\u00bb1728&#8243; css=\u00bb.vc_custom_1519223338595{padding-top: 115px !important;padding-bottom: 115px !important;background-color: #f2f2f2 !important;}\u00bb][vc_column el_class=\u00bbnd_options_text_align_center\u00bb] <h1 style=\"color:#ffffff;padding:px;text-align:center;font-size:60px;line-height:65px;letter-spacing: px;font-weight:normal\" class=\"   nd_options_first_font \">Hotel Villa Ombrosa<\/h1> <div style=\"background-color:;height: 20px\" class=\"nicdark_section  \"><\/div> <h6 style=\"color:#ffffff;padding:px;text-align:center;font-size:12px;line-height:12px;letter-spacing: 2px;font-weight:lighter\" class=\"   nd_options_second_font \">Portoferraio<\/h6> <div style=\"background-color:;height: 40px\" class=\"nicdark_section  \"><\/div>[\/vc_column][\/vc_row][vc_row css=\u00bb.vc_custom_1519212508849{padding-top: 30px !important;padding-bottom: 30px !important;}\u00bb][vc_column width=\u00bb1\/4&#8243;][\/vc_column][vc_column width=\u00bb1\/4&#8243;] <h4 style=\"color:;padding:px;text-align:center;font-size:px;line-height:px;letter-spacing: px;font-weight:normal\" class=\"   nd_options_first_font \">MAPA INTERACTIVO<\/h4> <div style=\"background-color:;height: 25px\" class=\"nicdark_section  \"><\/div>[vc_single_image image=\u00bb1555&#8243; alignment=\u00bbcenter\u00bb onclick=\u00bbcustom_link\u00bb img_link_target=\u00bb_blank\u00bb css_animation=\u00bbbounceInLeft\u00bb link=\u00bbhttp:\/\/www.siriobluevision.it\/2014\/portoferraio-villaombrosa\/\u00bb][\/vc_column][vc_column width=\u00bb1\/4&#8243;] <h4 style=\"color:;padding:px;text-align:center;font-size:px;line-height:px;letter-spacing: px;font-weight:normal\" class=\"   nd_options_first_font \">MAPA INTERACTIVO SPORT<\/h4> <div style=\"background-color:;height: 25px\" class=\"nicdark_section  \"><\/div>[vc_single_image image=\u00bb1556&#8243; alignment=\u00bbcenter\u00bb onclick=\u00bbcustom_link\u00bb img_link_target=\u00bb_blank\u00bb css_animation=\u00bbbounceInRight\u00bb link=\u00bbhttp:\/\/www.siriobluevision.it\/2011\/portoferraio-villaombrosa\/\u00bb][\/vc_column][vc_column width=\u00bb1\/4&#8243;][\/vc_column][\/vc_row]<\/p>\n<\/div>","protected":false},"excerpt":{"rendered":"<p>[vc_row][vc_column][\/vc_column][\/vc_row][vc_row equal_height=\u00bbyes\u00bb content_placement=\u00bbmiddle\u00bb css=\u00bb.vc_custom_1504096290589{padding-top: 45px !important;padding-bottom: 45px !important;}\u00bb][vc_column width=\u00bb1\/2&#8243;][vc_separator color=\u00bbchino\u00bb el_width=\u00bb20&#8243;][vc_separator color=\u00bbchino\u00bb el_width=\u00bb20&#8243;][\/vc_column][vc_column width=\u00bb1\/2&#8243;][vc_single_image image=\u00bb3071&#8243; img_size=\u00bblarge\u00bb alignment=\u00bbcenter\u00bb onclick=\u00bblink_image\u00bb][\/vc_column][\/vc_row][vc_row full_width=\u00bbstretch_row_content\u00bb equal_height=\u00bbyes\u00bb content_placement=\u00bbmiddle\u00bb][vc_column parallax=\u00bbcontent-moving\u00bb width=\u00bb1\/2&#8243; css=\u00bb.vc_custom_1690358907323{margin-top: 0px !important;margin-right: 0px !important;margin-bottom: 0px !important;margin-left: 0px !important;padding-top: 0px !important;padding-right: 0px !important;padding-bottom: 0px !important;padding-left: 0px !important;background-position: center !important;background-repeat: no-repeat !important;background-size: cover !important;}\u00bb][vc_media_grid gap=\u00bb0&#8243; grid_id=\u00bbvc_gid:1690358910519-fe7a91ba-af17-6&#8243; include=\u00bb3341,3336,3346,3331,3351,3356&#8243; css=\u00bb.vc_custom_1690358932108{margin-bottom: 0px !important;}\u00bb][\/vc_column][vc_column width=\u00bb1\/2&#8243; css=\u00bb.vc_custom_1690358941218{padding-top: 100px [&hellip;]<\/p>\n","protected":false},"author":1,"featured_media":0,"parent":0,"menu_order":0,"comment_status":"closed","ping_status":"closed","template":"","meta":{"footnotes":""},"class_list":["post-2373","page","type-page","status-publish","hentry"],"yoast_head":"<!-- This site is optimized with the Yoast SEO plugin v26.6 - https:\/\/yoast.com\/wordpress\/plugins\/seo\/ -->\n<title>Home - Hotel Villa Ombrosa<\/title>\n<meta name=\"robots\" content=\"index, follow, max-snippet:-1, max-image-preview:large, max-video-preview:-1\" \/>\n<link rel=\"canonical\" href=\"https:\/\/www.villaombrosa.it\/es\/\" \/>\n<meta property=\"og:locale\" content=\"es_ES\" \/>\n<meta property=\"og:type\" content=\"article\" \/>\n<meta property=\"og:title\" content=\"Home - Hotel Villa Ombrosa\" \/>\n<meta property=\"og:description\" content=\"[vc_row][vc_column][\/vc_column][\/vc_row][vc_row equal_height=\u00bbyes\u00bb content_placement=\u00bbmiddle\u00bb css=\u00bb.vc_custom_1504096290589{padding-top: 45px !important;padding-bottom: 45px !important;}\u00bb][vc_column width=\u00bb1\/2&#8243;][vc_separator color=\u00bbchino\u00bb el_width=\u00bb20&#8243;][vc_separator color=\u00bbchino\u00bb el_width=\u00bb20&#8243;][\/vc_column][vc_column width=\u00bb1\/2&#8243;][vc_single_image image=\u00bb3071&#8243; img_size=\u00bblarge\u00bb alignment=\u00bbcenter\u00bb onclick=\u00bblink_image\u00bb][\/vc_column][\/vc_row][vc_row full_width=\u00bbstretch_row_content\u00bb equal_height=\u00bbyes\u00bb content_placement=\u00bbmiddle\u00bb][vc_column parallax=\u00bbcontent-moving\u00bb width=\u00bb1\/2&#8243; css=\u00bb.vc_custom_1690358907323{margin-top: 0px !important;margin-right: 0px !important;margin-bottom: 0px !important;margin-left: 0px !important;padding-top: 0px !important;padding-right: 0px !important;padding-bottom: 0px !important;padding-left: 0px !important;background-position: center !important;background-repeat: no-repeat !important;background-size: cover !important;}\u00bb][vc_media_grid gap=\u00bb0&#8243; grid_id=\u00bbvc_gid:1690358910519-fe7a91ba-af17-6&#8243; include=\u00bb3341,3336,3346,3331,3351,3356&#8243; css=\u00bb.vc_custom_1690358932108{margin-bottom: 0px !important;}\u00bb][\/vc_column][vc_column width=\u00bb1\/2&#8243; css=\u00bb.vc_custom_1690358941218{padding-top: 100px [&hellip;]\" \/>\n<meta property=\"og:url\" content=\"https:\/\/www.villaombrosa.it\/es\/\" \/>\n<meta property=\"og:site_name\" content=\"Hotel Villa Ombrosa\" \/>\n<meta property=\"article:publisher\" content=\"http:\/\/www.facebook.com\/hotelvillaombrosa\" \/>\n<meta property=\"article:modified_time\" content=\"2023-07-26T08:09:03+00:00\" \/>\n<meta name=\"twitter:card\" content=\"summary_large_image\" \/>\n<meta name=\"twitter:label1\" content=\"Tiempo de lectura\" \/>\n\t<meta name=\"twitter:data1\" content=\"3 minutos\" \/>\n<script type=\"application\/ld+json\" class=\"yoast-schema-graph\">{\"@context\":\"https:\/\/schema.org\",\"@graph\":[{\"@type\":\"WebPage\",\"@id\":\"https:\/\/www.villaombrosa.it\/es\/\",\"url\":\"https:\/\/www.villaombrosa.it\/es\/\",\"name\":\"Home - Hotel Villa Ombrosa\",\"isPartOf\":{\"@id\":\"https:\/\/www.villaombrosa.it\/#website\"},\"datePublished\":\"2017-06-30T09:47:33+00:00\",\"dateModified\":\"2023-07-26T08:09:03+00:00\",\"breadcrumb\":{\"@id\":\"https:\/\/www.villaombrosa.it\/es\/#breadcrumb\"},\"inLanguage\":\"es\",\"potentialAction\":[{\"@type\":\"ReadAction\",\"target\":[\"https:\/\/www.villaombrosa.it\/es\/\"]}]},{\"@type\":\"BreadcrumbList\",\"@id\":\"https:\/\/www.villaombrosa.it\/es\/#breadcrumb\",\"itemListElement\":[{\"@type\":\"ListItem\",\"position\":1,\"name\":\"Home\",\"item\":\"https:\/\/www.villaombrosa.it\/es\/\"},{\"@type\":\"ListItem\",\"position\":2,\"name\":\"Home\"}]},{\"@type\":\"WebSite\",\"@id\":\"https:\/\/www.villaombrosa.it\/#website\",\"url\":\"https:\/\/www.villaombrosa.it\/\",\"name\":\"Hotel Villa Ombrosa\",\"description\":\"Vacanze all&#039;Isola d&#039;Elba affacciati sullo splendido golfo di Le Ghiaie\",\"publisher\":{\"@id\":\"https:\/\/www.villaombrosa.it\/#organization\"},\"potentialAction\":[{\"@type\":\"SearchAction\",\"target\":{\"@type\":\"EntryPoint\",\"urlTemplate\":\"https:\/\/www.villaombrosa.it\/?s={search_term_string}\"},\"query-input\":{\"@type\":\"PropertyValueSpecification\",\"valueRequired\":true,\"valueName\":\"search_term_string\"}}],\"inLanguage\":\"es\"},{\"@type\":\"Organization\",\"@id\":\"https:\/\/www.villaombrosa.it\/#organization\",\"name\":\"Hotel Villa Ombrosa\",\"url\":\"https:\/\/www.villaombrosa.it\/\",\"logo\":{\"@type\":\"ImageObject\",\"inLanguage\":\"es\",\"@id\":\"https:\/\/www.villaombrosa.it\/#\/schema\/logo\/image\/\",\"url\":\"https:\/\/www.villaombrosa.it\/wp-content\/uploads\/2018\/02\/logo-bianco.png\",\"contentUrl\":\"https:\/\/www.villaombrosa.it\/wp-content\/uploads\/2018\/02\/logo-bianco.png\",\"width\":250,\"height\":100,\"caption\":\"Hotel Villa Ombrosa\"},\"image\":{\"@id\":\"https:\/\/www.villaombrosa.it\/#\/schema\/logo\/image\/\"},\"sameAs\":[\"http:\/\/www.facebook.com\/hotelvillaombrosa\"]}]}<\/script>\n<!-- \/ Yoast SEO plugin. -->","yoast_head_json":{"title":"Home - Hotel Villa Ombrosa","robots":{"index":"index","follow":"follow","max-snippet":"max-snippet:-1","max-image-preview":"max-image-preview:large","max-video-preview":"max-video-preview:-1"},"canonical":"https:\/\/www.villaombrosa.it\/es\/","og_locale":"es_ES","og_type":"article","og_title":"Home - Hotel Villa Ombrosa","og_description":"[vc_row][vc_column][\/vc_column][\/vc_row][vc_row equal_height=\u00bbyes\u00bb content_placement=\u00bbmiddle\u00bb css=\u00bb.vc_custom_1504096290589{padding-top: 45px !important;padding-bottom: 45px !important;}\u00bb][vc_column width=\u00bb1\/2&#8243;][vc_separator color=\u00bbchino\u00bb el_width=\u00bb20&#8243;][vc_separator color=\u00bbchino\u00bb el_width=\u00bb20&#8243;][\/vc_column][vc_column width=\u00bb1\/2&#8243;][vc_single_image image=\u00bb3071&#8243; img_size=\u00bblarge\u00bb alignment=\u00bbcenter\u00bb onclick=\u00bblink_image\u00bb][\/vc_column][\/vc_row][vc_row full_width=\u00bbstretch_row_content\u00bb equal_height=\u00bbyes\u00bb content_placement=\u00bbmiddle\u00bb][vc_column parallax=\u00bbcontent-moving\u00bb width=\u00bb1\/2&#8243; css=\u00bb.vc_custom_1690358907323{margin-top: 0px !important;margin-right: 0px !important;margin-bottom: 0px !important;margin-left: 0px !important;padding-top: 0px !important;padding-right: 0px !important;padding-bottom: 0px !important;padding-left: 0px !important;background-position: center !important;background-repeat: no-repeat !important;background-size: cover !important;}\u00bb][vc_media_grid gap=\u00bb0&#8243; grid_id=\u00bbvc_gid:1690358910519-fe7a91ba-af17-6&#8243; include=\u00bb3341,3336,3346,3331,3351,3356&#8243; css=\u00bb.vc_custom_1690358932108{margin-bottom: 0px !important;}\u00bb][\/vc_column][vc_column width=\u00bb1\/2&#8243; css=\u00bb.vc_custom_1690358941218{padding-top: 100px [&hellip;]","og_url":"https:\/\/www.villaombrosa.it\/es\/","og_site_name":"Hotel Villa Ombrosa","article_publisher":"http:\/\/www.facebook.com\/hotelvillaombrosa","article_modified_time":"2023-07-26T08:09:03+00:00","twitter_card":"summary_large_image","twitter_misc":{"Tiempo de lectura":"3 minutos"},"schema":{"@context":"https:\/\/schema.org","@graph":[{"@type":"WebPage","@id":"https:\/\/www.villaombrosa.it\/es\/","url":"https:\/\/www.villaombrosa.it\/es\/","name":"Home - Hotel Villa Ombrosa","isPartOf":{"@id":"https:\/\/www.villaombrosa.it\/#website"},"datePublished":"2017-06-30T09:47:33+00:00","dateModified":"2023-07-26T08:09:03+00:00","breadcrumb":{"@id":"https:\/\/www.villaombrosa.it\/es\/#breadcrumb"},"inLanguage":"es","potentialAction":[{"@type":"ReadAction","target":["https:\/\/www.villaombrosa.it\/es\/"]}]},{"@type":"BreadcrumbList","@id":"https:\/\/www.villaombrosa.it\/es\/#breadcrumb","itemListElement":[{"@type":"ListItem","position":1,"name":"Home","item":"https:\/\/www.villaombrosa.it\/es\/"},{"@type":"ListItem","position":2,"name":"Home"}]},{"@type":"WebSite","@id":"https:\/\/www.villaombrosa.it\/#website","url":"https:\/\/www.villaombrosa.it\/","name":"Hotel Villa Ombrosa","description":"Vacanze all&#039;Isola d&#039;Elba affacciati sullo splendido golfo di Le Ghiaie","publisher":{"@id":"https:\/\/www.villaombrosa.it\/#organization"},"potentialAction":[{"@type":"SearchAction","target":{"@type":"EntryPoint","urlTemplate":"https:\/\/www.villaombrosa.it\/?s={search_term_string}"},"query-input":{"@type":"PropertyValueSpecification","valueRequired":true,"valueName":"search_term_string"}}],"inLanguage":"es"},{"@type":"Organization","@id":"https:\/\/www.villaombrosa.it\/#organization","name":"Hotel Villa Ombrosa","url":"https:\/\/www.villaombrosa.it\/","logo":{"@type":"ImageObject","inLanguage":"es","@id":"https:\/\/www.villaombrosa.it\/#\/schema\/logo\/image\/","url":"https:\/\/www.villaombrosa.it\/wp-content\/uploads\/2018\/02\/logo-bianco.png","contentUrl":"https:\/\/www.villaombrosa.it\/wp-content\/uploads\/2018\/02\/logo-bianco.png","width":250,"height":100,"caption":"Hotel Villa Ombrosa"},"image":{"@id":"https:\/\/www.villaombrosa.it\/#\/schema\/logo\/image\/"},"sameAs":["http:\/\/www.facebook.com\/hotelvillaombrosa"]}]}},"_links":{"self":[{"href":"https:\/\/www.villaombrosa.it\/es\/wp-json\/wp\/v2\/pages\/2373","targetHints":{"allow":["GET"]}}],"collection":[{"href":"https:\/\/www.villaombrosa.it\/es\/wp-json\/wp\/v2\/pages"}],"about":[{"href":"https:\/\/www.villaombrosa.it\/es\/wp-json\/wp\/v2\/types\/page"}],"author":[{"embeddable":true,"href":"https:\/\/www.villaombrosa.it\/es\/wp-json\/wp\/v2\/users\/1"}],"replies":[{"embeddable":true,"href":"https:\/\/www.villaombrosa.it\/es\/wp-json\/wp\/v2\/comments?post=2373"}],"version-history":[{"count":5,"href":"https:\/\/www.villaombrosa.it\/es\/wp-json\/wp\/v2\/pages\/2373\/revisions"}],"predecessor-version":[{"id":3375,"href":"https:\/\/www.villaombrosa.it\/es\/wp-json\/wp\/v2\/pages\/2373\/revisions\/3375"}],"wp:attachment":[{"href":"https:\/\/www.villaombrosa.it\/es\/wp-json\/wp\/v2\/media?parent=2373"}],"curies":[{"name":"wp","href":"https:\/\/api.w.org\/{rel}","templated":true}]}}