{"id":2299,"date":"2018-04-16T12:29:01","date_gmt":"2018-04-16T10:29:01","guid":{"rendered":"https:\/\/www.villaombrosa.it\/offerte\/"},"modified":"2025-10-14T08:44:36","modified_gmt":"2025-10-14T06:44:36","slug":"angebote","status":"publish","type":"page","link":"https:\/\/www.villaombrosa.it\/de\/angebote\/","title":{"rendered":"Angebote"},"content":{"rendered":"<div class=\"wpb-content-wrapper\"><p>[vc_row css=&#8220;.vc_custom_1521025652938{padding-bottom: 50px !important;}&#8220;][vc_column width=&#8220;1\/2&#8243;][vc_custom_heading text=&#8220;Angebote und Last Minute&#8220; font_container=&#8220;tag:h1|text_align:center&#8220; use_theme_fonts=&#8220;yes&#8220;]<div style=\"background-color:;height: 30px\" class=\"nicdark_section  \"><\/div>[vc_separator el_width=&#8220;50&#8243;][vc_column_text]<\/p>\n<h2>Angebot Nebensaison<\/h2>\n<p>(g\u00fcltig f\u00fcr Zeitr\u00e4ume wie unter \u201eA\u201c beschrieben)<br \/>\nBei einem Mindestaufenthalt von 4 N\u00e4chten, Anreise Sonntag,<br \/>\nein freier Tag in Bed &amp; Breakfast.[\/vc_column_text][vc_column_text css=&#8220;&#8220;]<\/p>\n<h2>Wochenende in der Nebensaison<\/h2>\n<p>Doppelzimmer (2 Personen) mit Meerblickbalkon in \u00dcbernachtung und Fr\u00fchst\u00fccksbuffet um 105,00 Euro pro Tag.<br \/>\n(Angebot g\u00fcltig im Zeitraum A f\u00fcr Aufenthalte von mindestens zwei N\u00e4chten, ausgenommen Ostern und verl\u00e4ngerte Wochenenden)[\/vc_column_text][\/vc_column][vc_column width=&#8220;1\/2&#8243;][vc_single_image image=&#8220;1574&#8243; img_size=&#8220;large&#8220; alignment=&#8220;center&#8220;][\/vc_column][\/vc_row]<\/p>\n<\/div>","protected":false},"excerpt":{"rendered":"<p>[vc_row css=&#8220;.vc_custom_1521025652938{padding-bottom: 50px !important;}&#8220;][vc_column width=&#8220;1\/2&#8243;][vc_custom_heading text=&#8220;Angebote und Last Minute&#8220; font_container=&#8220;tag:h1|text_align:center&#8220; use_theme_fonts=&#8220;yes&#8220;][vc_separator el_width=&#8220;50&#8243;][vc_column_text] Angebot Nebensaison (g\u00fcltig f\u00fcr Zeitr\u00e4ume wie unter \u201eA\u201c beschrieben) Bei einem Mindestaufenthalt von 4 N\u00e4chten, Anreise Sonntag, ein freier Tag in Bed &amp; Breakfast.[\/vc_column_text][vc_column_text css=&#8220;&#8220;] Wochenende in der Nebensaison Doppelzimmer (2 Personen) mit Meerblickbalkon in \u00dcbernachtung und Fr\u00fchst\u00fccksbuffet um 105,00 Euro pro Tag. [&hellip;]<\/p>\n","protected":false},"author":1,"featured_media":0,"parent":0,"menu_order":0,"comment_status":"closed","ping_status":"closed","template":"","meta":{"footnotes":""},"class_list":["post-2299","page","type-page","status-publish","hentry"],"yoast_head":"<!-- This site is optimized with the Yoast SEO plugin v26.6 - https:\/\/yoast.com\/wordpress\/plugins\/seo\/ -->\n<title>Angebote - Hotel Villa Ombrosa<\/title>\n<meta name=\"robots\" content=\"index, follow, max-snippet:-1, max-image-preview:large, max-video-preview:-1\" \/>\n<link rel=\"canonical\" href=\"https:\/\/www.villaombrosa.it\/de\/angebote\/\" \/>\n<meta property=\"og:locale\" content=\"de_DE\" \/>\n<meta property=\"og:type\" content=\"article\" \/>\n<meta property=\"og:title\" content=\"Angebote - Hotel Villa Ombrosa\" \/>\n<meta property=\"og:description\" content=\"[vc_row css=&#8220;.vc_custom_1521025652938{padding-bottom: 50px !important;}&#8220;][vc_column width=&#8220;1\/2&#8243;][vc_custom_heading text=&#8220;Angebote und Last Minute&#8220; font_container=&#8220;tag:h1|text_align:center&#8220; use_theme_fonts=&#8220;yes&#8220;][vc_separator el_width=&#8220;50&#8243;][vc_column_text] Angebot Nebensaison (g\u00fcltig f\u00fcr Zeitr\u00e4ume wie unter \u201eA\u201c beschrieben) Bei einem Mindestaufenthalt von 4 N\u00e4chten, Anreise Sonntag, ein freier Tag in Bed &amp; Breakfast.[\/vc_column_text][vc_column_text css=&#8220;&#8220;] Wochenende in der Nebensaison Doppelzimmer (2 Personen) mit Meerblickbalkon in \u00dcbernachtung und Fr\u00fchst\u00fccksbuffet um 105,00 Euro pro Tag. [&hellip;]\" \/>\n<meta property=\"og:url\" content=\"https:\/\/www.villaombrosa.it\/de\/angebote\/\" \/>\n<meta property=\"og:site_name\" content=\"Hotel Villa Ombrosa\" \/>\n<meta property=\"article:publisher\" content=\"http:\/\/www.facebook.com\/hotelvillaombrosa\" \/>\n<meta property=\"article:modified_time\" content=\"2025-10-14T06:44:36+00:00\" \/>\n<meta name=\"twitter:card\" content=\"summary_large_image\" \/>\n<meta name=\"twitter:label1\" content=\"Gesch\u00e4tzte Lesezeit\" \/>\n\t<meta name=\"twitter:data1\" content=\"1\u00a0Minute\" \/>\n<script type=\"application\/ld+json\" class=\"yoast-schema-graph\">{\"@context\":\"https:\/\/schema.org\",\"@graph\":[{\"@type\":\"WebPage\",\"@id\":\"https:\/\/www.villaombrosa.it\/de\/angebote\/\",\"url\":\"https:\/\/www.villaombrosa.it\/de\/angebote\/\",\"name\":\"Angebote - Hotel Villa Ombrosa\",\"isPartOf\":{\"@id\":\"https:\/\/www.villaombrosa.it\/#website\"},\"datePublished\":\"2018-04-16T10:29:01+00:00\",\"dateModified\":\"2025-10-14T06:44:36+00:00\",\"breadcrumb\":{\"@id\":\"https:\/\/www.villaombrosa.it\/de\/angebote\/#breadcrumb\"},\"inLanguage\":\"de\",\"potentialAction\":[{\"@type\":\"ReadAction\",\"target\":[\"https:\/\/www.villaombrosa.it\/de\/angebote\/\"]}]},{\"@type\":\"BreadcrumbList\",\"@id\":\"https:\/\/www.villaombrosa.it\/de\/angebote\/#breadcrumb\",\"itemListElement\":[{\"@type\":\"ListItem\",\"position\":1,\"name\":\"Home\",\"item\":\"https:\/\/www.villaombrosa.it\/de\/\"},{\"@type\":\"ListItem\",\"position\":2,\"name\":\"Angebote\"}]},{\"@type\":\"WebSite\",\"@id\":\"https:\/\/www.villaombrosa.it\/#website\",\"url\":\"https:\/\/www.villaombrosa.it\/\",\"name\":\"Hotel Villa Ombrosa\",\"description\":\"Vacanze all&#039;Isola d&#039;Elba affacciati sullo splendido golfo di Le Ghiaie\",\"publisher\":{\"@id\":\"https:\/\/www.villaombrosa.it\/#organization\"},\"potentialAction\":[{\"@type\":\"SearchAction\",\"target\":{\"@type\":\"EntryPoint\",\"urlTemplate\":\"https:\/\/www.villaombrosa.it\/?s={search_term_string}\"},\"query-input\":{\"@type\":\"PropertyValueSpecification\",\"valueRequired\":true,\"valueName\":\"search_term_string\"}}],\"inLanguage\":\"de\"},{\"@type\":\"Organization\",\"@id\":\"https:\/\/www.villaombrosa.it\/#organization\",\"name\":\"Hotel Villa Ombrosa\",\"url\":\"https:\/\/www.villaombrosa.it\/\",\"logo\":{\"@type\":\"ImageObject\",\"inLanguage\":\"de\",\"@id\":\"https:\/\/www.villaombrosa.it\/#\/schema\/logo\/image\/\",\"url\":\"https:\/\/www.villaombrosa.it\/wp-content\/uploads\/2018\/02\/logo-bianco.png\",\"contentUrl\":\"https:\/\/www.villaombrosa.it\/wp-content\/uploads\/2018\/02\/logo-bianco.png\",\"width\":250,\"height\":100,\"caption\":\"Hotel Villa Ombrosa\"},\"image\":{\"@id\":\"https:\/\/www.villaombrosa.it\/#\/schema\/logo\/image\/\"},\"sameAs\":[\"http:\/\/www.facebook.com\/hotelvillaombrosa\"]}]}<\/script>\n<!-- \/ Yoast SEO plugin. -->","yoast_head_json":{"title":"Angebote - Hotel Villa Ombrosa","robots":{"index":"index","follow":"follow","max-snippet":"max-snippet:-1","max-image-preview":"max-image-preview:large","max-video-preview":"max-video-preview:-1"},"canonical":"https:\/\/www.villaombrosa.it\/de\/angebote\/","og_locale":"de_DE","og_type":"article","og_title":"Angebote - Hotel Villa Ombrosa","og_description":"[vc_row css=&#8220;.vc_custom_1521025652938{padding-bottom: 50px !important;}&#8220;][vc_column width=&#8220;1\/2&#8243;][vc_custom_heading text=&#8220;Angebote und Last Minute&#8220; font_container=&#8220;tag:h1|text_align:center&#8220; use_theme_fonts=&#8220;yes&#8220;][vc_separator el_width=&#8220;50&#8243;][vc_column_text] Angebot Nebensaison (g\u00fcltig f\u00fcr Zeitr\u00e4ume wie unter \u201eA\u201c beschrieben) Bei einem Mindestaufenthalt von 4 N\u00e4chten, Anreise Sonntag, ein freier Tag in Bed &amp; Breakfast.[\/vc_column_text][vc_column_text css=&#8220;&#8220;] Wochenende in der Nebensaison Doppelzimmer (2 Personen) mit Meerblickbalkon in \u00dcbernachtung und Fr\u00fchst\u00fccksbuffet um 105,00 Euro pro Tag. [&hellip;]","og_url":"https:\/\/www.villaombrosa.it\/de\/angebote\/","og_site_name":"Hotel Villa Ombrosa","article_publisher":"http:\/\/www.facebook.com\/hotelvillaombrosa","article_modified_time":"2025-10-14T06:44:36+00:00","twitter_card":"summary_large_image","twitter_misc":{"Gesch\u00e4tzte Lesezeit":"1\u00a0Minute"},"schema":{"@context":"https:\/\/schema.org","@graph":[{"@type":"WebPage","@id":"https:\/\/www.villaombrosa.it\/de\/angebote\/","url":"https:\/\/www.villaombrosa.it\/de\/angebote\/","name":"Angebote - Hotel Villa Ombrosa","isPartOf":{"@id":"https:\/\/www.villaombrosa.it\/#website"},"datePublished":"2018-04-16T10:29:01+00:00","dateModified":"2025-10-14T06:44:36+00:00","breadcrumb":{"@id":"https:\/\/www.villaombrosa.it\/de\/angebote\/#breadcrumb"},"inLanguage":"de","potentialAction":[{"@type":"ReadAction","target":["https:\/\/www.villaombrosa.it\/de\/angebote\/"]}]},{"@type":"BreadcrumbList","@id":"https:\/\/www.villaombrosa.it\/de\/angebote\/#breadcrumb","itemListElement":[{"@type":"ListItem","position":1,"name":"Home","item":"https:\/\/www.villaombrosa.it\/de\/"},{"@type":"ListItem","position":2,"name":"Angebote"}]},{"@type":"WebSite","@id":"https:\/\/www.villaombrosa.it\/#website","url":"https:\/\/www.villaombrosa.it\/","name":"Hotel Villa Ombrosa","description":"Vacanze all&#039;Isola d&#039;Elba affacciati sullo splendido golfo di Le Ghiaie","publisher":{"@id":"https:\/\/www.villaombrosa.it\/#organization"},"potentialAction":[{"@type":"SearchAction","target":{"@type":"EntryPoint","urlTemplate":"https:\/\/www.villaombrosa.it\/?s={search_term_string}"},"query-input":{"@type":"PropertyValueSpecification","valueRequired":true,"valueName":"search_term_string"}}],"inLanguage":"de"},{"@type":"Organization","@id":"https:\/\/www.villaombrosa.it\/#organization","name":"Hotel Villa Ombrosa","url":"https:\/\/www.villaombrosa.it\/","logo":{"@type":"ImageObject","inLanguage":"de","@id":"https:\/\/www.villaombrosa.it\/#\/schema\/logo\/image\/","url":"https:\/\/www.villaombrosa.it\/wp-content\/uploads\/2018\/02\/logo-bianco.png","contentUrl":"https:\/\/www.villaombrosa.it\/wp-content\/uploads\/2018\/02\/logo-bianco.png","width":250,"height":100,"caption":"Hotel Villa Ombrosa"},"image":{"@id":"https:\/\/www.villaombrosa.it\/#\/schema\/logo\/image\/"},"sameAs":["http:\/\/www.facebook.com\/hotelvillaombrosa"]}]}},"_links":{"self":[{"href":"https:\/\/www.villaombrosa.it\/de\/wp-json\/wp\/v2\/pages\/2299","targetHints":{"allow":["GET"]}}],"collection":[{"href":"https:\/\/www.villaombrosa.it\/de\/wp-json\/wp\/v2\/pages"}],"about":[{"href":"https:\/\/www.villaombrosa.it\/de\/wp-json\/wp\/v2\/types\/page"}],"author":[{"embeddable":true,"href":"https:\/\/www.villaombrosa.it\/de\/wp-json\/wp\/v2\/users\/1"}],"replies":[{"embeddable":true,"href":"https:\/\/www.villaombrosa.it\/de\/wp-json\/wp\/v2\/comments?post=2299"}],"version-history":[{"count":5,"href":"https:\/\/www.villaombrosa.it\/de\/wp-json\/wp\/v2\/pages\/2299\/revisions"}],"predecessor-version":[{"id":3646,"href":"https:\/\/www.villaombrosa.it\/de\/wp-json\/wp\/v2\/pages\/2299\/revisions\/3646"}],"wp:attachment":[{"href":"https:\/\/www.villaombrosa.it\/de\/wp-json\/wp\/v2\/media?parent=2299"}],"curies":[{"name":"wp","href":"https:\/\/api.w.org\/{rel}","templated":true}]}}