{"id":2293,"date":"2018-02-20T12:53:11","date_gmt":"2018-02-20T11:53:11","guid":{"rendered":"https:\/\/www.villaombrosa.it\/isola-delba\/"},"modified":"2018-05-17T10:27:49","modified_gmt":"2018-05-17T08:27:49","slug":"insel-elba","status":"publish","type":"page","link":"https:\/\/www.villaombrosa.it\/de\/insel-elba\/","title":{"rendered":"Insel Elba"},"content":{"rendered":"<div class=\"wpb-content-wrapper\"><p>[vc_row css=&#8220;.vc_custom_1521025652938{padding-bottom: 50px !important;}&#8220;][vc_column width=&#8220;1\/2&#8243;][vc_custom_heading text=&#8220;Insel Elba&#8220; font_container=&#8220;tag:h1|text_align:center&#8220; use_theme_fonts=&#8220;yes&#8220;]<div style=\"background-color:;height: 30px\" class=\"nicdark_section  \"><\/div>[vc_separator el_width=&#8220;50&#8243;][vc_column_text]Die Legende erz\u00e4hlt, dass die Inseln des Archipels Perlen sind, die aus der Halskette von Aphrodite, der G\u00f6ttin der Sch\u00f6nheit, Liebe und Sexualit\u00e4t, gefallen sind. Die Insel Elba ist die gr\u00f6\u00dfte dieser Inseln. Das toskanische Archipel ist ein kleines Archipel des zentralen Tyrrhenischen Meers und besteht aus 7 Inseln: <strong>Gorgona<\/strong>, <strong>Capraia<\/strong>, <strong>Elba<\/strong>, <strong>Pianosa<\/strong>, <strong>Montecristo<\/strong>, <strong>Giglio<\/strong> und <strong>Giannutri<\/strong>.<\/p>\n<p>&nbsp;<\/p>\n<p>L&#8217;isola d&#8217;Elba \u00e8 collegata da numerose corse giornaliere di traghetti e aliscafi, che in un&#8217;ora di navigazione coprono i circa 10 chilometri di mare che la separano dal continente.[\/vc_column_text][\/vc_column][vc_column width=&#8220;1\/2&#8243;][vc_single_image image=&#8220;2136&#8243; img_size=&#8220;large&#8220; alignment=&#8220;center&#8220;][\/vc_column][\/vc_row][vc_row css=&#8220;.vc_custom_1521025659582{padding-bottom: 50px !important;}&#8220;][vc_column width=&#8220;1\/2&#8243;][vc_single_image image=&#8220;1575&#8243; img_size=&#8220;large&#8220; alignment=&#8220;center&#8220;][\/vc_column][vc_column width=&#8220;1\/2&#8243;][vc_column_text]Nonostante il perimetro delle sue coste misuri appena 147 chilometri, l&#8217;isola offre un clima mite e una moltitudine di paesaggi diversi: romantici borghi di pescatori, paesini arroccati, antichi castelli, verdi vallate e incantevoli golfi si alternano a splendide spiagge di sabbia e ghiaia. Spiagge da sogno, scogliere mozzafiato, verdi colline con profumatissime fioriture, boschi con alberi secolari, paesini silenziosi appoggiati sul mare o arrampicati sui crinali.<\/p>\n<p>&nbsp;<\/p>\n<p>Questo e altro ancora si pu\u00f2 scoprire visitando l&#8217;Isola d&#8217;Elba, attraversando i numerosi sentieri all&#8217;interno del Parco Nazionale con lo zaino in spalla, in sella di un cavallo o di una mountain bike, oppure solcando il mare cristallino a bordo di una canoa o di una barca a vela.<\/p>\n<p>&nbsp;<\/p>\n<p>In pochi minuti dalle ripide scogliere che sprofondano a picco nel mare cristallino, si pu\u00f2 passare sul massiccio granitico del Monte Capanne a 1019 metri di altezza. La presenza di innumerevoli testimonianze storiche e culturali, unite alle straordinarie bellezze naturali, fanno di questa isola un luogo magico e unico al mondo.[\/vc_column_text][\/vc_column][\/vc_row][vc_row][vc_column width=&#8220;1\/2&#8243;][vc_column_text]E&#8216; infatti realisticamente difficile trovare un luogo piccolo come l&#8217;Elba, che possa vantare un patrimonio storico e culturale di uguale ricchezza.<\/p>\n<p>&nbsp;<\/p>\n<p>Una storia che inizia con gli Argonauti, passando dagli Etruschi, Romani e i Medici fino ad arrivare al periodo Napoleonico, dove nonostante il suo breve esilio, l&#8217;imperatore francese lasci\u00f2 sull&#8217;isola un&#8217;impronta indelebile della sua genialit\u00e0.[\/vc_column_text][\/vc_column][vc_column width=&#8220;1\/2&#8243;][vc_single_image image=&#8220;1576&#8243; img_size=&#8220;large&#8220; alignment=&#8220;center&#8220;][\/vc_column][\/vc_row]<\/p>\n<\/div>","protected":false},"excerpt":{"rendered":"<p>[vc_row css=&#8220;.vc_custom_1521025652938{padding-bottom: 50px !important;}&#8220;][vc_column width=&#8220;1\/2&#8243;][vc_custom_heading text=&#8220;Insel Elba&#8220; font_container=&#8220;tag:h1|text_align:center&#8220; use_theme_fonts=&#8220;yes&#8220;][vc_separator el_width=&#8220;50&#8243;][vc_column_text]Die Legende erz\u00e4hlt, dass die Inseln des Archipels Perlen sind, die aus der Halskette von Aphrodite, der G\u00f6ttin der Sch\u00f6nheit, Liebe und Sexualit\u00e4t, gefallen sind. Die Insel Elba ist die gr\u00f6\u00dfte dieser Inseln. Das toskanische Archipel ist ein kleines Archipel des zentralen Tyrrhenischen Meers und besteht [&hellip;]<\/p>\n","protected":false},"author":1,"featured_media":0,"parent":0,"menu_order":0,"comment_status":"closed","ping_status":"closed","template":"","meta":{"footnotes":""},"class_list":["post-2293","page","type-page","status-publish","hentry"],"yoast_head":"<!-- This site is optimized with the Yoast SEO plugin v26.6 - https:\/\/yoast.com\/wordpress\/plugins\/seo\/ -->\n<title>Insel Elba - Hotel Villa Ombrosa<\/title>\n<meta name=\"robots\" content=\"index, follow, max-snippet:-1, max-image-preview:large, max-video-preview:-1\" \/>\n<link rel=\"canonical\" href=\"https:\/\/www.villaombrosa.it\/de\/insel-elba\/\" \/>\n<meta property=\"og:locale\" content=\"de_DE\" \/>\n<meta property=\"og:type\" content=\"article\" \/>\n<meta property=\"og:title\" content=\"Insel Elba - Hotel Villa Ombrosa\" \/>\n<meta property=\"og:description\" content=\"[vc_row css=&#8220;.vc_custom_1521025652938{padding-bottom: 50px !important;}&#8220;][vc_column width=&#8220;1\/2&#8243;][vc_custom_heading text=&#8220;Insel Elba&#8220; font_container=&#8220;tag:h1|text_align:center&#8220; use_theme_fonts=&#8220;yes&#8220;][vc_separator el_width=&#8220;50&#8243;][vc_column_text]Die Legende erz\u00e4hlt, dass die Inseln des Archipels Perlen sind, die aus der Halskette von Aphrodite, der G\u00f6ttin der Sch\u00f6nheit, Liebe und Sexualit\u00e4t, gefallen sind. Die Insel Elba ist die gr\u00f6\u00dfte dieser Inseln. Das toskanische Archipel ist ein kleines Archipel des zentralen Tyrrhenischen Meers und besteht [&hellip;]\" \/>\n<meta property=\"og:url\" content=\"https:\/\/www.villaombrosa.it\/de\/insel-elba\/\" \/>\n<meta property=\"og:site_name\" content=\"Hotel Villa Ombrosa\" \/>\n<meta property=\"article:publisher\" content=\"http:\/\/www.facebook.com\/hotelvillaombrosa\" \/>\n<meta property=\"article:modified_time\" content=\"2018-05-17T08:27:49+00:00\" \/>\n<meta name=\"twitter:card\" content=\"summary_large_image\" \/>\n<meta name=\"twitter:label1\" content=\"Gesch\u00e4tzte Lesezeit\" \/>\n\t<meta name=\"twitter:data1\" content=\"2\u00a0Minuten\" \/>\n<script type=\"application\/ld+json\" class=\"yoast-schema-graph\">{\"@context\":\"https:\/\/schema.org\",\"@graph\":[{\"@type\":\"WebPage\",\"@id\":\"https:\/\/www.villaombrosa.it\/de\/insel-elba\/\",\"url\":\"https:\/\/www.villaombrosa.it\/de\/insel-elba\/\",\"name\":\"Insel Elba - Hotel Villa Ombrosa\",\"isPartOf\":{\"@id\":\"https:\/\/www.villaombrosa.it\/#website\"},\"datePublished\":\"2018-02-20T11:53:11+00:00\",\"dateModified\":\"2018-05-17T08:27:49+00:00\",\"breadcrumb\":{\"@id\":\"https:\/\/www.villaombrosa.it\/de\/insel-elba\/#breadcrumb\"},\"inLanguage\":\"de\",\"potentialAction\":[{\"@type\":\"ReadAction\",\"target\":[\"https:\/\/www.villaombrosa.it\/de\/insel-elba\/\"]}]},{\"@type\":\"BreadcrumbList\",\"@id\":\"https:\/\/www.villaombrosa.it\/de\/insel-elba\/#breadcrumb\",\"itemListElement\":[{\"@type\":\"ListItem\",\"position\":1,\"name\":\"Home\",\"item\":\"https:\/\/www.villaombrosa.it\/de\/\"},{\"@type\":\"ListItem\",\"position\":2,\"name\":\"Insel Elba\"}]},{\"@type\":\"WebSite\",\"@id\":\"https:\/\/www.villaombrosa.it\/#website\",\"url\":\"https:\/\/www.villaombrosa.it\/\",\"name\":\"Hotel Villa Ombrosa\",\"description\":\"Vacanze all&#039;Isola d&#039;Elba affacciati sullo splendido golfo di Le Ghiaie\",\"publisher\":{\"@id\":\"https:\/\/www.villaombrosa.it\/#organization\"},\"potentialAction\":[{\"@type\":\"SearchAction\",\"target\":{\"@type\":\"EntryPoint\",\"urlTemplate\":\"https:\/\/www.villaombrosa.it\/?s={search_term_string}\"},\"query-input\":{\"@type\":\"PropertyValueSpecification\",\"valueRequired\":true,\"valueName\":\"search_term_string\"}}],\"inLanguage\":\"de\"},{\"@type\":\"Organization\",\"@id\":\"https:\/\/www.villaombrosa.it\/#organization\",\"name\":\"Hotel Villa Ombrosa\",\"url\":\"https:\/\/www.villaombrosa.it\/\",\"logo\":{\"@type\":\"ImageObject\",\"inLanguage\":\"de\",\"@id\":\"https:\/\/www.villaombrosa.it\/#\/schema\/logo\/image\/\",\"url\":\"https:\/\/www.villaombrosa.it\/wp-content\/uploads\/2018\/02\/logo-bianco.png\",\"contentUrl\":\"https:\/\/www.villaombrosa.it\/wp-content\/uploads\/2018\/02\/logo-bianco.png\",\"width\":250,\"height\":100,\"caption\":\"Hotel Villa Ombrosa\"},\"image\":{\"@id\":\"https:\/\/www.villaombrosa.it\/#\/schema\/logo\/image\/\"},\"sameAs\":[\"http:\/\/www.facebook.com\/hotelvillaombrosa\"]}]}<\/script>\n<!-- \/ Yoast SEO plugin. -->","yoast_head_json":{"title":"Insel Elba - Hotel Villa Ombrosa","robots":{"index":"index","follow":"follow","max-snippet":"max-snippet:-1","max-image-preview":"max-image-preview:large","max-video-preview":"max-video-preview:-1"},"canonical":"https:\/\/www.villaombrosa.it\/de\/insel-elba\/","og_locale":"de_DE","og_type":"article","og_title":"Insel Elba - Hotel Villa Ombrosa","og_description":"[vc_row css=&#8220;.vc_custom_1521025652938{padding-bottom: 50px !important;}&#8220;][vc_column width=&#8220;1\/2&#8243;][vc_custom_heading text=&#8220;Insel Elba&#8220; font_container=&#8220;tag:h1|text_align:center&#8220; use_theme_fonts=&#8220;yes&#8220;][vc_separator el_width=&#8220;50&#8243;][vc_column_text]Die Legende erz\u00e4hlt, dass die Inseln des Archipels Perlen sind, die aus der Halskette von Aphrodite, der G\u00f6ttin der Sch\u00f6nheit, Liebe und Sexualit\u00e4t, gefallen sind. Die Insel Elba ist die gr\u00f6\u00dfte dieser Inseln. Das toskanische Archipel ist ein kleines Archipel des zentralen Tyrrhenischen Meers und besteht [&hellip;]","og_url":"https:\/\/www.villaombrosa.it\/de\/insel-elba\/","og_site_name":"Hotel Villa Ombrosa","article_publisher":"http:\/\/www.facebook.com\/hotelvillaombrosa","article_modified_time":"2018-05-17T08:27:49+00:00","twitter_card":"summary_large_image","twitter_misc":{"Gesch\u00e4tzte Lesezeit":"2\u00a0Minuten"},"schema":{"@context":"https:\/\/schema.org","@graph":[{"@type":"WebPage","@id":"https:\/\/www.villaombrosa.it\/de\/insel-elba\/","url":"https:\/\/www.villaombrosa.it\/de\/insel-elba\/","name":"Insel Elba - Hotel Villa Ombrosa","isPartOf":{"@id":"https:\/\/www.villaombrosa.it\/#website"},"datePublished":"2018-02-20T11:53:11+00:00","dateModified":"2018-05-17T08:27:49+00:00","breadcrumb":{"@id":"https:\/\/www.villaombrosa.it\/de\/insel-elba\/#breadcrumb"},"inLanguage":"de","potentialAction":[{"@type":"ReadAction","target":["https:\/\/www.villaombrosa.it\/de\/insel-elba\/"]}]},{"@type":"BreadcrumbList","@id":"https:\/\/www.villaombrosa.it\/de\/insel-elba\/#breadcrumb","itemListElement":[{"@type":"ListItem","position":1,"name":"Home","item":"https:\/\/www.villaombrosa.it\/de\/"},{"@type":"ListItem","position":2,"name":"Insel Elba"}]},{"@type":"WebSite","@id":"https:\/\/www.villaombrosa.it\/#website","url":"https:\/\/www.villaombrosa.it\/","name":"Hotel Villa Ombrosa","description":"Vacanze all&#039;Isola d&#039;Elba affacciati sullo splendido golfo di Le Ghiaie","publisher":{"@id":"https:\/\/www.villaombrosa.it\/#organization"},"potentialAction":[{"@type":"SearchAction","target":{"@type":"EntryPoint","urlTemplate":"https:\/\/www.villaombrosa.it\/?s={search_term_string}"},"query-input":{"@type":"PropertyValueSpecification","valueRequired":true,"valueName":"search_term_string"}}],"inLanguage":"de"},{"@type":"Organization","@id":"https:\/\/www.villaombrosa.it\/#organization","name":"Hotel Villa Ombrosa","url":"https:\/\/www.villaombrosa.it\/","logo":{"@type":"ImageObject","inLanguage":"de","@id":"https:\/\/www.villaombrosa.it\/#\/schema\/logo\/image\/","url":"https:\/\/www.villaombrosa.it\/wp-content\/uploads\/2018\/02\/logo-bianco.png","contentUrl":"https:\/\/www.villaombrosa.it\/wp-content\/uploads\/2018\/02\/logo-bianco.png","width":250,"height":100,"caption":"Hotel Villa Ombrosa"},"image":{"@id":"https:\/\/www.villaombrosa.it\/#\/schema\/logo\/image\/"},"sameAs":["http:\/\/www.facebook.com\/hotelvillaombrosa"]}]}},"_links":{"self":[{"href":"https:\/\/www.villaombrosa.it\/de\/wp-json\/wp\/v2\/pages\/2293","targetHints":{"allow":["GET"]}}],"collection":[{"href":"https:\/\/www.villaombrosa.it\/de\/wp-json\/wp\/v2\/pages"}],"about":[{"href":"https:\/\/www.villaombrosa.it\/de\/wp-json\/wp\/v2\/types\/page"}],"author":[{"embeddable":true,"href":"https:\/\/www.villaombrosa.it\/de\/wp-json\/wp\/v2\/users\/1"}],"replies":[{"embeddable":true,"href":"https:\/\/www.villaombrosa.it\/de\/wp-json\/wp\/v2\/comments?post=2293"}],"version-history":[{"count":2,"href":"https:\/\/www.villaombrosa.it\/de\/wp-json\/wp\/v2\/pages\/2293\/revisions"}],"predecessor-version":[{"id":2295,"href":"https:\/\/www.villaombrosa.it\/de\/wp-json\/wp\/v2\/pages\/2293\/revisions\/2295"}],"wp:attachment":[{"href":"https:\/\/www.villaombrosa.it\/de\/wp-json\/wp\/v2\/media?parent=2293"}],"curies":[{"name":"wp","href":"https:\/\/api.w.org\/{rel}","templated":true}]}}