{"id":2282,"date":"2018-04-13T15:05:23","date_gmt":"2018-04-13T13:05:23","guid":{"rendered":"https:\/\/www.villaombrosa.it\/ristorante\/"},"modified":"2020-11-10T12:30:18","modified_gmt":"2020-11-10T11:30:18","slug":"restaurant","status":"publish","type":"page","link":"https:\/\/www.villaombrosa.it\/de\/restaurant\/","title":{"rendered":"Restaurant"},"content":{"rendered":"<div class=\"wpb-content-wrapper\"><p>[vc_row css=&#8220;.vc_custom_1521100979801{padding-bottom: 50px !important;}&#8220;][vc_column width=&#8220;1\/2&#8243; css=&#8220;.vc_custom_1492678451406{padding-right: 0px !important;padding-left: 0px !important;}&#8220;][vc_custom_heading text=&#8220;Das Restaurant&#8220; font_container=&#8220;tag:h1|text_align:center&#8220; use_theme_fonts=&#8220;yes&#8220;]<div style=\"background-color:;height: 30px\" class=\"nicdark_section  \"><\/div>[vc_separator el_width=&#8220;50&#8243;][vc_column_text]Das Restaurant ist f\u00fcr Fr\u00fchst\u00fcck, Mittags- und Abendessen ge\u00f6ffnet, mit Ausnahme im August, wenn es zu Mittag geschlossen ist.<\/p>\n<p>&nbsp;<\/p>\n<p>Unter der Leitung von den Chefk\u00fcchen Luigi und Gabriele, die sehr aufmerksam auf die Bed\u00fcrfnisse unserer Kunde sind, ist es f\u00fcr die K\u00fcche mit typischen und nationalen Gerichten bekannt und die reichen Men\u00fcs bieten t\u00e4glich schmackhaften Fisch- und Fleischgerichten.<\/p>\n<p>&nbsp;<\/p>\n<p>Die Gerichte werden im Saal und auf Au\u00dfenterrasse mit Panoramablick auf den wundersch\u00f6nen Strand &#8222;Le Ghiaie&#8220; serviert.[\/vc_column_text][\/vc_column][vc_column width=&#8220;1\/2&#8243;][vc_media_grid grid_id=&#8220;vc_gid:1605007805657-048c86c1-6a9e-7&#8243; include=&#8220;1985,1986,1987,1988,1990,1991,1992,1993,1995&#8243;][\/vc_column][\/vc_row]<\/p>\n<\/div>","protected":false},"excerpt":{"rendered":"<p>[vc_row css=&#8220;.vc_custom_1521100979801{padding-bottom: 50px !important;}&#8220;][vc_column width=&#8220;1\/2&#8243; css=&#8220;.vc_custom_1492678451406{padding-right: 0px !important;padding-left: 0px !important;}&#8220;][vc_custom_heading text=&#8220;Das Restaurant&#8220; font_container=&#8220;tag:h1|text_align:center&#8220; use_theme_fonts=&#8220;yes&#8220;][vc_separator el_width=&#8220;50&#8243;][vc_column_text]Das Restaurant ist f\u00fcr Fr\u00fchst\u00fcck, Mittags- und Abendessen ge\u00f6ffnet, mit Ausnahme im August, wenn es zu Mittag geschlossen ist. &nbsp; Unter der Leitung von den Chefk\u00fcchen Luigi und Gabriele, die sehr aufmerksam auf die Bed\u00fcrfnisse unserer Kunde sind, ist es f\u00fcr [&hellip;]<\/p>\n","protected":false},"author":1,"featured_media":0,"parent":0,"menu_order":0,"comment_status":"closed","ping_status":"closed","template":"","meta":{"footnotes":""},"class_list":["post-2282","page","type-page","status-publish","hentry"],"yoast_head":"<!-- This site is optimized with the Yoast SEO plugin v26.6 - https:\/\/yoast.com\/wordpress\/plugins\/seo\/ -->\n<title>Restaurant - Hotel Villa Ombrosa<\/title>\n<meta name=\"robots\" content=\"index, follow, max-snippet:-1, max-image-preview:large, max-video-preview:-1\" \/>\n<link rel=\"canonical\" href=\"https:\/\/www.villaombrosa.it\/de\/restaurant\/\" \/>\n<meta property=\"og:locale\" content=\"de_DE\" \/>\n<meta property=\"og:type\" content=\"article\" \/>\n<meta property=\"og:title\" content=\"Restaurant - Hotel Villa Ombrosa\" \/>\n<meta property=\"og:description\" content=\"[vc_row css=&#8220;.vc_custom_1521100979801{padding-bottom: 50px !important;}&#8220;][vc_column width=&#8220;1\/2&#8243; css=&#8220;.vc_custom_1492678451406{padding-right: 0px !important;padding-left: 0px !important;}&#8220;][vc_custom_heading text=&#8220;Das Restaurant&#8220; font_container=&#8220;tag:h1|text_align:center&#8220; use_theme_fonts=&#8220;yes&#8220;][vc_separator el_width=&#8220;50&#8243;][vc_column_text]Das Restaurant ist f\u00fcr Fr\u00fchst\u00fcck, Mittags- und Abendessen ge\u00f6ffnet, mit Ausnahme im August, wenn es zu Mittag geschlossen ist. &nbsp; Unter der Leitung von den Chefk\u00fcchen Luigi und Gabriele, die sehr aufmerksam auf die Bed\u00fcrfnisse unserer Kunde sind, ist es f\u00fcr [&hellip;]\" \/>\n<meta property=\"og:url\" content=\"https:\/\/www.villaombrosa.it\/de\/restaurant\/\" \/>\n<meta property=\"og:site_name\" content=\"Hotel Villa Ombrosa\" \/>\n<meta property=\"article:publisher\" content=\"http:\/\/www.facebook.com\/hotelvillaombrosa\" \/>\n<meta property=\"article:modified_time\" content=\"2020-11-10T11:30:18+00:00\" \/>\n<meta name=\"twitter:card\" content=\"summary_large_image\" \/>\n<meta name=\"twitter:label1\" content=\"Gesch\u00e4tzte Lesezeit\" \/>\n\t<meta name=\"twitter:data1\" content=\"1\u00a0Minute\" \/>\n<script type=\"application\/ld+json\" class=\"yoast-schema-graph\">{\"@context\":\"https:\/\/schema.org\",\"@graph\":[{\"@type\":\"WebPage\",\"@id\":\"https:\/\/www.villaombrosa.it\/de\/restaurant\/\",\"url\":\"https:\/\/www.villaombrosa.it\/de\/restaurant\/\",\"name\":\"Restaurant - Hotel Villa Ombrosa\",\"isPartOf\":{\"@id\":\"https:\/\/www.villaombrosa.it\/#website\"},\"datePublished\":\"2018-04-13T13:05:23+00:00\",\"dateModified\":\"2020-11-10T11:30:18+00:00\",\"breadcrumb\":{\"@id\":\"https:\/\/www.villaombrosa.it\/de\/restaurant\/#breadcrumb\"},\"inLanguage\":\"de\",\"potentialAction\":[{\"@type\":\"ReadAction\",\"target\":[\"https:\/\/www.villaombrosa.it\/de\/restaurant\/\"]}]},{\"@type\":\"BreadcrumbList\",\"@id\":\"https:\/\/www.villaombrosa.it\/de\/restaurant\/#breadcrumb\",\"itemListElement\":[{\"@type\":\"ListItem\",\"position\":1,\"name\":\"Home\",\"item\":\"https:\/\/www.villaombrosa.it\/de\/\"},{\"@type\":\"ListItem\",\"position\":2,\"name\":\"Restaurant\"}]},{\"@type\":\"WebSite\",\"@id\":\"https:\/\/www.villaombrosa.it\/#website\",\"url\":\"https:\/\/www.villaombrosa.it\/\",\"name\":\"Hotel Villa Ombrosa\",\"description\":\"Vacanze all&#039;Isola d&#039;Elba affacciati sullo splendido golfo di Le Ghiaie\",\"publisher\":{\"@id\":\"https:\/\/www.villaombrosa.it\/#organization\"},\"potentialAction\":[{\"@type\":\"SearchAction\",\"target\":{\"@type\":\"EntryPoint\",\"urlTemplate\":\"https:\/\/www.villaombrosa.it\/?s={search_term_string}\"},\"query-input\":{\"@type\":\"PropertyValueSpecification\",\"valueRequired\":true,\"valueName\":\"search_term_string\"}}],\"inLanguage\":\"de\"},{\"@type\":\"Organization\",\"@id\":\"https:\/\/www.villaombrosa.it\/#organization\",\"name\":\"Hotel Villa Ombrosa\",\"url\":\"https:\/\/www.villaombrosa.it\/\",\"logo\":{\"@type\":\"ImageObject\",\"inLanguage\":\"de\",\"@id\":\"https:\/\/www.villaombrosa.it\/#\/schema\/logo\/image\/\",\"url\":\"https:\/\/www.villaombrosa.it\/wp-content\/uploads\/2018\/02\/logo-bianco.png\",\"contentUrl\":\"https:\/\/www.villaombrosa.it\/wp-content\/uploads\/2018\/02\/logo-bianco.png\",\"width\":250,\"height\":100,\"caption\":\"Hotel Villa Ombrosa\"},\"image\":{\"@id\":\"https:\/\/www.villaombrosa.it\/#\/schema\/logo\/image\/\"},\"sameAs\":[\"http:\/\/www.facebook.com\/hotelvillaombrosa\"]}]}<\/script>\n<!-- \/ Yoast SEO plugin. -->","yoast_head_json":{"title":"Restaurant - Hotel Villa Ombrosa","robots":{"index":"index","follow":"follow","max-snippet":"max-snippet:-1","max-image-preview":"max-image-preview:large","max-video-preview":"max-video-preview:-1"},"canonical":"https:\/\/www.villaombrosa.it\/de\/restaurant\/","og_locale":"de_DE","og_type":"article","og_title":"Restaurant - Hotel Villa Ombrosa","og_description":"[vc_row css=&#8220;.vc_custom_1521100979801{padding-bottom: 50px !important;}&#8220;][vc_column width=&#8220;1\/2&#8243; css=&#8220;.vc_custom_1492678451406{padding-right: 0px !important;padding-left: 0px !important;}&#8220;][vc_custom_heading text=&#8220;Das Restaurant&#8220; font_container=&#8220;tag:h1|text_align:center&#8220; use_theme_fonts=&#8220;yes&#8220;][vc_separator el_width=&#8220;50&#8243;][vc_column_text]Das Restaurant ist f\u00fcr Fr\u00fchst\u00fcck, Mittags- und Abendessen ge\u00f6ffnet, mit Ausnahme im August, wenn es zu Mittag geschlossen ist. &nbsp; Unter der Leitung von den Chefk\u00fcchen Luigi und Gabriele, die sehr aufmerksam auf die Bed\u00fcrfnisse unserer Kunde sind, ist es f\u00fcr [&hellip;]","og_url":"https:\/\/www.villaombrosa.it\/de\/restaurant\/","og_site_name":"Hotel Villa Ombrosa","article_publisher":"http:\/\/www.facebook.com\/hotelvillaombrosa","article_modified_time":"2020-11-10T11:30:18+00:00","twitter_card":"summary_large_image","twitter_misc":{"Gesch\u00e4tzte Lesezeit":"1\u00a0Minute"},"schema":{"@context":"https:\/\/schema.org","@graph":[{"@type":"WebPage","@id":"https:\/\/www.villaombrosa.it\/de\/restaurant\/","url":"https:\/\/www.villaombrosa.it\/de\/restaurant\/","name":"Restaurant - Hotel Villa Ombrosa","isPartOf":{"@id":"https:\/\/www.villaombrosa.it\/#website"},"datePublished":"2018-04-13T13:05:23+00:00","dateModified":"2020-11-10T11:30:18+00:00","breadcrumb":{"@id":"https:\/\/www.villaombrosa.it\/de\/restaurant\/#breadcrumb"},"inLanguage":"de","potentialAction":[{"@type":"ReadAction","target":["https:\/\/www.villaombrosa.it\/de\/restaurant\/"]}]},{"@type":"BreadcrumbList","@id":"https:\/\/www.villaombrosa.it\/de\/restaurant\/#breadcrumb","itemListElement":[{"@type":"ListItem","position":1,"name":"Home","item":"https:\/\/www.villaombrosa.it\/de\/"},{"@type":"ListItem","position":2,"name":"Restaurant"}]},{"@type":"WebSite","@id":"https:\/\/www.villaombrosa.it\/#website","url":"https:\/\/www.villaombrosa.it\/","name":"Hotel Villa Ombrosa","description":"Vacanze all&#039;Isola d&#039;Elba affacciati sullo splendido golfo di Le Ghiaie","publisher":{"@id":"https:\/\/www.villaombrosa.it\/#organization"},"potentialAction":[{"@type":"SearchAction","target":{"@type":"EntryPoint","urlTemplate":"https:\/\/www.villaombrosa.it\/?s={search_term_string}"},"query-input":{"@type":"PropertyValueSpecification","valueRequired":true,"valueName":"search_term_string"}}],"inLanguage":"de"},{"@type":"Organization","@id":"https:\/\/www.villaombrosa.it\/#organization","name":"Hotel Villa Ombrosa","url":"https:\/\/www.villaombrosa.it\/","logo":{"@type":"ImageObject","inLanguage":"de","@id":"https:\/\/www.villaombrosa.it\/#\/schema\/logo\/image\/","url":"https:\/\/www.villaombrosa.it\/wp-content\/uploads\/2018\/02\/logo-bianco.png","contentUrl":"https:\/\/www.villaombrosa.it\/wp-content\/uploads\/2018\/02\/logo-bianco.png","width":250,"height":100,"caption":"Hotel Villa Ombrosa"},"image":{"@id":"https:\/\/www.villaombrosa.it\/#\/schema\/logo\/image\/"},"sameAs":["http:\/\/www.facebook.com\/hotelvillaombrosa"]}]}},"_links":{"self":[{"href":"https:\/\/www.villaombrosa.it\/de\/wp-json\/wp\/v2\/pages\/2282","targetHints":{"allow":["GET"]}}],"collection":[{"href":"https:\/\/www.villaombrosa.it\/de\/wp-json\/wp\/v2\/pages"}],"about":[{"href":"https:\/\/www.villaombrosa.it\/de\/wp-json\/wp\/v2\/types\/page"}],"author":[{"embeddable":true,"href":"https:\/\/www.villaombrosa.it\/de\/wp-json\/wp\/v2\/users\/1"}],"replies":[{"embeddable":true,"href":"https:\/\/www.villaombrosa.it\/de\/wp-json\/wp\/v2\/comments?post=2282"}],"version-history":[{"count":3,"href":"https:\/\/www.villaombrosa.it\/de\/wp-json\/wp\/v2\/pages\/2282\/revisions"}],"predecessor-version":[{"id":3057,"href":"https:\/\/www.villaombrosa.it\/de\/wp-json\/wp\/v2\/pages\/2282\/revisions\/3057"}],"wp:attachment":[{"href":"https:\/\/www.villaombrosa.it\/de\/wp-json\/wp\/v2\/media?parent=2282"}],"curies":[{"name":"wp","href":"https:\/\/api.w.org\/{rel}","templated":true}]}}